{"id":14266,"date":"2022-11-08T10:12:04","date_gmt":"2022-11-08T09:12:04","guid":{"rendered":"https:\/\/biosaltpearls.com\/producto\/organik-sizma-deniz-tuzu-kalin-torba-650g-2-adet-sal-gourmet-bio-%100-dogal-rafine-edilmemis-katki-maddesi-icermez\/"},"modified":"2022-11-08T10:12:04","modified_gmt":"2022-11-08T09:12:04","slug":"organik-sirjin-marine-tuz-gruesa-bag-650g-2-uds-gourmet-tuz-bio-100-dogal-refining-no-katki-maddesi-yok","status":"publish","type":"product","link":"https:\/\/biosaltpearls.com\/tr\/producto\/organik-sirjin-marine-tuz-gruesa-bag-650g-2-uds-gourmet-tuz-bio-100-dogal-refining-no-katki-maddesi-yok\/","title":{"rendered":"Organik S\u0131zma Deniz Tuzu &#8211; Kal\u0131n Torba 650g (2 adet). Sal Gourmet Bio %100 Do\u011fal. Rafine edilmemi\u015f. Katk\u0131 maddesi i\u00e7ermez."},"content":{"rendered":"","protected":false},"excerpt":{"rendered":"<p><strong>2&#8217;li Paket 650g &#8211; Kal\u0131n.<\/strong><\/p>\n<p><strong>\u00dcst\u00fcn<\/strong> kaliteli <strong>organik i\u015flenmemi\u015f deniz tuzu<\/strong><\/p>\n<p>70 temel <b>mineral ve eser elementten olu\u015fur.<\/b><\/p>\n<p><b>Do\u011fal kristalle\u015fme<\/b> ve \u0131slanma %2&#8217;den az.<\/p>\n<p><strong>Rafine edilmemi\u015f<\/strong>, katk\u0131 maddesi ve topaklanmay\u0131 \u00f6nleyici madde i\u00e7ermez.<\/p>\n<p><strong>Sertifikal\u0131 organik<\/strong><\/p>\n<p>BPA i\u00e7ermez ve %100 geri d\u00f6n\u00fc\u015ft\u00fcr\u00fclebilir<\/p>\n<p>Cadiz K\u00f6rfezi Do\u011fal Park\u0131&#8217;ndan el yap\u0131m\u0131 \u00fcr\u00fcn.<\/p>\n","protected":false},"featured_media":13631,"comment_status":"open","ping_status":"closed","template":"","meta":[],"product_brand":[],"product_cat":[161],"product_tag":[162,221],"class_list":{"0":"post-14266","1":"product","2":"type-product","3":"status-publish","4":"has-post-thumbnail","6":"product_cat-biosalt-nortem-pearls-tr","7":"product_tag-biosalt-incileri","8":"product_tag-tasarruf-paketleri-biosalt-pearls","10":"first","11":"instock","12":"taxable","13":"shipping-taxable","14":"purchasable","15":"product-type-simple"},"yoast_head":"<!-- This site is optimized with the Yoast SEO plugin v27.4 - https:\/\/yoast.com\/product\/yoast-seo-wordpress\/ -->\n<title>Organik S\u0131zma Deniz Tuzu - Kal\u0131n Torba 650g (2 adet). Sal Gourmet Bio %100 Do\u011fal. Rafine edilmemi\u015f. Katk\u0131 maddesi i\u00e7ermez. - BioSalt Nortem Pearls<\/title>\n<meta name=\"robots\" content=\"index, follow, max-snippet:-1, max-image-preview:large, max-video-preview:-1\" \/>\n<link rel=\"canonical\" href=\"https:\/\/biosaltpearls.com\/tr\/producto\/organik-sirjin-marine-tuz-gruesa-bag-650g-2-uds-gourmet-tuz-bio-100-dogal-refining-no-katki-maddesi-yok\/\" \/>\n<meta property=\"og:locale\" content=\"tr_TR\" \/>\n<meta property=\"og:type\" content=\"article\" \/>\n<meta property=\"og:title\" content=\"Organik S\u0131zma Deniz Tuzu - Kal\u0131n Torba 650g (2 adet). Sal Gourmet Bio %100 Do\u011fal. Rafine edilmemi\u015f. Katk\u0131 maddesi i\u00e7ermez. - BioSalt Nortem Pearls\" \/>\n<meta property=\"og:description\" content=\"2&#039;li Paket 650g - Kal\u0131n. \u00dcst\u00fcn kaliteli organik i\u015flenmemi\u015f deniz tuzu 70 temel mineral ve eser elementten olu\u015fur. Do\u011fal kristalle\u015fme ve \u0131slanma %2&#039;den az. Rafine edilmemi\u015f, katk\u0131 maddesi ve topaklanmay\u0131 \u00f6nleyici madde i\u00e7ermez. Sertifikal\u0131 organik BPA i\u00e7ermez ve %100 geri d\u00f6n\u00fc\u015ft\u00fcr\u00fclebilir Cadiz K\u00f6rfezi Do\u011fal Park\u0131&#039;ndan el yap\u0131m\u0131 \u00fcr\u00fcn.\" \/>\n<meta property=\"og:url\" content=\"https:\/\/biosaltpearls.com\/tr\/producto\/organik-sirjin-marine-tuz-gruesa-bag-650g-2-uds-gourmet-tuz-bio-100-dogal-refining-no-katki-maddesi-yok\/\" \/>\n<meta property=\"og:site_name\" content=\"BioSalt Nortem Pearls\" \/>\n<meta property=\"og:image\" content=\"https:\/\/biosaltpearls.com\/wp-content\/uploads\/2022\/11\/Bolsas-Biosalt-Pack-X2-gruesa.jpg\" \/>\n\t<meta property=\"og:image:width\" content=\"1000\" \/>\n\t<meta property=\"og:image:height\" content=\"1000\" \/>\n\t<meta property=\"og:image:type\" content=\"image\/jpeg\" \/>\n<meta name=\"twitter:card\" content=\"summary_large_image\" \/>\n<script type=\"application\/ld+json\" class=\"yoast-schema-graph\">{\"@context\":\"https:\\\/\\\/schema.org\",\"@graph\":[{\"@type\":\"WebPage\",\"@id\":\"https:\\\/\\\/biosaltpearls.com\\\/tr\\\/producto\\\/organik-sirjin-marine-tuz-gruesa-bag-650g-2-uds-gourmet-tuz-bio-100-dogal-refining-no-katki-maddesi-yok\\\/\",\"url\":\"https:\\\/\\\/biosaltpearls.com\\\/tr\\\/producto\\\/organik-sirjin-marine-tuz-gruesa-bag-650g-2-uds-gourmet-tuz-bio-100-dogal-refining-no-katki-maddesi-yok\\\/\",\"name\":\"Organik S\u0131zma Deniz Tuzu - Kal\u0131n Torba 650g (2 adet). Sal Gourmet Bio %100 Do\u011fal. Rafine edilmemi\u015f. Katk\u0131 maddesi i\u00e7ermez. - BioSalt Nortem Pearls\",\"isPartOf\":{\"@id\":\"https:\\\/\\\/biosaltpearls.com\\\/tr\\\/#website\"},\"primaryImageOfPage\":{\"@id\":\"https:\\\/\\\/biosaltpearls.com\\\/tr\\\/producto\\\/organik-sirjin-marine-tuz-gruesa-bag-650g-2-uds-gourmet-tuz-bio-100-dogal-refining-no-katki-maddesi-yok\\\/#primaryimage\"},\"image\":{\"@id\":\"https:\\\/\\\/biosaltpearls.com\\\/tr\\\/producto\\\/organik-sirjin-marine-tuz-gruesa-bag-650g-2-uds-gourmet-tuz-bio-100-dogal-refining-no-katki-maddesi-yok\\\/#primaryimage\"},\"thumbnailUrl\":\"https:\\\/\\\/biosaltpearls.com\\\/wp-content\\\/uploads\\\/2022\\\/11\\\/Bolsas-Biosalt-Pack-X2-gruesa.jpg\",\"datePublished\":\"2022-11-08T09:12:04+00:00\",\"breadcrumb\":{\"@id\":\"https:\\\/\\\/biosaltpearls.com\\\/tr\\\/producto\\\/organik-sirjin-marine-tuz-gruesa-bag-650g-2-uds-gourmet-tuz-bio-100-dogal-refining-no-katki-maddesi-yok\\\/#breadcrumb\"},\"inLanguage\":\"tr\",\"potentialAction\":[{\"@type\":\"ReadAction\",\"target\":[\"https:\\\/\\\/biosaltpearls.com\\\/tr\\\/producto\\\/organik-sirjin-marine-tuz-gruesa-bag-650g-2-uds-gourmet-tuz-bio-100-dogal-refining-no-katki-maddesi-yok\\\/\"]}]},{\"@type\":\"ImageObject\",\"inLanguage\":\"tr\",\"@id\":\"https:\\\/\\\/biosaltpearls.com\\\/tr\\\/producto\\\/organik-sirjin-marine-tuz-gruesa-bag-650g-2-uds-gourmet-tuz-bio-100-dogal-refining-no-katki-maddesi-yok\\\/#primaryimage\",\"url\":\"https:\\\/\\\/biosaltpearls.com\\\/wp-content\\\/uploads\\\/2022\\\/11\\\/Bolsas-Biosalt-Pack-X2-gruesa.jpg\",\"contentUrl\":\"https:\\\/\\\/biosaltpearls.com\\\/wp-content\\\/uploads\\\/2022\\\/11\\\/Bolsas-Biosalt-Pack-X2-gruesa.jpg\",\"width\":1000,\"height\":1000},{\"@type\":\"BreadcrumbList\",\"@id\":\"https:\\\/\\\/biosaltpearls.com\\\/tr\\\/producto\\\/organik-sirjin-marine-tuz-gruesa-bag-650g-2-uds-gourmet-tuz-bio-100-dogal-refining-no-katki-maddesi-yok\\\/#breadcrumb\",\"itemListElement\":[{\"@type\":\"ListItem\",\"position\":1,\"name\":\"Inicio\",\"item\":\"https:\\\/\\\/biosaltpearls.com\\\/tr\\\/organik-sizma-deniz-tuzu-biosalt-pearls\\\/\"},{\"@type\":\"ListItem\",\"position\":2,\"name\":\"Ma\u011faza\",\"item\":\"https:\\\/\\\/biosaltpearls.com\\\/tr\\\/magaza\\\/\"},{\"@type\":\"ListItem\",\"position\":3,\"name\":\"Organik S\u0131zma Deniz Tuzu &#8211; Kal\u0131n Torba 650g (2 adet). Sal Gourmet Bio %100 Do\u011fal. Rafine edilmemi\u015f. Katk\u0131 maddesi i\u00e7ermez.\"}]},{\"@type\":\"WebSite\",\"@id\":\"https:\\\/\\\/biosaltpearls.com\\\/tr\\\/#website\",\"url\":\"https:\\\/\\\/biosaltpearls.com\\\/tr\\\/\",\"name\":\"BioSalt Nortem Pearls\",\"description\":\"Perlas de Sal Marina Virgen Ecol\u00f3gica\",\"publisher\":{\"@id\":\"https:\\\/\\\/biosaltpearls.com\\\/tr\\\/#organization\"},\"potentialAction\":[{\"@type\":\"SearchAction\",\"target\":{\"@type\":\"EntryPoint\",\"urlTemplate\":\"https:\\\/\\\/biosaltpearls.com\\\/tr\\\/?s={search_term_string}\"},\"query-input\":{\"@type\":\"PropertyValueSpecification\",\"valueRequired\":true,\"valueName\":\"search_term_string\"}}],\"inLanguage\":\"tr\"},{\"@type\":\"Organization\",\"@id\":\"https:\\\/\\\/biosaltpearls.com\\\/tr\\\/#organization\",\"name\":\"BioSalt Pearls\",\"url\":\"https:\\\/\\\/biosaltpearls.com\\\/tr\\\/\",\"logo\":{\"@type\":\"ImageObject\",\"inLanguage\":\"tr\",\"@id\":\"https:\\\/\\\/biosaltpearls.com\\\/tr\\\/#\\\/schema\\\/logo\\\/image\\\/\",\"url\":\"https:\\\/\\\/biosaltpearls.com\\\/wp-content\\\/uploads\\\/2022\\\/11\\\/biosalt-perlas-sal-marina-virgen-natural-ecologica.jpg\",\"contentUrl\":\"https:\\\/\\\/biosaltpearls.com\\\/wp-content\\\/uploads\\\/2022\\\/11\\\/biosalt-perlas-sal-marina-virgen-natural-ecologica.jpg\",\"width\":1000,\"height\":1000,\"caption\":\"BioSalt Pearls\"},\"image\":{\"@id\":\"https:\\\/\\\/biosaltpearls.com\\\/tr\\\/#\\\/schema\\\/logo\\\/image\\\/\"},\"sameAs\":[\"https:\\\/\\\/instagram.com\\\/biosalt\"]}]}<\/script>\n<!-- \/ Yoast SEO plugin. -->","yoast_head_json":{"title":"Organik S\u0131zma Deniz Tuzu - Kal\u0131n Torba 650g (2 adet). Sal Gourmet Bio %100 Do\u011fal. Rafine edilmemi\u015f. Katk\u0131 maddesi i\u00e7ermez. - BioSalt Nortem Pearls","robots":{"index":"index","follow":"follow","max-snippet":"max-snippet:-1","max-image-preview":"max-image-preview:large","max-video-preview":"max-video-preview:-1"},"canonical":"https:\/\/biosaltpearls.com\/tr\/producto\/organik-sirjin-marine-tuz-gruesa-bag-650g-2-uds-gourmet-tuz-bio-100-dogal-refining-no-katki-maddesi-yok\/","og_locale":"tr_TR","og_type":"article","og_title":"Organik S\u0131zma Deniz Tuzu - Kal\u0131n Torba 650g (2 adet). Sal Gourmet Bio %100 Do\u011fal. Rafine edilmemi\u015f. Katk\u0131 maddesi i\u00e7ermez. - BioSalt Nortem Pearls","og_description":"2'li Paket 650g - Kal\u0131n. \u00dcst\u00fcn kaliteli organik i\u015flenmemi\u015f deniz tuzu 70 temel mineral ve eser elementten olu\u015fur. Do\u011fal kristalle\u015fme ve \u0131slanma %2'den az. Rafine edilmemi\u015f, katk\u0131 maddesi ve topaklanmay\u0131 \u00f6nleyici madde i\u00e7ermez. Sertifikal\u0131 organik BPA i\u00e7ermez ve %100 geri d\u00f6n\u00fc\u015ft\u00fcr\u00fclebilir Cadiz K\u00f6rfezi Do\u011fal Park\u0131'ndan el yap\u0131m\u0131 \u00fcr\u00fcn.","og_url":"https:\/\/biosaltpearls.com\/tr\/producto\/organik-sirjin-marine-tuz-gruesa-bag-650g-2-uds-gourmet-tuz-bio-100-dogal-refining-no-katki-maddesi-yok\/","og_site_name":"BioSalt Nortem Pearls","og_image":[{"width":1000,"height":1000,"url":"https:\/\/biosaltpearls.com\/wp-content\/uploads\/2022\/11\/Bolsas-Biosalt-Pack-X2-gruesa.jpg","type":"image\/jpeg"}],"twitter_card":"summary_large_image","schema":{"@context":"https:\/\/schema.org","@graph":[{"@type":"WebPage","@id":"https:\/\/biosaltpearls.com\/tr\/producto\/organik-sirjin-marine-tuz-gruesa-bag-650g-2-uds-gourmet-tuz-bio-100-dogal-refining-no-katki-maddesi-yok\/","url":"https:\/\/biosaltpearls.com\/tr\/producto\/organik-sirjin-marine-tuz-gruesa-bag-650g-2-uds-gourmet-tuz-bio-100-dogal-refining-no-katki-maddesi-yok\/","name":"Organik S\u0131zma Deniz Tuzu - Kal\u0131n Torba 650g (2 adet). Sal Gourmet Bio %100 Do\u011fal. Rafine edilmemi\u015f. Katk\u0131 maddesi i\u00e7ermez. - BioSalt Nortem Pearls","isPartOf":{"@id":"https:\/\/biosaltpearls.com\/tr\/#website"},"primaryImageOfPage":{"@id":"https:\/\/biosaltpearls.com\/tr\/producto\/organik-sirjin-marine-tuz-gruesa-bag-650g-2-uds-gourmet-tuz-bio-100-dogal-refining-no-katki-maddesi-yok\/#primaryimage"},"image":{"@id":"https:\/\/biosaltpearls.com\/tr\/producto\/organik-sirjin-marine-tuz-gruesa-bag-650g-2-uds-gourmet-tuz-bio-100-dogal-refining-no-katki-maddesi-yok\/#primaryimage"},"thumbnailUrl":"https:\/\/biosaltpearls.com\/wp-content\/uploads\/2022\/11\/Bolsas-Biosalt-Pack-X2-gruesa.jpg","datePublished":"2022-11-08T09:12:04+00:00","breadcrumb":{"@id":"https:\/\/biosaltpearls.com\/tr\/producto\/organik-sirjin-marine-tuz-gruesa-bag-650g-2-uds-gourmet-tuz-bio-100-dogal-refining-no-katki-maddesi-yok\/#breadcrumb"},"inLanguage":"tr","potentialAction":[{"@type":"ReadAction","target":["https:\/\/biosaltpearls.com\/tr\/producto\/organik-sirjin-marine-tuz-gruesa-bag-650g-2-uds-gourmet-tuz-bio-100-dogal-refining-no-katki-maddesi-yok\/"]}]},{"@type":"ImageObject","inLanguage":"tr","@id":"https:\/\/biosaltpearls.com\/tr\/producto\/organik-sirjin-marine-tuz-gruesa-bag-650g-2-uds-gourmet-tuz-bio-100-dogal-refining-no-katki-maddesi-yok\/#primaryimage","url":"https:\/\/biosaltpearls.com\/wp-content\/uploads\/2022\/11\/Bolsas-Biosalt-Pack-X2-gruesa.jpg","contentUrl":"https:\/\/biosaltpearls.com\/wp-content\/uploads\/2022\/11\/Bolsas-Biosalt-Pack-X2-gruesa.jpg","width":1000,"height":1000},{"@type":"BreadcrumbList","@id":"https:\/\/biosaltpearls.com\/tr\/producto\/organik-sirjin-marine-tuz-gruesa-bag-650g-2-uds-gourmet-tuz-bio-100-dogal-refining-no-katki-maddesi-yok\/#breadcrumb","itemListElement":[{"@type":"ListItem","position":1,"name":"Inicio","item":"https:\/\/biosaltpearls.com\/tr\/organik-sizma-deniz-tuzu-biosalt-pearls\/"},{"@type":"ListItem","position":2,"name":"Ma\u011faza","item":"https:\/\/biosaltpearls.com\/tr\/magaza\/"},{"@type":"ListItem","position":3,"name":"Organik S\u0131zma Deniz Tuzu &#8211; Kal\u0131n Torba 650g (2 adet). Sal Gourmet Bio %100 Do\u011fal. Rafine edilmemi\u015f. Katk\u0131 maddesi i\u00e7ermez."}]},{"@type":"WebSite","@id":"https:\/\/biosaltpearls.com\/tr\/#website","url":"https:\/\/biosaltpearls.com\/tr\/","name":"BioSalt Nortem Pearls","description":"Perlas de Sal Marina Virgen Ecol\u00f3gica","publisher":{"@id":"https:\/\/biosaltpearls.com\/tr\/#organization"},"potentialAction":[{"@type":"SearchAction","target":{"@type":"EntryPoint","urlTemplate":"https:\/\/biosaltpearls.com\/tr\/?s={search_term_string}"},"query-input":{"@type":"PropertyValueSpecification","valueRequired":true,"valueName":"search_term_string"}}],"inLanguage":"tr"},{"@type":"Organization","@id":"https:\/\/biosaltpearls.com\/tr\/#organization","name":"BioSalt Pearls","url":"https:\/\/biosaltpearls.com\/tr\/","logo":{"@type":"ImageObject","inLanguage":"tr","@id":"https:\/\/biosaltpearls.com\/tr\/#\/schema\/logo\/image\/","url":"https:\/\/biosaltpearls.com\/wp-content\/uploads\/2022\/11\/biosalt-perlas-sal-marina-virgen-natural-ecologica.jpg","contentUrl":"https:\/\/biosaltpearls.com\/wp-content\/uploads\/2022\/11\/biosalt-perlas-sal-marina-virgen-natural-ecologica.jpg","width":1000,"height":1000,"caption":"BioSalt Pearls"},"image":{"@id":"https:\/\/biosaltpearls.com\/tr\/#\/schema\/logo\/image\/"},"sameAs":["https:\/\/instagram.com\/biosalt"]}]}},"_links":{"self":[{"href":"https:\/\/biosaltpearls.com\/tr\/wp-json\/wp\/v2\/product\/14266","targetHints":{"allow":["GET"]}}],"collection":[{"href":"https:\/\/biosaltpearls.com\/tr\/wp-json\/wp\/v2\/product"}],"about":[{"href":"https:\/\/biosaltpearls.com\/tr\/wp-json\/wp\/v2\/types\/product"}],"replies":[{"embeddable":true,"href":"https:\/\/biosaltpearls.com\/tr\/wp-json\/wp\/v2\/comments?post=14266"}],"version-history":[{"count":0,"href":"https:\/\/biosaltpearls.com\/tr\/wp-json\/wp\/v2\/product\/14266\/revisions"}],"wp:featuredmedia":[{"embeddable":true,"href":"https:\/\/biosaltpearls.com\/tr\/wp-json\/wp\/v2\/media\/13631"}],"wp:attachment":[{"href":"https:\/\/biosaltpearls.com\/tr\/wp-json\/wp\/v2\/media?parent=14266"}],"wp:term":[{"taxonomy":"product_brand","embeddable":true,"href":"https:\/\/biosaltpearls.com\/tr\/wp-json\/wp\/v2\/product_brand?post=14266"},{"taxonomy":"product_cat","embeddable":true,"href":"https:\/\/biosaltpearls.com\/tr\/wp-json\/wp\/v2\/product_cat?post=14266"},{"taxonomy":"product_tag","embeddable":true,"href":"https:\/\/biosaltpearls.com\/tr\/wp-json\/wp\/v2\/product_tag?post=14266"}],"curies":[{"name":"wp","href":"https:\/\/api.w.org\/{rel}","templated":true}]}}