{"id":14265,"date":"2022-12-21T13:47:29","date_gmt":"2022-12-21T12:47:29","guid":{"rendered":"https:\/\/biosaltpearls.com\/producto\/ozel-baharat-paketi\/"},"modified":"2022-12-21T13:47:29","modified_gmt":"2022-12-21T12:47:29","slug":"paket-ozel-sebzeler","status":"publish","type":"product","link":"https:\/\/biosaltpearls.com\/tr\/producto\/paket-ozel-sebzeler\/","title":{"rendered":"\u00d6ZEL BAHARAT PAKETI\u0307"},"content":{"rendered":"","protected":false},"excerpt":{"rendered":"<p>Nortem Grup baharatlar\u0131 ile t\u00fcm tariflerinize benzersiz bir dokunu\u015f kat\u0131n!<br \/>\nPaket i\u00e7eri\u011fi:<\/p>\n<ul>\n<li><strong>Organik zerde\u00e7al tozu Nortembio:<\/strong> C, E ve K vitaminleri a\u00e7\u0131s\u0131ndan zengindir. Y\u00fcksek lif i\u00e7eri\u011fine sahiptir. \u00d6zellikleri onu mutfa\u011f\u0131n\u0131zda vazge\u00e7ilmez bir bile\u015fen haline getirir. Ayr\u0131ca bir\u00e7ok iyile\u015ftirici \u00f6zelli\u011finden de faydalanabilirsiniz!<\/li>\n<li><strong>Nortembio organik<\/strong> <strong>karabiber<\/strong> tozu: A ve C vitaminleri a\u00e7\u0131s\u0131ndan zengindir. Y\u00fcksek demir ve kalsiyum i\u00e7eri\u011fine sahiptir. B\u00fcy\u00fckannelerimizin ilac\u0131 ayn\u0131 zamanda ideal bir \u00e7e\u015fnidir! Yemeklerinize \u00f6zel bir dokunu\u015f kat\u0131n ve t\u00fcm anti-enflamatuar ve antioksidan \u00f6zelliklerini ke\u015ffedin.<\/li>\n<li><strong>Nortembio organik zencefil tozu:<\/strong> A ve C vitaminleri a\u00e7\u0131s\u0131ndan zengindir. Bu malzemenin t\u00fcketimi sadece v\u00fccudunuzu ar\u0131nd\u0131r\u0131p bak\u0131m yapman\u0131z\u0131 sa\u011flamakla kalmayacak, ayn\u0131 zamanda tariflerinize harika bir lezzet katacakt\u0131r.<\/li>\n<li><strong>BioSalt organik i\u015flenmemi\u015f deniz tuzu:<\/strong> Ve b\u00fcy\u00fck y\u0131ld\u0131z! Sofran\u0131zdan asla eksik etmeyece\u011finiz tuza daha sa\u011fl\u0131kl\u0131 bir alternatif. BioSalt incilerimiz do\u011fal kristalizasyonlar\u0131, s\u00fcngerimsi yap\u0131lar\u0131 ve karakteristik buketleri nedeniyle benzersizdir. Yemeklerinize daha fazla lezzet kat\u0131n!<\/li>\n<\/ul>\n<p>Bu paket \u015funlar\u0131 i\u00e7erir:<\/p>\n<ul>\n<li>1x Kavanoz 200 g. Ince<\/li>\n<li>1x Kavanoz 200 g. Kal\u0131n<\/li>\n<li>1x \u00c7anta 650 g. Ekstra Kaba<\/li>\n<li>1x Zerde\u00e7al 200 g.<\/li>\n<li>1x Karabiber 100 g.<\/li>\n<li>1x Zencefil 100 g.<\/li>\n<li style=\"list-style-type: none;\">\n<\/li>\n<\/ul>\n","protected":false},"featured_media":14085,"comment_status":"open","ping_status":"closed","template":"","meta":[],"product_brand":[],"product_cat":[161],"product_tag":[162,221],"class_list":{"0":"post-14265","1":"product","2":"type-product","3":"status-publish","4":"has-post-thumbnail","6":"product_cat-biosalt-nortem-pearls-tr","7":"product_tag-biosalt-incileri","8":"product_tag-tasarruf-paketleri-biosalt-pearls","10":"first","11":"outofstock","12":"taxable","13":"shipping-taxable","14":"purchasable","15":"product-type-simple"},"yoast_head":"<!-- This site is optimized with the Yoast SEO plugin v27.4 - https:\/\/yoast.com\/product\/yoast-seo-wordpress\/ -->\n<title>\u00d6ZEL BAHARAT PAKETI\u0307 - BioSalt Nortem Pearls<\/title>\n<meta name=\"robots\" content=\"index, follow, max-snippet:-1, max-image-preview:large, max-video-preview:-1\" \/>\n<link rel=\"canonical\" href=\"https:\/\/biosaltpearls.com\/tr\/producto\/paket-ozel-sebzeler\/\" \/>\n<meta property=\"og:locale\" content=\"tr_TR\" \/>\n<meta property=\"og:type\" content=\"article\" \/>\n<meta property=\"og:title\" content=\"\u00d6ZEL BAHARAT PAKETI\u0307 - BioSalt Nortem Pearls\" \/>\n<meta property=\"og:description\" content=\"Nortem Grup baharatlar\u0131 ile t\u00fcm tariflerinize benzersiz bir dokunu\u015f kat\u0131n! Paket i\u00e7eri\u011fi:  Organik zerde\u00e7al tozu Nortembio: C, E ve K vitaminleri a\u00e7\u0131s\u0131ndan zengindir. Y\u00fcksek lif i\u00e7eri\u011fine sahiptir. \u00d6zellikleri onu mutfa\u011f\u0131n\u0131zda vazge\u00e7ilmez bir bile\u015fen haline getirir. Ayr\u0131ca bir\u00e7ok iyile\u015ftirici \u00f6zelli\u011finden de faydalanabilirsiniz!  Nortembio organik karabiber tozu: A ve C vitaminleri a\u00e7\u0131s\u0131ndan zengindir. Y\u00fcksek demir ve kalsiyum i\u00e7eri\u011fine sahiptir. B\u00fcy\u00fckannelerimizin ilac\u0131 ayn\u0131 zamanda ideal bir \u00e7e\u015fnidir! Yemeklerinize \u00f6zel bir dokunu\u015f kat\u0131n ve t\u00fcm anti-enflamatuar ve antioksidan \u00f6zelliklerini ke\u015ffedin.  Nortembio organik zencefil tozu: A ve C vitaminleri a\u00e7\u0131s\u0131ndan zengindir. Bu malzemenin t\u00fcketimi sadece v\u00fccudunuzu ar\u0131nd\u0131r\u0131p bak\u0131m yapman\u0131z\u0131 sa\u011flamakla kalmayacak, ayn\u0131 zamanda tariflerinize harika bir lezzet katacakt\u0131r.  BioSalt organik i\u015flenmemi\u015f deniz tuzu: Ve b\u00fcy\u00fck y\u0131ld\u0131z! Sofran\u0131zdan asla eksik etmeyece\u011finiz tuza daha sa\u011fl\u0131kl\u0131 bir alternatif. BioSalt incilerimiz do\u011fal kristalizasyonlar\u0131, s\u00fcngerimsi yap\u0131lar\u0131 ve karakteristik buketleri nedeniyle benzersizdir. Yemeklerinize daha fazla lezzet kat\u0131n! Bu paket \u015funlar\u0131 i\u00e7erir:  1x Kavanoz 200 g. Ince  1x Kavanoz 200 g. Kal\u0131n  1x \u00c7anta 650 g. Ekstra Kaba  1x Zerde\u00e7al 200 g.  1x Karabiber 100 g.  1x Zencefil 100 g.\" \/>\n<meta property=\"og:url\" content=\"https:\/\/biosaltpearls.com\/tr\/producto\/paket-ozel-sebzeler\/\" \/>\n<meta property=\"og:site_name\" content=\"BioSalt Nortem Pearls\" \/>\n<meta property=\"og:image\" content=\"https:\/\/biosaltpearls.com\/wp-content\/uploads\/2022\/12\/pack-condimentos-curcuma-pimienta-negra-jengibre-especias-nortembio-sal-marina-virgen-biosalt.jpg\" \/>\n\t<meta property=\"og:image:width\" content=\"1000\" \/>\n\t<meta property=\"og:image:height\" content=\"1000\" \/>\n\t<meta property=\"og:image:type\" content=\"image\/jpeg\" \/>\n<meta name=\"twitter:card\" content=\"summary_large_image\" \/>\n<script type=\"application\/ld+json\" class=\"yoast-schema-graph\">{\"@context\":\"https:\\\/\\\/schema.org\",\"@graph\":[{\"@type\":\"WebPage\",\"@id\":\"https:\\\/\\\/biosaltpearls.com\\\/tr\\\/producto\\\/paket-ozel-sebzeler\\\/\",\"url\":\"https:\\\/\\\/biosaltpearls.com\\\/tr\\\/producto\\\/paket-ozel-sebzeler\\\/\",\"name\":\"\u00d6ZEL BAHARAT PAKETI\u0307 - BioSalt Nortem Pearls\",\"isPartOf\":{\"@id\":\"https:\\\/\\\/biosaltpearls.com\\\/tr\\\/#website\"},\"primaryImageOfPage\":{\"@id\":\"https:\\\/\\\/biosaltpearls.com\\\/tr\\\/producto\\\/paket-ozel-sebzeler\\\/#primaryimage\"},\"image\":{\"@id\":\"https:\\\/\\\/biosaltpearls.com\\\/tr\\\/producto\\\/paket-ozel-sebzeler\\\/#primaryimage\"},\"thumbnailUrl\":\"https:\\\/\\\/biosaltpearls.com\\\/wp-content\\\/uploads\\\/2022\\\/12\\\/pack-condimentos-curcuma-pimienta-negra-jengibre-especias-nortembio-sal-marina-virgen-biosalt.jpg\",\"datePublished\":\"2022-12-21T12:47:29+00:00\",\"breadcrumb\":{\"@id\":\"https:\\\/\\\/biosaltpearls.com\\\/tr\\\/producto\\\/paket-ozel-sebzeler\\\/#breadcrumb\"},\"inLanguage\":\"tr\",\"potentialAction\":[{\"@type\":\"ReadAction\",\"target\":[\"https:\\\/\\\/biosaltpearls.com\\\/tr\\\/producto\\\/paket-ozel-sebzeler\\\/\"]}]},{\"@type\":\"ImageObject\",\"inLanguage\":\"tr\",\"@id\":\"https:\\\/\\\/biosaltpearls.com\\\/tr\\\/producto\\\/paket-ozel-sebzeler\\\/#primaryimage\",\"url\":\"https:\\\/\\\/biosaltpearls.com\\\/wp-content\\\/uploads\\\/2022\\\/12\\\/pack-condimentos-curcuma-pimienta-negra-jengibre-especias-nortembio-sal-marina-virgen-biosalt.jpg\",\"contentUrl\":\"https:\\\/\\\/biosaltpearls.com\\\/wp-content\\\/uploads\\\/2022\\\/12\\\/pack-condimentos-curcuma-pimienta-negra-jengibre-especias-nortembio-sal-marina-virgen-biosalt.jpg\",\"width\":1000,\"height\":1000},{\"@type\":\"BreadcrumbList\",\"@id\":\"https:\\\/\\\/biosaltpearls.com\\\/tr\\\/producto\\\/paket-ozel-sebzeler\\\/#breadcrumb\",\"itemListElement\":[{\"@type\":\"ListItem\",\"position\":1,\"name\":\"Inicio\",\"item\":\"https:\\\/\\\/biosaltpearls.com\\\/tr\\\/organik-sizma-deniz-tuzu-biosalt-pearls\\\/\"},{\"@type\":\"ListItem\",\"position\":2,\"name\":\"Ma\u011faza\",\"item\":\"https:\\\/\\\/biosaltpearls.com\\\/tr\\\/magaza\\\/\"},{\"@type\":\"ListItem\",\"position\":3,\"name\":\"\u00d6ZEL BAHARAT PAKETI\u0307\"}]},{\"@type\":\"WebSite\",\"@id\":\"https:\\\/\\\/biosaltpearls.com\\\/tr\\\/#website\",\"url\":\"https:\\\/\\\/biosaltpearls.com\\\/tr\\\/\",\"name\":\"BioSalt Nortem Pearls\",\"description\":\"Perlas de Sal Marina Virgen Ecol\u00f3gica\",\"publisher\":{\"@id\":\"https:\\\/\\\/biosaltpearls.com\\\/tr\\\/#organization\"},\"potentialAction\":[{\"@type\":\"SearchAction\",\"target\":{\"@type\":\"EntryPoint\",\"urlTemplate\":\"https:\\\/\\\/biosaltpearls.com\\\/tr\\\/?s={search_term_string}\"},\"query-input\":{\"@type\":\"PropertyValueSpecification\",\"valueRequired\":true,\"valueName\":\"search_term_string\"}}],\"inLanguage\":\"tr\"},{\"@type\":\"Organization\",\"@id\":\"https:\\\/\\\/biosaltpearls.com\\\/tr\\\/#organization\",\"name\":\"BioSalt Pearls\",\"url\":\"https:\\\/\\\/biosaltpearls.com\\\/tr\\\/\",\"logo\":{\"@type\":\"ImageObject\",\"inLanguage\":\"tr\",\"@id\":\"https:\\\/\\\/biosaltpearls.com\\\/tr\\\/#\\\/schema\\\/logo\\\/image\\\/\",\"url\":\"https:\\\/\\\/biosaltpearls.com\\\/wp-content\\\/uploads\\\/2022\\\/11\\\/biosalt-perlas-sal-marina-virgen-natural-ecologica.jpg\",\"contentUrl\":\"https:\\\/\\\/biosaltpearls.com\\\/wp-content\\\/uploads\\\/2022\\\/11\\\/biosalt-perlas-sal-marina-virgen-natural-ecologica.jpg\",\"width\":1000,\"height\":1000,\"caption\":\"BioSalt Pearls\"},\"image\":{\"@id\":\"https:\\\/\\\/biosaltpearls.com\\\/tr\\\/#\\\/schema\\\/logo\\\/image\\\/\"},\"sameAs\":[\"https:\\\/\\\/instagram.com\\\/biosalt\"]}]}<\/script>\n<!-- \/ Yoast SEO plugin. -->","yoast_head_json":{"title":"\u00d6ZEL BAHARAT PAKETI\u0307 - BioSalt Nortem Pearls","robots":{"index":"index","follow":"follow","max-snippet":"max-snippet:-1","max-image-preview":"max-image-preview:large","max-video-preview":"max-video-preview:-1"},"canonical":"https:\/\/biosaltpearls.com\/tr\/producto\/paket-ozel-sebzeler\/","og_locale":"tr_TR","og_type":"article","og_title":"\u00d6ZEL BAHARAT PAKETI\u0307 - BioSalt Nortem Pearls","og_description":"Nortem Grup baharatlar\u0131 ile t\u00fcm tariflerinize benzersiz bir dokunu\u015f kat\u0131n! Paket i\u00e7eri\u011fi:  Organik zerde\u00e7al tozu Nortembio: C, E ve K vitaminleri a\u00e7\u0131s\u0131ndan zengindir. Y\u00fcksek lif i\u00e7eri\u011fine sahiptir. \u00d6zellikleri onu mutfa\u011f\u0131n\u0131zda vazge\u00e7ilmez bir bile\u015fen haline getirir. Ayr\u0131ca bir\u00e7ok iyile\u015ftirici \u00f6zelli\u011finden de faydalanabilirsiniz!  Nortembio organik karabiber tozu: A ve C vitaminleri a\u00e7\u0131s\u0131ndan zengindir. Y\u00fcksek demir ve kalsiyum i\u00e7eri\u011fine sahiptir. B\u00fcy\u00fckannelerimizin ilac\u0131 ayn\u0131 zamanda ideal bir \u00e7e\u015fnidir! Yemeklerinize \u00f6zel bir dokunu\u015f kat\u0131n ve t\u00fcm anti-enflamatuar ve antioksidan \u00f6zelliklerini ke\u015ffedin.  Nortembio organik zencefil tozu: A ve C vitaminleri a\u00e7\u0131s\u0131ndan zengindir. Bu malzemenin t\u00fcketimi sadece v\u00fccudunuzu ar\u0131nd\u0131r\u0131p bak\u0131m yapman\u0131z\u0131 sa\u011flamakla kalmayacak, ayn\u0131 zamanda tariflerinize harika bir lezzet katacakt\u0131r.  BioSalt organik i\u015flenmemi\u015f deniz tuzu: Ve b\u00fcy\u00fck y\u0131ld\u0131z! Sofran\u0131zdan asla eksik etmeyece\u011finiz tuza daha sa\u011fl\u0131kl\u0131 bir alternatif. BioSalt incilerimiz do\u011fal kristalizasyonlar\u0131, s\u00fcngerimsi yap\u0131lar\u0131 ve karakteristik buketleri nedeniyle benzersizdir. Yemeklerinize daha fazla lezzet kat\u0131n! Bu paket \u015funlar\u0131 i\u00e7erir:  1x Kavanoz 200 g. Ince  1x Kavanoz 200 g. Kal\u0131n  1x \u00c7anta 650 g. Ekstra Kaba  1x Zerde\u00e7al 200 g.  1x Karabiber 100 g.  1x Zencefil 100 g.","og_url":"https:\/\/biosaltpearls.com\/tr\/producto\/paket-ozel-sebzeler\/","og_site_name":"BioSalt Nortem Pearls","og_image":[{"width":1000,"height":1000,"url":"https:\/\/biosaltpearls.com\/wp-content\/uploads\/2022\/12\/pack-condimentos-curcuma-pimienta-negra-jengibre-especias-nortembio-sal-marina-virgen-biosalt.jpg","type":"image\/jpeg"}],"twitter_card":"summary_large_image","schema":{"@context":"https:\/\/schema.org","@graph":[{"@type":"WebPage","@id":"https:\/\/biosaltpearls.com\/tr\/producto\/paket-ozel-sebzeler\/","url":"https:\/\/biosaltpearls.com\/tr\/producto\/paket-ozel-sebzeler\/","name":"\u00d6ZEL BAHARAT PAKETI\u0307 - BioSalt Nortem Pearls","isPartOf":{"@id":"https:\/\/biosaltpearls.com\/tr\/#website"},"primaryImageOfPage":{"@id":"https:\/\/biosaltpearls.com\/tr\/producto\/paket-ozel-sebzeler\/#primaryimage"},"image":{"@id":"https:\/\/biosaltpearls.com\/tr\/producto\/paket-ozel-sebzeler\/#primaryimage"},"thumbnailUrl":"https:\/\/biosaltpearls.com\/wp-content\/uploads\/2022\/12\/pack-condimentos-curcuma-pimienta-negra-jengibre-especias-nortembio-sal-marina-virgen-biosalt.jpg","datePublished":"2022-12-21T12:47:29+00:00","breadcrumb":{"@id":"https:\/\/biosaltpearls.com\/tr\/producto\/paket-ozel-sebzeler\/#breadcrumb"},"inLanguage":"tr","potentialAction":[{"@type":"ReadAction","target":["https:\/\/biosaltpearls.com\/tr\/producto\/paket-ozel-sebzeler\/"]}]},{"@type":"ImageObject","inLanguage":"tr","@id":"https:\/\/biosaltpearls.com\/tr\/producto\/paket-ozel-sebzeler\/#primaryimage","url":"https:\/\/biosaltpearls.com\/wp-content\/uploads\/2022\/12\/pack-condimentos-curcuma-pimienta-negra-jengibre-especias-nortembio-sal-marina-virgen-biosalt.jpg","contentUrl":"https:\/\/biosaltpearls.com\/wp-content\/uploads\/2022\/12\/pack-condimentos-curcuma-pimienta-negra-jengibre-especias-nortembio-sal-marina-virgen-biosalt.jpg","width":1000,"height":1000},{"@type":"BreadcrumbList","@id":"https:\/\/biosaltpearls.com\/tr\/producto\/paket-ozel-sebzeler\/#breadcrumb","itemListElement":[{"@type":"ListItem","position":1,"name":"Inicio","item":"https:\/\/biosaltpearls.com\/tr\/organik-sizma-deniz-tuzu-biosalt-pearls\/"},{"@type":"ListItem","position":2,"name":"Ma\u011faza","item":"https:\/\/biosaltpearls.com\/tr\/magaza\/"},{"@type":"ListItem","position":3,"name":"\u00d6ZEL BAHARAT PAKETI\u0307"}]},{"@type":"WebSite","@id":"https:\/\/biosaltpearls.com\/tr\/#website","url":"https:\/\/biosaltpearls.com\/tr\/","name":"BioSalt Nortem Pearls","description":"Perlas de Sal Marina Virgen Ecol\u00f3gica","publisher":{"@id":"https:\/\/biosaltpearls.com\/tr\/#organization"},"potentialAction":[{"@type":"SearchAction","target":{"@type":"EntryPoint","urlTemplate":"https:\/\/biosaltpearls.com\/tr\/?s={search_term_string}"},"query-input":{"@type":"PropertyValueSpecification","valueRequired":true,"valueName":"search_term_string"}}],"inLanguage":"tr"},{"@type":"Organization","@id":"https:\/\/biosaltpearls.com\/tr\/#organization","name":"BioSalt Pearls","url":"https:\/\/biosaltpearls.com\/tr\/","logo":{"@type":"ImageObject","inLanguage":"tr","@id":"https:\/\/biosaltpearls.com\/tr\/#\/schema\/logo\/image\/","url":"https:\/\/biosaltpearls.com\/wp-content\/uploads\/2022\/11\/biosalt-perlas-sal-marina-virgen-natural-ecologica.jpg","contentUrl":"https:\/\/biosaltpearls.com\/wp-content\/uploads\/2022\/11\/biosalt-perlas-sal-marina-virgen-natural-ecologica.jpg","width":1000,"height":1000,"caption":"BioSalt Pearls"},"image":{"@id":"https:\/\/biosaltpearls.com\/tr\/#\/schema\/logo\/image\/"},"sameAs":["https:\/\/instagram.com\/biosalt"]}]}},"_links":{"self":[{"href":"https:\/\/biosaltpearls.com\/tr\/wp-json\/wp\/v2\/product\/14265","targetHints":{"allow":["GET"]}}],"collection":[{"href":"https:\/\/biosaltpearls.com\/tr\/wp-json\/wp\/v2\/product"}],"about":[{"href":"https:\/\/biosaltpearls.com\/tr\/wp-json\/wp\/v2\/types\/product"}],"replies":[{"embeddable":true,"href":"https:\/\/biosaltpearls.com\/tr\/wp-json\/wp\/v2\/comments?post=14265"}],"version-history":[{"count":0,"href":"https:\/\/biosaltpearls.com\/tr\/wp-json\/wp\/v2\/product\/14265\/revisions"}],"wp:featuredmedia":[{"embeddable":true,"href":"https:\/\/biosaltpearls.com\/tr\/wp-json\/wp\/v2\/media\/14085"}],"wp:attachment":[{"href":"https:\/\/biosaltpearls.com\/tr\/wp-json\/wp\/v2\/media?parent=14265"}],"wp:term":[{"taxonomy":"product_brand","embeddable":true,"href":"https:\/\/biosaltpearls.com\/tr\/wp-json\/wp\/v2\/product_brand?post=14265"},{"taxonomy":"product_cat","embeddable":true,"href":"https:\/\/biosaltpearls.com\/tr\/wp-json\/wp\/v2\/product_cat?post=14265"},{"taxonomy":"product_tag","embeddable":true,"href":"https:\/\/biosaltpearls.com\/tr\/wp-json\/wp\/v2\/product_tag?post=14265"}],"curies":[{"name":"wp","href":"https:\/\/api.w.org\/{rel}","templated":true}]}}