{"id":13848,"date":"2022-10-10T14:16:12","date_gmt":"2022-10-10T13:16:12","guid":{"rendered":"https:\/\/biosaltpearls.com\/producto\/rent-ekologiskt-havssalt-pase-650g-gourmet-salt-bio-100-naturlig-obearbetat-fri-fran-tillsatser\/"},"modified":"2022-10-10T14:16:12","modified_gmt":"2022-10-10T13:16:12","slug":"ekologisk-ren-havssalt-pase-650g-salt-gourmet-bio-100-naturlig-oraffinerad-utan-tillsatser","status":"publish","type":"product","link":"https:\/\/biosaltpearls.com\/sv\/producto\/ekologisk-ren-havssalt-pase-650g-salt-gourmet-bio-100-naturlig-oraffinerad-utan-tillsatser\/","title":{"rendered":"Rent Ekologiskt Havssalt &#8211; P\u00e5se 650g. Gourmet-salt Bio 100 % naturlig. Obearbetat. Fri fr\u00e5n tillsatser."},"content":{"rendered":"","protected":false},"excerpt":{"rendered":"<p><strong>P\u00e5se 650g.<\/strong> F\u00f6ljande sorter finns tillg\u00e4ngliga: <strong>fin, grov och extra grov.<\/strong><\/p>\n<p><strong>Rent ekologiskt havssalt<\/strong> av <strong>h\u00f6gsta<\/strong> kvalitet<\/p>\n<p>Best\u00e5r av <b>+70 viktiga mineraler och sp\u00e5r\u00e4mnen.<\/b><\/p>\n<p><b>Naturlig kristallisering<\/b> och v\u00e4tning mindre \u00e4n 2 %.<\/p>\n<p><strong>Oraffinerad<\/strong>, fri fr\u00e5n tillsatser och klumpf\u00f6rebyggande medel.<\/p>\n<p><strong>Certifierad ekologisk<\/strong><\/p>\n<p>BPA-fri och 100 % \u00e5tervinningsbar<\/p>\n<p>Handgjord produkt fr\u00e5n Cadizbuktens naturpark.<\/p>\n","protected":false},"featured_media":12967,"comment_status":"open","ping_status":"closed","template":"","meta":[],"product_brand":[],"product_cat":[159],"product_tag":[160],"class_list":{"0":"post-13848","1":"product","2":"type-product","3":"status-publish","4":"has-post-thumbnail","6":"product_cat-biosalt-nortem-pearls-sv","7":"product_tag-biosalt-parlor","9":"first","10":"instock","11":"taxable","12":"shipping-taxable","13":"purchasable","14":"product-type-variable"},"yoast_head":"<!-- This site is optimized with the Yoast SEO plugin v27.3 - https:\/\/yoast.com\/product\/yoast-seo-wordpress\/ -->\n<title>Rent Naturligt Havssalt - P\u00e5se 650 g - BioSalt Nortem Pearls<\/title>\n<meta name=\"description\" content=\"BioSalt-p\u00e4rlor, nu i p\u00e5seformat. Uppt\u00e4ck det f\u00f6rsta rena naturliga havssaltet p\u00e5 marknaden med dubbel ekologisk certifiering.\" \/>\n<meta name=\"robots\" content=\"index, follow, max-snippet:-1, max-image-preview:large, max-video-preview:-1\" \/>\n<link rel=\"canonical\" href=\"https:\/\/biosaltpearls.com\/sv\/producto\/ekologisk-ren-havssalt-pase-650g-salt-gourmet-bio-100-naturlig-oraffinerad-utan-tillsatser\/\" \/>\n<meta property=\"og:locale\" content=\"sv_SE\" \/>\n<meta property=\"og:type\" content=\"article\" \/>\n<meta property=\"og:title\" content=\"Rent Naturligt Havssalt - P\u00e5se 650 g - BioSalt Nortem Pearls\" \/>\n<meta property=\"og:description\" content=\"BioSalt-p\u00e4rlor, nu i p\u00e5seformat. Uppt\u00e4ck det f\u00f6rsta rena naturliga havssaltet p\u00e5 marknaden med dubbel ekologisk certifiering.\" \/>\n<meta property=\"og:url\" content=\"https:\/\/biosaltpearls.com\/sv\/producto\/ekologisk-ren-havssalt-pase-650g-salt-gourmet-bio-100-naturlig-oraffinerad-utan-tillsatser\/\" \/>\n<meta property=\"og:site_name\" content=\"BioSalt Nortem Pearls\" \/>\n<meta property=\"og:image\" content=\"https:\/\/biosaltpearls.com\/wp-content\/uploads\/2022\/09\/sal-marina-virgen-ecologica-bolsa-650-fina-natural.jpg\" \/>\n\t<meta property=\"og:image:width\" content=\"1000\" \/>\n\t<meta property=\"og:image:height\" content=\"1000\" \/>\n\t<meta property=\"og:image:type\" content=\"image\/jpeg\" \/>\n<meta name=\"twitter:card\" content=\"summary_large_image\" \/>\n<script type=\"application\/ld+json\" class=\"yoast-schema-graph\">{\"@context\":\"https:\\\/\\\/schema.org\",\"@graph\":[{\"@type\":\"WebPage\",\"@id\":\"https:\\\/\\\/biosaltpearls.com\\\/sv\\\/producto\\\/ekologisk-ren-havssalt-pase-650g-salt-gourmet-bio-100-naturlig-oraffinerad-utan-tillsatser\\\/\",\"url\":\"https:\\\/\\\/biosaltpearls.com\\\/sv\\\/producto\\\/ekologisk-ren-havssalt-pase-650g-salt-gourmet-bio-100-naturlig-oraffinerad-utan-tillsatser\\\/\",\"name\":\"Rent Naturligt Havssalt - P\u00e5se 650 g - BioSalt Nortem Pearls\",\"isPartOf\":{\"@id\":\"https:\\\/\\\/biosaltpearls.com\\\/sv\\\/#website\"},\"primaryImageOfPage\":{\"@id\":\"https:\\\/\\\/biosaltpearls.com\\\/sv\\\/producto\\\/ekologisk-ren-havssalt-pase-650g-salt-gourmet-bio-100-naturlig-oraffinerad-utan-tillsatser\\\/#primaryimage\"},\"image\":{\"@id\":\"https:\\\/\\\/biosaltpearls.com\\\/sv\\\/producto\\\/ekologisk-ren-havssalt-pase-650g-salt-gourmet-bio-100-naturlig-oraffinerad-utan-tillsatser\\\/#primaryimage\"},\"thumbnailUrl\":\"https:\\\/\\\/biosaltpearls.com\\\/wp-content\\\/uploads\\\/2022\\\/09\\\/sal-marina-virgen-ecologica-bolsa-650-fina-natural.jpg\",\"datePublished\":\"2022-10-10T13:16:12+00:00\",\"description\":\"BioSalt-p\u00e4rlor, nu i p\u00e5seformat. Uppt\u00e4ck det f\u00f6rsta rena naturliga havssaltet p\u00e5 marknaden med dubbel ekologisk certifiering.\",\"breadcrumb\":{\"@id\":\"https:\\\/\\\/biosaltpearls.com\\\/sv\\\/producto\\\/ekologisk-ren-havssalt-pase-650g-salt-gourmet-bio-100-naturlig-oraffinerad-utan-tillsatser\\\/#breadcrumb\"},\"inLanguage\":\"sv-SE\",\"potentialAction\":[{\"@type\":\"ReadAction\",\"target\":[\"https:\\\/\\\/biosaltpearls.com\\\/sv\\\/producto\\\/ekologisk-ren-havssalt-pase-650g-salt-gourmet-bio-100-naturlig-oraffinerad-utan-tillsatser\\\/\"]}]},{\"@type\":\"ImageObject\",\"inLanguage\":\"sv-SE\",\"@id\":\"https:\\\/\\\/biosaltpearls.com\\\/sv\\\/producto\\\/ekologisk-ren-havssalt-pase-650g-salt-gourmet-bio-100-naturlig-oraffinerad-utan-tillsatser\\\/#primaryimage\",\"url\":\"https:\\\/\\\/biosaltpearls.com\\\/wp-content\\\/uploads\\\/2022\\\/09\\\/sal-marina-virgen-ecologica-bolsa-650-fina-natural.jpg\",\"contentUrl\":\"https:\\\/\\\/biosaltpearls.com\\\/wp-content\\\/uploads\\\/2022\\\/09\\\/sal-marina-virgen-ecologica-bolsa-650-fina-natural.jpg\",\"width\":1000,\"height\":1000},{\"@type\":\"BreadcrumbList\",\"@id\":\"https:\\\/\\\/biosaltpearls.com\\\/sv\\\/producto\\\/ekologisk-ren-havssalt-pase-650g-salt-gourmet-bio-100-naturlig-oraffinerad-utan-tillsatser\\\/#breadcrumb\",\"itemListElement\":[{\"@type\":\"ListItem\",\"position\":1,\"name\":\"Inicio\",\"item\":\"https:\\\/\\\/biosaltpearls.com\\\/sv\\\/rena-ekologiska-havssaltparlor-biosalt\\\/\"},{\"@type\":\"ListItem\",\"position\":2,\"name\":\"Butik\",\"item\":\"https:\\\/\\\/biosaltpearls.com\\\/sv\\\/butik\\\/\"},{\"@type\":\"ListItem\",\"position\":3,\"name\":\"Rent Ekologiskt Havssalt &#8211; P\u00e5se 650g. Gourmet-salt Bio 100 % naturlig. Obearbetat. Fri fr\u00e5n tillsatser.\"}]},{\"@type\":\"WebSite\",\"@id\":\"https:\\\/\\\/biosaltpearls.com\\\/sv\\\/#website\",\"url\":\"https:\\\/\\\/biosaltpearls.com\\\/sv\\\/\",\"name\":\"BioSalt Nortem Pearls\",\"description\":\"Perlas de Sal Marina Virgen Ecol\u00f3gica\",\"publisher\":{\"@id\":\"https:\\\/\\\/biosaltpearls.com\\\/sv\\\/#organization\"},\"potentialAction\":[{\"@type\":\"SearchAction\",\"target\":{\"@type\":\"EntryPoint\",\"urlTemplate\":\"https:\\\/\\\/biosaltpearls.com\\\/sv\\\/?s={search_term_string}\"},\"query-input\":{\"@type\":\"PropertyValueSpecification\",\"valueRequired\":true,\"valueName\":\"search_term_string\"}}],\"inLanguage\":\"sv-SE\"},{\"@type\":\"Organization\",\"@id\":\"https:\\\/\\\/biosaltpearls.com\\\/sv\\\/#organization\",\"name\":\"BioSalt Pearls\",\"url\":\"https:\\\/\\\/biosaltpearls.com\\\/sv\\\/\",\"logo\":{\"@type\":\"ImageObject\",\"inLanguage\":\"sv-SE\",\"@id\":\"https:\\\/\\\/biosaltpearls.com\\\/sv\\\/#\\\/schema\\\/logo\\\/image\\\/\",\"url\":\"https:\\\/\\\/biosaltpearls.com\\\/wp-content\\\/uploads\\\/2022\\\/11\\\/biosalt-perlas-sal-marina-virgen-natural-ecologica.jpg\",\"contentUrl\":\"https:\\\/\\\/biosaltpearls.com\\\/wp-content\\\/uploads\\\/2022\\\/11\\\/biosalt-perlas-sal-marina-virgen-natural-ecologica.jpg\",\"width\":1000,\"height\":1000,\"caption\":\"BioSalt Pearls\"},\"image\":{\"@id\":\"https:\\\/\\\/biosaltpearls.com\\\/sv\\\/#\\\/schema\\\/logo\\\/image\\\/\"},\"sameAs\":[\"https:\\\/\\\/instagram.com\\\/biosalt\"]}]}<\/script>\n<!-- \/ Yoast SEO plugin. -->","yoast_head_json":{"title":"Rent Naturligt Havssalt - P\u00e5se 650 g - BioSalt Nortem Pearls","description":"BioSalt-p\u00e4rlor, nu i p\u00e5seformat. Uppt\u00e4ck det f\u00f6rsta rena naturliga havssaltet p\u00e5 marknaden med dubbel ekologisk certifiering.","robots":{"index":"index","follow":"follow","max-snippet":"max-snippet:-1","max-image-preview":"max-image-preview:large","max-video-preview":"max-video-preview:-1"},"canonical":"https:\/\/biosaltpearls.com\/sv\/producto\/ekologisk-ren-havssalt-pase-650g-salt-gourmet-bio-100-naturlig-oraffinerad-utan-tillsatser\/","og_locale":"sv_SE","og_type":"article","og_title":"Rent Naturligt Havssalt - P\u00e5se 650 g - BioSalt Nortem Pearls","og_description":"BioSalt-p\u00e4rlor, nu i p\u00e5seformat. Uppt\u00e4ck det f\u00f6rsta rena naturliga havssaltet p\u00e5 marknaden med dubbel ekologisk certifiering.","og_url":"https:\/\/biosaltpearls.com\/sv\/producto\/ekologisk-ren-havssalt-pase-650g-salt-gourmet-bio-100-naturlig-oraffinerad-utan-tillsatser\/","og_site_name":"BioSalt Nortem Pearls","og_image":[{"width":1000,"height":1000,"url":"https:\/\/biosaltpearls.com\/wp-content\/uploads\/2022\/09\/sal-marina-virgen-ecologica-bolsa-650-fina-natural.jpg","type":"image\/jpeg"}],"twitter_card":"summary_large_image","schema":{"@context":"https:\/\/schema.org","@graph":[{"@type":"WebPage","@id":"https:\/\/biosaltpearls.com\/sv\/producto\/ekologisk-ren-havssalt-pase-650g-salt-gourmet-bio-100-naturlig-oraffinerad-utan-tillsatser\/","url":"https:\/\/biosaltpearls.com\/sv\/producto\/ekologisk-ren-havssalt-pase-650g-salt-gourmet-bio-100-naturlig-oraffinerad-utan-tillsatser\/","name":"Rent Naturligt Havssalt - P\u00e5se 650 g - BioSalt Nortem Pearls","isPartOf":{"@id":"https:\/\/biosaltpearls.com\/sv\/#website"},"primaryImageOfPage":{"@id":"https:\/\/biosaltpearls.com\/sv\/producto\/ekologisk-ren-havssalt-pase-650g-salt-gourmet-bio-100-naturlig-oraffinerad-utan-tillsatser\/#primaryimage"},"image":{"@id":"https:\/\/biosaltpearls.com\/sv\/producto\/ekologisk-ren-havssalt-pase-650g-salt-gourmet-bio-100-naturlig-oraffinerad-utan-tillsatser\/#primaryimage"},"thumbnailUrl":"https:\/\/biosaltpearls.com\/wp-content\/uploads\/2022\/09\/sal-marina-virgen-ecologica-bolsa-650-fina-natural.jpg","datePublished":"2022-10-10T13:16:12+00:00","description":"BioSalt-p\u00e4rlor, nu i p\u00e5seformat. Uppt\u00e4ck det f\u00f6rsta rena naturliga havssaltet p\u00e5 marknaden med dubbel ekologisk certifiering.","breadcrumb":{"@id":"https:\/\/biosaltpearls.com\/sv\/producto\/ekologisk-ren-havssalt-pase-650g-salt-gourmet-bio-100-naturlig-oraffinerad-utan-tillsatser\/#breadcrumb"},"inLanguage":"sv-SE","potentialAction":[{"@type":"ReadAction","target":["https:\/\/biosaltpearls.com\/sv\/producto\/ekologisk-ren-havssalt-pase-650g-salt-gourmet-bio-100-naturlig-oraffinerad-utan-tillsatser\/"]}]},{"@type":"ImageObject","inLanguage":"sv-SE","@id":"https:\/\/biosaltpearls.com\/sv\/producto\/ekologisk-ren-havssalt-pase-650g-salt-gourmet-bio-100-naturlig-oraffinerad-utan-tillsatser\/#primaryimage","url":"https:\/\/biosaltpearls.com\/wp-content\/uploads\/2022\/09\/sal-marina-virgen-ecologica-bolsa-650-fina-natural.jpg","contentUrl":"https:\/\/biosaltpearls.com\/wp-content\/uploads\/2022\/09\/sal-marina-virgen-ecologica-bolsa-650-fina-natural.jpg","width":1000,"height":1000},{"@type":"BreadcrumbList","@id":"https:\/\/biosaltpearls.com\/sv\/producto\/ekologisk-ren-havssalt-pase-650g-salt-gourmet-bio-100-naturlig-oraffinerad-utan-tillsatser\/#breadcrumb","itemListElement":[{"@type":"ListItem","position":1,"name":"Inicio","item":"https:\/\/biosaltpearls.com\/sv\/rena-ekologiska-havssaltparlor-biosalt\/"},{"@type":"ListItem","position":2,"name":"Butik","item":"https:\/\/biosaltpearls.com\/sv\/butik\/"},{"@type":"ListItem","position":3,"name":"Rent Ekologiskt Havssalt &#8211; P\u00e5se 650g. Gourmet-salt Bio 100 % naturlig. Obearbetat. Fri fr\u00e5n tillsatser."}]},{"@type":"WebSite","@id":"https:\/\/biosaltpearls.com\/sv\/#website","url":"https:\/\/biosaltpearls.com\/sv\/","name":"BioSalt Nortem Pearls","description":"Perlas de Sal Marina Virgen Ecol\u00f3gica","publisher":{"@id":"https:\/\/biosaltpearls.com\/sv\/#organization"},"potentialAction":[{"@type":"SearchAction","target":{"@type":"EntryPoint","urlTemplate":"https:\/\/biosaltpearls.com\/sv\/?s={search_term_string}"},"query-input":{"@type":"PropertyValueSpecification","valueRequired":true,"valueName":"search_term_string"}}],"inLanguage":"sv-SE"},{"@type":"Organization","@id":"https:\/\/biosaltpearls.com\/sv\/#organization","name":"BioSalt Pearls","url":"https:\/\/biosaltpearls.com\/sv\/","logo":{"@type":"ImageObject","inLanguage":"sv-SE","@id":"https:\/\/biosaltpearls.com\/sv\/#\/schema\/logo\/image\/","url":"https:\/\/biosaltpearls.com\/wp-content\/uploads\/2022\/11\/biosalt-perlas-sal-marina-virgen-natural-ecologica.jpg","contentUrl":"https:\/\/biosaltpearls.com\/wp-content\/uploads\/2022\/11\/biosalt-perlas-sal-marina-virgen-natural-ecologica.jpg","width":1000,"height":1000,"caption":"BioSalt Pearls"},"image":{"@id":"https:\/\/biosaltpearls.com\/sv\/#\/schema\/logo\/image\/"},"sameAs":["https:\/\/instagram.com\/biosalt"]}]}},"_links":{"self":[{"href":"https:\/\/biosaltpearls.com\/sv\/wp-json\/wp\/v2\/product\/13848","targetHints":{"allow":["GET"]}}],"collection":[{"href":"https:\/\/biosaltpearls.com\/sv\/wp-json\/wp\/v2\/product"}],"about":[{"href":"https:\/\/biosaltpearls.com\/sv\/wp-json\/wp\/v2\/types\/product"}],"replies":[{"embeddable":true,"href":"https:\/\/biosaltpearls.com\/sv\/wp-json\/wp\/v2\/comments?post=13848"}],"version-history":[{"count":0,"href":"https:\/\/biosaltpearls.com\/sv\/wp-json\/wp\/v2\/product\/13848\/revisions"}],"wp:featuredmedia":[{"embeddable":true,"href":"https:\/\/biosaltpearls.com\/sv\/wp-json\/wp\/v2\/media\/12967"}],"wp:attachment":[{"href":"https:\/\/biosaltpearls.com\/sv\/wp-json\/wp\/v2\/media?parent=13848"}],"wp:term":[{"taxonomy":"product_brand","embeddable":true,"href":"https:\/\/biosaltpearls.com\/sv\/wp-json\/wp\/v2\/product_brand?post=13848"},{"taxonomy":"product_cat","embeddable":true,"href":"https:\/\/biosaltpearls.com\/sv\/wp-json\/wp\/v2\/product_cat?post=13848"},{"taxonomy":"product_tag","embeddable":true,"href":"https:\/\/biosaltpearls.com\/sv\/wp-json\/wp\/v2\/product_tag?post=13848"}],"curies":[{"name":"wp","href":"https:\/\/api.w.org\/{rel}","templated":true}]}}