{"id":13843,"date":"2022-10-17T07:37:07","date_gmt":"2022-10-17T06:37:07","guid":{"rendered":"https:\/\/biosaltpearls.com\/producto\/rent-ekologiskt-havssalt-extra-grovt-salt-pase-650-g-2-st-gourmet-salt-bio-100-naturlig-obearbetat-fri-fran-tillsatser\/"},"modified":"2024-06-25T21:59:53","modified_gmt":"2024-06-25T20:59:53","slug":"rent-havssalt-organiskt-extra-grov-pase-650g-2-enheter-salt-gourmet-bio-100-naturligt-oraffinerat-utan-tillsatser","status":"publish","type":"product","link":"https:\/\/biosaltpearls.com\/sv\/producto\/rent-havssalt-organiskt-extra-grov-pase-650g-2-enheter-salt-gourmet-bio-100-naturligt-oraffinerat-utan-tillsatser\/","title":{"rendered":"Rent Ekologiskt Havssalt &#8211; Extra Grovt Salt P\u00e5se 650 g (2 st.). Gourmet-salt Bio 100 % naturlig. Obearbetat. Fri fr\u00e5n tillsatser."},"content":{"rendered":"","protected":false},"excerpt":{"rendered":"<p><strong>F\u00f6rpackning med 2 p\u00e5sar 650g &#8211; Extra grov.<\/strong><\/p>\n<p><strong>Rent ekologiskt havssalt<\/strong> av <strong>h\u00f6gsta<\/strong> kvalitet<\/p>\n<p>Best\u00e5r av <b>+70 viktiga mineraler och sp\u00e5r\u00e4mnen.<\/b><\/p>\n<p><b>Naturlig kristallisering<\/b> och v\u00e4tning mindre \u00e4n 2 %.<\/p>\n<p><strong>Oraffinerad<\/strong>, fri fr\u00e5n tillsatser och klumpf\u00f6rebyggande medel.<\/p>\n<p><strong>Certifierad ekologisk<\/strong><\/p>\n<p>BPA-fri och 100 % \u00e5tervinningsbar. Handgjord produkt fr\u00e5n Cadizbuktens naturpark.<\/p>\n","protected":false},"featured_media":13306,"comment_status":"open","ping_status":"closed","template":"","meta":[],"product_brand":[],"product_cat":[159],"product_tag":[160,205],"class_list":{"0":"post-13843","1":"product","2":"type-product","3":"status-publish","4":"has-post-thumbnail","6":"product_cat-biosalt-nortem-pearls-sv","7":"product_tag-biosalt-parlor","8":"product_tag-sparpaket-biosalt-parlor","10":"first","11":"instock","12":"taxable","13":"shipping-taxable","14":"purchasable","15":"product-type-simple"},"yoast_head":"<!-- This site is optimized with the Yoast SEO plugin v27.4 - https:\/\/yoast.com\/product\/yoast-seo-wordpress\/ -->\n<title>Rent Ekologiskt Havssalt - Extra Grovt Salt P\u00e5se 650 g (2 st.). Gourmet-salt Bio 100 % naturlig. Obearbetat. Fri fr\u00e5n tillsatser. - BioSalt Nortem Pearls<\/title>\n<meta name=\"robots\" content=\"index, follow, max-snippet:-1, max-image-preview:large, max-video-preview:-1\" \/>\n<link rel=\"canonical\" href=\"https:\/\/biosaltpearls.com\/sv\/producto\/rent-havssalt-organiskt-extra-grov-pase-650g-2-enheter-salt-gourmet-bio-100-naturligt-oraffinerat-utan-tillsatser\/\" \/>\n<meta property=\"og:locale\" content=\"sv_SE\" \/>\n<meta property=\"og:type\" content=\"article\" \/>\n<meta property=\"og:title\" content=\"Rent Ekologiskt Havssalt - Extra Grovt Salt P\u00e5se 650 g (2 st.). Gourmet-salt Bio 100 % naturlig. Obearbetat. Fri fr\u00e5n tillsatser. - BioSalt Nortem Pearls\" \/>\n<meta property=\"og:description\" content=\"F\u00f6rpackning med 2 p\u00e5sar 650g - Extra grov. Rent ekologiskt havssalt av h\u00f6gsta kvalitet Best\u00e5r av +70 viktiga mineraler och sp\u00e5r\u00e4mnen. Naturlig kristallisering och v\u00e4tning mindre \u00e4n 2 %. Oraffinerad, fri fr\u00e5n tillsatser och klumpf\u00f6rebyggande medel. Certifierad ekologisk BPA-fri och 100 % \u00e5tervinningsbar. Handgjord produkt fr\u00e5n Cadizbuktens naturpark.\" \/>\n<meta property=\"og:url\" content=\"https:\/\/biosaltpearls.com\/sv\/producto\/rent-havssalt-organiskt-extra-grov-pase-650g-2-enheter-salt-gourmet-bio-100-naturligt-oraffinerat-utan-tillsatser\/\" \/>\n<meta property=\"og:site_name\" content=\"BioSalt Nortem Pearls\" \/>\n<meta property=\"article:modified_time\" content=\"2024-06-25T20:59:53+00:00\" \/>\n<meta property=\"og:image\" content=\"https:\/\/biosaltpearls.com\/wp-content\/uploads\/2022\/10\/Bolsas-Biosalt-Pack-X2-extra-gruesa.jpg\" \/>\n\t<meta property=\"og:image:width\" content=\"1000\" \/>\n\t<meta property=\"og:image:height\" content=\"1000\" \/>\n\t<meta property=\"og:image:type\" content=\"image\/jpeg\" \/>\n<meta name=\"twitter:card\" content=\"summary_large_image\" \/>\n<script type=\"application\/ld+json\" class=\"yoast-schema-graph\">{\"@context\":\"https:\\\/\\\/schema.org\",\"@graph\":[{\"@type\":\"WebPage\",\"@id\":\"https:\\\/\\\/biosaltpearls.com\\\/sv\\\/producto\\\/rent-havssalt-organiskt-extra-grov-pase-650g-2-enheter-salt-gourmet-bio-100-naturligt-oraffinerat-utan-tillsatser\\\/\",\"url\":\"https:\\\/\\\/biosaltpearls.com\\\/sv\\\/producto\\\/rent-havssalt-organiskt-extra-grov-pase-650g-2-enheter-salt-gourmet-bio-100-naturligt-oraffinerat-utan-tillsatser\\\/\",\"name\":\"Rent Ekologiskt Havssalt - Extra Grovt Salt P\u00e5se 650 g (2 st.). Gourmet-salt Bio 100 % naturlig. Obearbetat. Fri fr\u00e5n tillsatser. - BioSalt Nortem Pearls\",\"isPartOf\":{\"@id\":\"https:\\\/\\\/biosaltpearls.com\\\/sv\\\/#website\"},\"primaryImageOfPage\":{\"@id\":\"https:\\\/\\\/biosaltpearls.com\\\/sv\\\/producto\\\/rent-havssalt-organiskt-extra-grov-pase-650g-2-enheter-salt-gourmet-bio-100-naturligt-oraffinerat-utan-tillsatser\\\/#primaryimage\"},\"image\":{\"@id\":\"https:\\\/\\\/biosaltpearls.com\\\/sv\\\/producto\\\/rent-havssalt-organiskt-extra-grov-pase-650g-2-enheter-salt-gourmet-bio-100-naturligt-oraffinerat-utan-tillsatser\\\/#primaryimage\"},\"thumbnailUrl\":\"https:\\\/\\\/biosaltpearls.com\\\/wp-content\\\/uploads\\\/2022\\\/10\\\/Bolsas-Biosalt-Pack-X2-extra-gruesa.jpg\",\"datePublished\":\"2022-10-17T06:37:07+00:00\",\"dateModified\":\"2024-06-25T20:59:53+00:00\",\"breadcrumb\":{\"@id\":\"https:\\\/\\\/biosaltpearls.com\\\/sv\\\/producto\\\/rent-havssalt-organiskt-extra-grov-pase-650g-2-enheter-salt-gourmet-bio-100-naturligt-oraffinerat-utan-tillsatser\\\/#breadcrumb\"},\"inLanguage\":\"sv-SE\",\"potentialAction\":[{\"@type\":\"ReadAction\",\"target\":[\"https:\\\/\\\/biosaltpearls.com\\\/sv\\\/producto\\\/rent-havssalt-organiskt-extra-grov-pase-650g-2-enheter-salt-gourmet-bio-100-naturligt-oraffinerat-utan-tillsatser\\\/\"]}]},{\"@type\":\"ImageObject\",\"inLanguage\":\"sv-SE\",\"@id\":\"https:\\\/\\\/biosaltpearls.com\\\/sv\\\/producto\\\/rent-havssalt-organiskt-extra-grov-pase-650g-2-enheter-salt-gourmet-bio-100-naturligt-oraffinerat-utan-tillsatser\\\/#primaryimage\",\"url\":\"https:\\\/\\\/biosaltpearls.com\\\/wp-content\\\/uploads\\\/2022\\\/10\\\/Bolsas-Biosalt-Pack-X2-extra-gruesa.jpg\",\"contentUrl\":\"https:\\\/\\\/biosaltpearls.com\\\/wp-content\\\/uploads\\\/2022\\\/10\\\/Bolsas-Biosalt-Pack-X2-extra-gruesa.jpg\",\"width\":1000,\"height\":1000},{\"@type\":\"BreadcrumbList\",\"@id\":\"https:\\\/\\\/biosaltpearls.com\\\/sv\\\/producto\\\/rent-havssalt-organiskt-extra-grov-pase-650g-2-enheter-salt-gourmet-bio-100-naturligt-oraffinerat-utan-tillsatser\\\/#breadcrumb\",\"itemListElement\":[{\"@type\":\"ListItem\",\"position\":1,\"name\":\"Inicio\",\"item\":\"https:\\\/\\\/biosaltpearls.com\\\/sv\\\/rena-ekologiska-havssaltparlor-biosalt\\\/\"},{\"@type\":\"ListItem\",\"position\":2,\"name\":\"Butik\",\"item\":\"https:\\\/\\\/biosaltpearls.com\\\/sv\\\/butik\\\/\"},{\"@type\":\"ListItem\",\"position\":3,\"name\":\"Rent Ekologiskt Havssalt &#8211; Extra Grovt Salt P\u00e5se 650 g (2 st.). Gourmet-salt Bio 100 % naturlig. Obearbetat. Fri fr\u00e5n tillsatser.\"}]},{\"@type\":\"WebSite\",\"@id\":\"https:\\\/\\\/biosaltpearls.com\\\/sv\\\/#website\",\"url\":\"https:\\\/\\\/biosaltpearls.com\\\/sv\\\/\",\"name\":\"BioSalt Nortem Pearls\",\"description\":\"Perlas de Sal Marina Virgen Ecol\u00f3gica\",\"publisher\":{\"@id\":\"https:\\\/\\\/biosaltpearls.com\\\/sv\\\/#organization\"},\"potentialAction\":[{\"@type\":\"SearchAction\",\"target\":{\"@type\":\"EntryPoint\",\"urlTemplate\":\"https:\\\/\\\/biosaltpearls.com\\\/sv\\\/?s={search_term_string}\"},\"query-input\":{\"@type\":\"PropertyValueSpecification\",\"valueRequired\":true,\"valueName\":\"search_term_string\"}}],\"inLanguage\":\"sv-SE\"},{\"@type\":\"Organization\",\"@id\":\"https:\\\/\\\/biosaltpearls.com\\\/sv\\\/#organization\",\"name\":\"BioSalt Pearls\",\"url\":\"https:\\\/\\\/biosaltpearls.com\\\/sv\\\/\",\"logo\":{\"@type\":\"ImageObject\",\"inLanguage\":\"sv-SE\",\"@id\":\"https:\\\/\\\/biosaltpearls.com\\\/sv\\\/#\\\/schema\\\/logo\\\/image\\\/\",\"url\":\"https:\\\/\\\/biosaltpearls.com\\\/wp-content\\\/uploads\\\/2022\\\/11\\\/biosalt-perlas-sal-marina-virgen-natural-ecologica.jpg\",\"contentUrl\":\"https:\\\/\\\/biosaltpearls.com\\\/wp-content\\\/uploads\\\/2022\\\/11\\\/biosalt-perlas-sal-marina-virgen-natural-ecologica.jpg\",\"width\":1000,\"height\":1000,\"caption\":\"BioSalt Pearls\"},\"image\":{\"@id\":\"https:\\\/\\\/biosaltpearls.com\\\/sv\\\/#\\\/schema\\\/logo\\\/image\\\/\"},\"sameAs\":[\"https:\\\/\\\/instagram.com\\\/biosalt\"]}]}<\/script>\n<!-- \/ Yoast SEO plugin. -->","yoast_head_json":{"title":"Rent Ekologiskt Havssalt - Extra Grovt Salt P\u00e5se 650 g (2 st.). Gourmet-salt Bio 100 % naturlig. Obearbetat. Fri fr\u00e5n tillsatser. - BioSalt Nortem Pearls","robots":{"index":"index","follow":"follow","max-snippet":"max-snippet:-1","max-image-preview":"max-image-preview:large","max-video-preview":"max-video-preview:-1"},"canonical":"https:\/\/biosaltpearls.com\/sv\/producto\/rent-havssalt-organiskt-extra-grov-pase-650g-2-enheter-salt-gourmet-bio-100-naturligt-oraffinerat-utan-tillsatser\/","og_locale":"sv_SE","og_type":"article","og_title":"Rent Ekologiskt Havssalt - Extra Grovt Salt P\u00e5se 650 g (2 st.). Gourmet-salt Bio 100 % naturlig. Obearbetat. Fri fr\u00e5n tillsatser. - BioSalt Nortem Pearls","og_description":"F\u00f6rpackning med 2 p\u00e5sar 650g - Extra grov. Rent ekologiskt havssalt av h\u00f6gsta kvalitet Best\u00e5r av +70 viktiga mineraler och sp\u00e5r\u00e4mnen. Naturlig kristallisering och v\u00e4tning mindre \u00e4n 2 %. Oraffinerad, fri fr\u00e5n tillsatser och klumpf\u00f6rebyggande medel. Certifierad ekologisk BPA-fri och 100 % \u00e5tervinningsbar. Handgjord produkt fr\u00e5n Cadizbuktens naturpark.","og_url":"https:\/\/biosaltpearls.com\/sv\/producto\/rent-havssalt-organiskt-extra-grov-pase-650g-2-enheter-salt-gourmet-bio-100-naturligt-oraffinerat-utan-tillsatser\/","og_site_name":"BioSalt Nortem Pearls","article_modified_time":"2024-06-25T20:59:53+00:00","og_image":[{"width":1000,"height":1000,"url":"https:\/\/biosaltpearls.com\/wp-content\/uploads\/2022\/10\/Bolsas-Biosalt-Pack-X2-extra-gruesa.jpg","type":"image\/jpeg"}],"twitter_card":"summary_large_image","schema":{"@context":"https:\/\/schema.org","@graph":[{"@type":"WebPage","@id":"https:\/\/biosaltpearls.com\/sv\/producto\/rent-havssalt-organiskt-extra-grov-pase-650g-2-enheter-salt-gourmet-bio-100-naturligt-oraffinerat-utan-tillsatser\/","url":"https:\/\/biosaltpearls.com\/sv\/producto\/rent-havssalt-organiskt-extra-grov-pase-650g-2-enheter-salt-gourmet-bio-100-naturligt-oraffinerat-utan-tillsatser\/","name":"Rent Ekologiskt Havssalt - Extra Grovt Salt P\u00e5se 650 g (2 st.). Gourmet-salt Bio 100 % naturlig. Obearbetat. Fri fr\u00e5n tillsatser. - BioSalt Nortem Pearls","isPartOf":{"@id":"https:\/\/biosaltpearls.com\/sv\/#website"},"primaryImageOfPage":{"@id":"https:\/\/biosaltpearls.com\/sv\/producto\/rent-havssalt-organiskt-extra-grov-pase-650g-2-enheter-salt-gourmet-bio-100-naturligt-oraffinerat-utan-tillsatser\/#primaryimage"},"image":{"@id":"https:\/\/biosaltpearls.com\/sv\/producto\/rent-havssalt-organiskt-extra-grov-pase-650g-2-enheter-salt-gourmet-bio-100-naturligt-oraffinerat-utan-tillsatser\/#primaryimage"},"thumbnailUrl":"https:\/\/biosaltpearls.com\/wp-content\/uploads\/2022\/10\/Bolsas-Biosalt-Pack-X2-extra-gruesa.jpg","datePublished":"2022-10-17T06:37:07+00:00","dateModified":"2024-06-25T20:59:53+00:00","breadcrumb":{"@id":"https:\/\/biosaltpearls.com\/sv\/producto\/rent-havssalt-organiskt-extra-grov-pase-650g-2-enheter-salt-gourmet-bio-100-naturligt-oraffinerat-utan-tillsatser\/#breadcrumb"},"inLanguage":"sv-SE","potentialAction":[{"@type":"ReadAction","target":["https:\/\/biosaltpearls.com\/sv\/producto\/rent-havssalt-organiskt-extra-grov-pase-650g-2-enheter-salt-gourmet-bio-100-naturligt-oraffinerat-utan-tillsatser\/"]}]},{"@type":"ImageObject","inLanguage":"sv-SE","@id":"https:\/\/biosaltpearls.com\/sv\/producto\/rent-havssalt-organiskt-extra-grov-pase-650g-2-enheter-salt-gourmet-bio-100-naturligt-oraffinerat-utan-tillsatser\/#primaryimage","url":"https:\/\/biosaltpearls.com\/wp-content\/uploads\/2022\/10\/Bolsas-Biosalt-Pack-X2-extra-gruesa.jpg","contentUrl":"https:\/\/biosaltpearls.com\/wp-content\/uploads\/2022\/10\/Bolsas-Biosalt-Pack-X2-extra-gruesa.jpg","width":1000,"height":1000},{"@type":"BreadcrumbList","@id":"https:\/\/biosaltpearls.com\/sv\/producto\/rent-havssalt-organiskt-extra-grov-pase-650g-2-enheter-salt-gourmet-bio-100-naturligt-oraffinerat-utan-tillsatser\/#breadcrumb","itemListElement":[{"@type":"ListItem","position":1,"name":"Inicio","item":"https:\/\/biosaltpearls.com\/sv\/rena-ekologiska-havssaltparlor-biosalt\/"},{"@type":"ListItem","position":2,"name":"Butik","item":"https:\/\/biosaltpearls.com\/sv\/butik\/"},{"@type":"ListItem","position":3,"name":"Rent Ekologiskt Havssalt &#8211; Extra Grovt Salt P\u00e5se 650 g (2 st.). Gourmet-salt Bio 100 % naturlig. Obearbetat. Fri fr\u00e5n tillsatser."}]},{"@type":"WebSite","@id":"https:\/\/biosaltpearls.com\/sv\/#website","url":"https:\/\/biosaltpearls.com\/sv\/","name":"BioSalt Nortem Pearls","description":"Perlas de Sal Marina Virgen Ecol\u00f3gica","publisher":{"@id":"https:\/\/biosaltpearls.com\/sv\/#organization"},"potentialAction":[{"@type":"SearchAction","target":{"@type":"EntryPoint","urlTemplate":"https:\/\/biosaltpearls.com\/sv\/?s={search_term_string}"},"query-input":{"@type":"PropertyValueSpecification","valueRequired":true,"valueName":"search_term_string"}}],"inLanguage":"sv-SE"},{"@type":"Organization","@id":"https:\/\/biosaltpearls.com\/sv\/#organization","name":"BioSalt Pearls","url":"https:\/\/biosaltpearls.com\/sv\/","logo":{"@type":"ImageObject","inLanguage":"sv-SE","@id":"https:\/\/biosaltpearls.com\/sv\/#\/schema\/logo\/image\/","url":"https:\/\/biosaltpearls.com\/wp-content\/uploads\/2022\/11\/biosalt-perlas-sal-marina-virgen-natural-ecologica.jpg","contentUrl":"https:\/\/biosaltpearls.com\/wp-content\/uploads\/2022\/11\/biosalt-perlas-sal-marina-virgen-natural-ecologica.jpg","width":1000,"height":1000,"caption":"BioSalt Pearls"},"image":{"@id":"https:\/\/biosaltpearls.com\/sv\/#\/schema\/logo\/image\/"},"sameAs":["https:\/\/instagram.com\/biosalt"]}]}},"_links":{"self":[{"href":"https:\/\/biosaltpearls.com\/sv\/wp-json\/wp\/v2\/product\/13843","targetHints":{"allow":["GET"]}}],"collection":[{"href":"https:\/\/biosaltpearls.com\/sv\/wp-json\/wp\/v2\/product"}],"about":[{"href":"https:\/\/biosaltpearls.com\/sv\/wp-json\/wp\/v2\/types\/product"}],"replies":[{"embeddable":true,"href":"https:\/\/biosaltpearls.com\/sv\/wp-json\/wp\/v2\/comments?post=13843"}],"version-history":[{"count":0,"href":"https:\/\/biosaltpearls.com\/sv\/wp-json\/wp\/v2\/product\/13843\/revisions"}],"wp:featuredmedia":[{"embeddable":true,"href":"https:\/\/biosaltpearls.com\/sv\/wp-json\/wp\/v2\/media\/13306"}],"wp:attachment":[{"href":"https:\/\/biosaltpearls.com\/sv\/wp-json\/wp\/v2\/media?parent=13843"}],"wp:term":[{"taxonomy":"product_brand","embeddable":true,"href":"https:\/\/biosaltpearls.com\/sv\/wp-json\/wp\/v2\/product_brand?post=13843"},{"taxonomy":"product_cat","embeddable":true,"href":"https:\/\/biosaltpearls.com\/sv\/wp-json\/wp\/v2\/product_cat?post=13843"},{"taxonomy":"product_tag","embeddable":true,"href":"https:\/\/biosaltpearls.com\/sv\/wp-json\/wp\/v2\/product_tag?post=13843"}],"curies":[{"name":"wp","href":"https:\/\/api.w.org\/{rel}","templated":true}]}}