{"id":14236,"date":"2022-09-30T11:47:59","date_gmt":"2022-09-30T10:47:59","guid":{"rendered":"https:\/\/biosaltpearls.com\/producto\/sal-marinho-virgem-organico-pacote-2x200g-tarrinas-fina-e-grossa-pacote-650g-fina-sal-gourmet-biologico-100-natural-nao-definido-sem-aditivos\/"},"modified":"2022-09-30T11:47:59","modified_gmt":"2022-09-30T10:47:59","slug":"organico-marinho-virgem-ecologico-sal-pack-2x200g-tarrines-fina-e-thick-bag-650g-fina-gourmet-salt-bio-100-natural-unrefined-without-additives","status":"publish","type":"product","link":"https:\/\/biosaltpearls.com\/pt-pt\/producto\/organico-marinho-virgem-ecologico-sal-pack-2x200g-tarrines-fina-e-thick-bag-650g-fina-gourmet-salt-bio-100-natural-unrefined-without-additives\/","title":{"rendered":"Sal marinho virgem org\u00e2nico &#8211; Pacote 2x200g Tarrinas (Fina e Grossa) + Pacote 650g Fina. Sal Gourmet Biol\u00f3gico 100% Natural. N\u00e3o definido. Sem aditivos."},"content":{"rendered":"","protected":false},"excerpt":{"rendered":"<p>Pacote <strong>2 Tarrinas (Fino e Grosso)<\/strong> + <strong>Saco 650g Fino.<\/strong><\/p>\n<p><strong>Sal marinho virgem org\u00e2nico<\/strong> de qualidade <strong>superior<\/strong><\/p>\n<p>Composto por <b>+70 minerais essenciais e oligoelementos<\/b>.<\/p>\n<p><b>Cristaliza\u00e7\u00e3o natural<\/b> e humedecimento inferior a 2%.<\/p>\n<p><strong>N\u00e3o refinado<\/strong>, livre de aditivos e antiaglomerante.<\/p>\n<p><strong>Org\u00e2nicos certificados<\/strong><\/p>\n<p>BPA livre e 100% recicl\u00e1vel<\/p>\n<p>Produto feito \u00e0 m\u00e3o a partir do Parque Natural da Ba\u00eda de C\u00e1dis.<\/p>\n","protected":false},"featured_media":14717,"comment_status":"open","ping_status":"closed","template":"","meta":[],"product_brand":[],"product_cat":[157],"product_tag":[215,158],"class_list":{"0":"post-14236","1":"product","2":"type-product","3":"status-publish","4":"has-post-thumbnail","6":"product_cat-biosalt-nortem-pearls-pt-pt","7":"product_tag-pacotes-de-poupanca-perolas-biosalt","8":"product_tag-perolas-do-biosalt","10":"first","11":"instock","12":"taxable","13":"shipping-taxable","14":"purchasable","15":"product-type-simple"},"yoast_head":"<!-- This site is optimized with the Yoast SEO plugin v27.4 - https:\/\/yoast.com\/product\/yoast-seo-wordpress\/ -->\n<title>Sal marinho virgem org\u00e2nico - Pacote 2x200g Tarrinas (Fina e Grossa) + Pacote 650g Fina. Sal Gourmet Biol\u00f3gico 100% Natural. N\u00e3o definido. Sem aditivos.<\/title>\n<meta name=\"robots\" content=\"index, follow, max-snippet:-1, max-image-preview:large, max-video-preview:-1\" \/>\n<link rel=\"canonical\" href=\"https:\/\/biosaltpearls.com\/pt-pt\/producto\/organico-marinho-virgem-ecologico-sal-pack-2x200g-tarrines-fina-e-thick-bag-650g-fina-gourmet-salt-bio-100-natural-unrefined-without-additives\/\" \/>\n<meta property=\"og:locale\" content=\"pt_PT\" \/>\n<meta property=\"og:type\" content=\"article\" \/>\n<meta property=\"og:title\" content=\"Sal marinho virgem org\u00e2nico - Pacote 2x200g Tarrinas (Fina e Grossa) + Pacote 650g Fina. Sal Gourmet Biol\u00f3gico 100% Natural. N\u00e3o definido. Sem aditivos.\" \/>\n<meta property=\"og:description\" content=\"Pacote 2 Tarrinas (Fino e Grosso) + Saco 650g Fino. Sal marinho virgem org\u00e2nico de qualidade superior Composto por +70 minerais essenciais e oligoelementos. Cristaliza\u00e7\u00e3o natural e humedecimento inferior a 2%. N\u00e3o refinado, livre de aditivos e antiaglomerante. Org\u00e2nicos certificados BPA livre e 100% recicl\u00e1vel Produto feito \u00e0 m\u00e3o a partir do Parque Natural da Ba\u00eda de C\u00e1dis.\" \/>\n<meta property=\"og:url\" content=\"https:\/\/biosaltpearls.com\/pt-pt\/producto\/organico-marinho-virgem-ecologico-sal-pack-2x200g-tarrines-fina-e-thick-bag-650g-fina-gourmet-salt-bio-100-natural-unrefined-without-additives\/\" \/>\n<meta property=\"og:site_name\" content=\"BioSalt Nortem Pearls\" \/>\n<meta property=\"og:image\" content=\"https:\/\/biosaltpearls.com\/wp-content\/uploads\/2022\/09\/x2_tarrinas_biosalt_finagruesa_200gr__bolsa_fina_amazon.jpg\" \/>\n\t<meta property=\"og:image:width\" content=\"1000\" \/>\n\t<meta property=\"og:image:height\" content=\"1000\" \/>\n\t<meta property=\"og:image:type\" content=\"image\/jpeg\" \/>\n<meta name=\"twitter:card\" content=\"summary_large_image\" \/>\n<script type=\"application\/ld+json\" class=\"yoast-schema-graph\">{\"@context\":\"https:\\\/\\\/schema.org\",\"@graph\":[{\"@type\":\"WebPage\",\"@id\":\"https:\\\/\\\/biosaltpearls.com\\\/pt-pt\\\/producto\\\/organico-marinho-virgem-ecologico-sal-pack-2x200g-tarrines-fina-e-thick-bag-650g-fina-gourmet-salt-bio-100-natural-unrefined-without-additives\\\/\",\"url\":\"https:\\\/\\\/biosaltpearls.com\\\/pt-pt\\\/producto\\\/organico-marinho-virgem-ecologico-sal-pack-2x200g-tarrines-fina-e-thick-bag-650g-fina-gourmet-salt-bio-100-natural-unrefined-without-additives\\\/\",\"name\":\"Sal marinho virgem org\u00e2nico - Pacote 2x200g Tarrinas (Fina e Grossa) + Pacote 650g Fina. Sal Gourmet Biol\u00f3gico 100% Natural. N\u00e3o definido. Sem aditivos.\",\"isPartOf\":{\"@id\":\"https:\\\/\\\/biosaltpearls.com\\\/pt-pt\\\/#website\"},\"primaryImageOfPage\":{\"@id\":\"https:\\\/\\\/biosaltpearls.com\\\/pt-pt\\\/producto\\\/organico-marinho-virgem-ecologico-sal-pack-2x200g-tarrines-fina-e-thick-bag-650g-fina-gourmet-salt-bio-100-natural-unrefined-without-additives\\\/#primaryimage\"},\"image\":{\"@id\":\"https:\\\/\\\/biosaltpearls.com\\\/pt-pt\\\/producto\\\/organico-marinho-virgem-ecologico-sal-pack-2x200g-tarrines-fina-e-thick-bag-650g-fina-gourmet-salt-bio-100-natural-unrefined-without-additives\\\/#primaryimage\"},\"thumbnailUrl\":\"https:\\\/\\\/biosaltpearls.com\\\/wp-content\\\/uploads\\\/2022\\\/09\\\/sal-marina-virgen-saludable.webp\",\"datePublished\":\"2022-09-30T10:47:59+00:00\",\"breadcrumb\":{\"@id\":\"https:\\\/\\\/biosaltpearls.com\\\/pt-pt\\\/producto\\\/organico-marinho-virgem-ecologico-sal-pack-2x200g-tarrines-fina-e-thick-bag-650g-fina-gourmet-salt-bio-100-natural-unrefined-without-additives\\\/#breadcrumb\"},\"inLanguage\":\"pt-PT\",\"potentialAction\":[{\"@type\":\"ReadAction\",\"target\":[\"https:\\\/\\\/biosaltpearls.com\\\/pt-pt\\\/producto\\\/organico-marinho-virgem-ecologico-sal-pack-2x200g-tarrines-fina-e-thick-bag-650g-fina-gourmet-salt-bio-100-natural-unrefined-without-additives\\\/\"]}]},{\"@type\":\"ImageObject\",\"inLanguage\":\"pt-PT\",\"@id\":\"https:\\\/\\\/biosaltpearls.com\\\/pt-pt\\\/producto\\\/organico-marinho-virgem-ecologico-sal-pack-2x200g-tarrines-fina-e-thick-bag-650g-fina-gourmet-salt-bio-100-natural-unrefined-without-additives\\\/#primaryimage\",\"url\":\"https:\\\/\\\/biosaltpearls.com\\\/wp-content\\\/uploads\\\/2022\\\/09\\\/sal-marina-virgen-saludable.webp\",\"contentUrl\":\"https:\\\/\\\/biosaltpearls.com\\\/wp-content\\\/uploads\\\/2022\\\/09\\\/sal-marina-virgen-saludable.webp\",\"width\":1000,\"height\":1000},{\"@type\":\"BreadcrumbList\",\"@id\":\"https:\\\/\\\/biosaltpearls.com\\\/pt-pt\\\/producto\\\/organico-marinho-virgem-ecologico-sal-pack-2x200g-tarrines-fina-e-thick-bag-650g-fina-gourmet-salt-bio-100-natural-unrefined-without-additives\\\/#breadcrumb\",\"itemListElement\":[{\"@type\":\"ListItem\",\"position\":1,\"name\":\"Inicio\",\"item\":\"https:\\\/\\\/biosaltpearls.com\\\/pt-pt\\\/sal-marinho-virgem-organico-biosalt-pearls\\\/\"},{\"@type\":\"ListItem\",\"position\":2,\"name\":\"Loja\",\"item\":\"https:\\\/\\\/biosaltpearls.com\\\/pt-pt\\\/loja\\\/\"},{\"@type\":\"ListItem\",\"position\":3,\"name\":\"Sal marinho virgem org\u00e2nico &#8211; Pacote 2x200g Tarrinas (Fina e Grossa) + Pacote 650g Fina. Sal Gourmet Biol\u00f3gico 100% Natural. N\u00e3o definido. Sem aditivos.\"}]},{\"@type\":\"WebSite\",\"@id\":\"https:\\\/\\\/biosaltpearls.com\\\/pt-pt\\\/#website\",\"url\":\"https:\\\/\\\/biosaltpearls.com\\\/pt-pt\\\/\",\"name\":\"BioSalt Nortem Pearls\",\"description\":\"Perlas de Sal Marina Virgen Ecol\u00f3gica\",\"publisher\":{\"@id\":\"https:\\\/\\\/biosaltpearls.com\\\/pt-pt\\\/#organization\"},\"potentialAction\":[{\"@type\":\"SearchAction\",\"target\":{\"@type\":\"EntryPoint\",\"urlTemplate\":\"https:\\\/\\\/biosaltpearls.com\\\/pt-pt\\\/?s={search_term_string}\"},\"query-input\":{\"@type\":\"PropertyValueSpecification\",\"valueRequired\":true,\"valueName\":\"search_term_string\"}}],\"inLanguage\":\"pt-PT\"},{\"@type\":\"Organization\",\"@id\":\"https:\\\/\\\/biosaltpearls.com\\\/pt-pt\\\/#organization\",\"name\":\"BioSalt Pearls\",\"url\":\"https:\\\/\\\/biosaltpearls.com\\\/pt-pt\\\/\",\"logo\":{\"@type\":\"ImageObject\",\"inLanguage\":\"pt-PT\",\"@id\":\"https:\\\/\\\/biosaltpearls.com\\\/pt-pt\\\/#\\\/schema\\\/logo\\\/image\\\/\",\"url\":\"https:\\\/\\\/biosaltpearls.com\\\/wp-content\\\/uploads\\\/2022\\\/11\\\/biosalt-perlas-sal-marina-virgen-natural-ecologica.jpg\",\"contentUrl\":\"https:\\\/\\\/biosaltpearls.com\\\/wp-content\\\/uploads\\\/2022\\\/11\\\/biosalt-perlas-sal-marina-virgen-natural-ecologica.jpg\",\"width\":1000,\"height\":1000,\"caption\":\"BioSalt Pearls\"},\"image\":{\"@id\":\"https:\\\/\\\/biosaltpearls.com\\\/pt-pt\\\/#\\\/schema\\\/logo\\\/image\\\/\"},\"sameAs\":[\"https:\\\/\\\/instagram.com\\\/biosalt\"]}]}<\/script>\n<!-- \/ Yoast SEO plugin. -->","yoast_head_json":{"title":"Sal marinho virgem org\u00e2nico - Pacote 2x200g Tarrinas (Fina e Grossa) + Pacote 650g Fina. Sal Gourmet Biol\u00f3gico 100% Natural. N\u00e3o definido. Sem aditivos.","robots":{"index":"index","follow":"follow","max-snippet":"max-snippet:-1","max-image-preview":"max-image-preview:large","max-video-preview":"max-video-preview:-1"},"canonical":"https:\/\/biosaltpearls.com\/pt-pt\/producto\/organico-marinho-virgem-ecologico-sal-pack-2x200g-tarrines-fina-e-thick-bag-650g-fina-gourmet-salt-bio-100-natural-unrefined-without-additives\/","og_locale":"pt_PT","og_type":"article","og_title":"Sal marinho virgem org\u00e2nico - Pacote 2x200g Tarrinas (Fina e Grossa) + Pacote 650g Fina. Sal Gourmet Biol\u00f3gico 100% Natural. N\u00e3o definido. Sem aditivos.","og_description":"Pacote 2 Tarrinas (Fino e Grosso) + Saco 650g Fino. Sal marinho virgem org\u00e2nico de qualidade superior Composto por +70 minerais essenciais e oligoelementos. Cristaliza\u00e7\u00e3o natural e humedecimento inferior a 2%. N\u00e3o refinado, livre de aditivos e antiaglomerante. Org\u00e2nicos certificados BPA livre e 100% recicl\u00e1vel Produto feito \u00e0 m\u00e3o a partir do Parque Natural da Ba\u00eda de C\u00e1dis.","og_url":"https:\/\/biosaltpearls.com\/pt-pt\/producto\/organico-marinho-virgem-ecologico-sal-pack-2x200g-tarrines-fina-e-thick-bag-650g-fina-gourmet-salt-bio-100-natural-unrefined-without-additives\/","og_site_name":"BioSalt Nortem Pearls","og_image":[{"width":1000,"height":1000,"url":"https:\/\/biosaltpearls.com\/wp-content\/uploads\/2022\/09\/x2_tarrinas_biosalt_finagruesa_200gr__bolsa_fina_amazon.jpg","type":"image\/jpeg"}],"twitter_card":"summary_large_image","schema":{"@context":"https:\/\/schema.org","@graph":[{"@type":"WebPage","@id":"https:\/\/biosaltpearls.com\/pt-pt\/producto\/organico-marinho-virgem-ecologico-sal-pack-2x200g-tarrines-fina-e-thick-bag-650g-fina-gourmet-salt-bio-100-natural-unrefined-without-additives\/","url":"https:\/\/biosaltpearls.com\/pt-pt\/producto\/organico-marinho-virgem-ecologico-sal-pack-2x200g-tarrines-fina-e-thick-bag-650g-fina-gourmet-salt-bio-100-natural-unrefined-without-additives\/","name":"Sal marinho virgem org\u00e2nico - Pacote 2x200g Tarrinas (Fina e Grossa) + Pacote 650g Fina. Sal Gourmet Biol\u00f3gico 100% Natural. N\u00e3o definido. Sem aditivos.","isPartOf":{"@id":"https:\/\/biosaltpearls.com\/pt-pt\/#website"},"primaryImageOfPage":{"@id":"https:\/\/biosaltpearls.com\/pt-pt\/producto\/organico-marinho-virgem-ecologico-sal-pack-2x200g-tarrines-fina-e-thick-bag-650g-fina-gourmet-salt-bio-100-natural-unrefined-without-additives\/#primaryimage"},"image":{"@id":"https:\/\/biosaltpearls.com\/pt-pt\/producto\/organico-marinho-virgem-ecologico-sal-pack-2x200g-tarrines-fina-e-thick-bag-650g-fina-gourmet-salt-bio-100-natural-unrefined-without-additives\/#primaryimage"},"thumbnailUrl":"https:\/\/biosaltpearls.com\/wp-content\/uploads\/2022\/09\/sal-marina-virgen-saludable.webp","datePublished":"2022-09-30T10:47:59+00:00","breadcrumb":{"@id":"https:\/\/biosaltpearls.com\/pt-pt\/producto\/organico-marinho-virgem-ecologico-sal-pack-2x200g-tarrines-fina-e-thick-bag-650g-fina-gourmet-salt-bio-100-natural-unrefined-without-additives\/#breadcrumb"},"inLanguage":"pt-PT","potentialAction":[{"@type":"ReadAction","target":["https:\/\/biosaltpearls.com\/pt-pt\/producto\/organico-marinho-virgem-ecologico-sal-pack-2x200g-tarrines-fina-e-thick-bag-650g-fina-gourmet-salt-bio-100-natural-unrefined-without-additives\/"]}]},{"@type":"ImageObject","inLanguage":"pt-PT","@id":"https:\/\/biosaltpearls.com\/pt-pt\/producto\/organico-marinho-virgem-ecologico-sal-pack-2x200g-tarrines-fina-e-thick-bag-650g-fina-gourmet-salt-bio-100-natural-unrefined-without-additives\/#primaryimage","url":"https:\/\/biosaltpearls.com\/wp-content\/uploads\/2022\/09\/sal-marina-virgen-saludable.webp","contentUrl":"https:\/\/biosaltpearls.com\/wp-content\/uploads\/2022\/09\/sal-marina-virgen-saludable.webp","width":1000,"height":1000},{"@type":"BreadcrumbList","@id":"https:\/\/biosaltpearls.com\/pt-pt\/producto\/organico-marinho-virgem-ecologico-sal-pack-2x200g-tarrines-fina-e-thick-bag-650g-fina-gourmet-salt-bio-100-natural-unrefined-without-additives\/#breadcrumb","itemListElement":[{"@type":"ListItem","position":1,"name":"Inicio","item":"https:\/\/biosaltpearls.com\/pt-pt\/sal-marinho-virgem-organico-biosalt-pearls\/"},{"@type":"ListItem","position":2,"name":"Loja","item":"https:\/\/biosaltpearls.com\/pt-pt\/loja\/"},{"@type":"ListItem","position":3,"name":"Sal marinho virgem org\u00e2nico &#8211; Pacote 2x200g Tarrinas (Fina e Grossa) + Pacote 650g Fina. Sal Gourmet Biol\u00f3gico 100% Natural. N\u00e3o definido. Sem aditivos."}]},{"@type":"WebSite","@id":"https:\/\/biosaltpearls.com\/pt-pt\/#website","url":"https:\/\/biosaltpearls.com\/pt-pt\/","name":"BioSalt Nortem Pearls","description":"Perlas de Sal Marina Virgen Ecol\u00f3gica","publisher":{"@id":"https:\/\/biosaltpearls.com\/pt-pt\/#organization"},"potentialAction":[{"@type":"SearchAction","target":{"@type":"EntryPoint","urlTemplate":"https:\/\/biosaltpearls.com\/pt-pt\/?s={search_term_string}"},"query-input":{"@type":"PropertyValueSpecification","valueRequired":true,"valueName":"search_term_string"}}],"inLanguage":"pt-PT"},{"@type":"Organization","@id":"https:\/\/biosaltpearls.com\/pt-pt\/#organization","name":"BioSalt Pearls","url":"https:\/\/biosaltpearls.com\/pt-pt\/","logo":{"@type":"ImageObject","inLanguage":"pt-PT","@id":"https:\/\/biosaltpearls.com\/pt-pt\/#\/schema\/logo\/image\/","url":"https:\/\/biosaltpearls.com\/wp-content\/uploads\/2022\/11\/biosalt-perlas-sal-marina-virgen-natural-ecologica.jpg","contentUrl":"https:\/\/biosaltpearls.com\/wp-content\/uploads\/2022\/11\/biosalt-perlas-sal-marina-virgen-natural-ecologica.jpg","width":1000,"height":1000,"caption":"BioSalt Pearls"},"image":{"@id":"https:\/\/biosaltpearls.com\/pt-pt\/#\/schema\/logo\/image\/"},"sameAs":["https:\/\/instagram.com\/biosalt"]}]}},"_links":{"self":[{"href":"https:\/\/biosaltpearls.com\/pt-pt\/wp-json\/wp\/v2\/product\/14236","targetHints":{"allow":["GET"]}}],"collection":[{"href":"https:\/\/biosaltpearls.com\/pt-pt\/wp-json\/wp\/v2\/product"}],"about":[{"href":"https:\/\/biosaltpearls.com\/pt-pt\/wp-json\/wp\/v2\/types\/product"}],"replies":[{"embeddable":true,"href":"https:\/\/biosaltpearls.com\/pt-pt\/wp-json\/wp\/v2\/comments?post=14236"}],"version-history":[{"count":0,"href":"https:\/\/biosaltpearls.com\/pt-pt\/wp-json\/wp\/v2\/product\/14236\/revisions"}],"wp:featuredmedia":[{"embeddable":true,"href":"https:\/\/biosaltpearls.com\/pt-pt\/wp-json\/wp\/v2\/media\/14717"}],"wp:attachment":[{"href":"https:\/\/biosaltpearls.com\/pt-pt\/wp-json\/wp\/v2\/media?parent=14236"}],"wp:term":[{"taxonomy":"product_brand","embeddable":true,"href":"https:\/\/biosaltpearls.com\/pt-pt\/wp-json\/wp\/v2\/product_brand?post=14236"},{"taxonomy":"product_cat","embeddable":true,"href":"https:\/\/biosaltpearls.com\/pt-pt\/wp-json\/wp\/v2\/product_cat?post=14236"},{"taxonomy":"product_tag","embeddable":true,"href":"https:\/\/biosaltpearls.com\/pt-pt\/wp-json\/wp\/v2\/product_tag?post=14236"}],"curies":[{"name":"wp","href":"https:\/\/api.w.org\/{rel}","templated":true}]}}