{"id":14215,"date":"2022-12-21T13:47:29","date_gmt":"2022-12-21T12:47:29","guid":{"rendered":"https:\/\/biosaltpearls.com\/producto\/pacotes-de-poupanca-perolas-biosalt\/"},"modified":"2022-12-21T13:47:29","modified_gmt":"2022-12-21T12:47:29","slug":"pack-especial-condimentos","status":"publish","type":"product","link":"https:\/\/biosaltpearls.com\/pt-pt\/producto\/pack-especial-condimentos\/","title":{"rendered":"Pacotes de poupan\u00e7a &#8211; P\u00e9rolas BioSalt"},"content":{"rendered":"","protected":false},"excerpt":{"rendered":"<p>D\u00ea um toque \u00fanico a todas as suas receitas com temperos do Nortem Group!<br \/>\nO pacote cont\u00e9m:<\/p>\n<ul>\n<li><strong>C\u00farcuma em p\u00f3 biol\u00f3gico Nortembio:<\/strong> rico em vitaminas C, E e K. Tem um elevado teor de fibras. As suas propriedades tornam-no um ingrediente indispens\u00e1vel na sua cozinha. Tamb\u00e9m pode beneficiar das suas muitas propriedades curativas!<\/li>\n<li><strong>Pimenta preta org\u00e2nica<\/strong> <strong>em p\u00f3 Nortembio:<\/strong> rica em vitaminas A e C. Tem um elevado teor de ferro e c\u00e1lcio. O rem\u00e9dio das nossas av\u00f3s \u00e9 tamb\u00e9m o tempero ideal! D\u00ea um toque especial aos seus pratos e descubra todas as suas propriedades anti-inflamat\u00f3rias e antioxidantes.<\/li>\n<li><strong>Gengibre em p\u00f3 org\u00e2nico Nortembio:<\/strong> rico em vitaminas A e C. O consumo deste ingrediente n\u00e3o s\u00f3 purificar\u00e1 e cuidar\u00e1 do seu corpo, mas tamb\u00e9m dar\u00e1 \u00e0s suas receitas um grande sabor.<\/li>\n<li><strong>BioSalt sal marinho virgem org\u00e2nico:<\/strong> E a grande estrela! A alternativa mais saud\u00e1vel ao sal que nunca pode ficar sem na sua mesa. As nossas p\u00e9rolas BioSalt s\u00e3o \u00fanicas devido \u00e0 sua cristaliza\u00e7\u00e3o natural, \u00e0 sua esponjosidade e ao seu bouquet caracter\u00edstico. Acrescente mais sabor aos seus pratos!<\/li>\n<\/ul>\n<p>Este pacote inclui:<\/p>\n<ul>\n<li>1x Tarrina 200 g. gr\u00e3o fino<\/li>\n<li>1x Tarrina 200 g. Grosseiro<\/li>\n<li>1x Saco 650 g. Extra Grosseiro<\/li>\n<li>1x C\u00farcuma 200 g.<\/li>\n<li>1x Pimenta Preta 100 g.<\/li>\n<li>1x Gengibre 100 g.<\/li>\n<li style=\"list-style-type: none;\">\n<\/li>\n<\/ul>\n","protected":false},"featured_media":14083,"comment_status":"open","ping_status":"closed","template":"","meta":[],"product_brand":[],"product_cat":[157],"product_tag":[215,158],"class_list":{"0":"post-14215","1":"product","2":"type-product","3":"status-publish","4":"has-post-thumbnail","6":"product_cat-biosalt-nortem-pearls-pt-pt","7":"product_tag-pacotes-de-poupanca-perolas-biosalt","8":"product_tag-perolas-do-biosalt","10":"first","11":"outofstock","12":"taxable","13":"shipping-taxable","14":"purchasable","15":"product-type-simple"},"yoast_head":"<!-- This site is optimized with the Yoast SEO plugin v27.4 - https:\/\/yoast.com\/product\/yoast-seo-wordpress\/ -->\n<title>Pacotes de poupan\u00e7a - P\u00e9rolas BioSalt - BioSalt Nortem Pearls<\/title>\n<meta name=\"robots\" content=\"index, follow, max-snippet:-1, max-image-preview:large, max-video-preview:-1\" \/>\n<link rel=\"canonical\" href=\"https:\/\/biosaltpearls.com\/pt-pt\/producto\/pack-especial-condimentos\/\" \/>\n<meta property=\"og:locale\" content=\"pt_PT\" \/>\n<meta property=\"og:type\" content=\"article\" \/>\n<meta property=\"og:title\" content=\"Pacotes de poupan\u00e7a - P\u00e9rolas BioSalt - BioSalt Nortem Pearls\" \/>\n<meta property=\"og:description\" content=\"D\u00ea um toque \u00fanico a todas as suas receitas com temperos do Nortem Group! O pacote cont\u00e9m:  C\u00farcuma em p\u00f3 biol\u00f3gico Nortembio: rico em vitaminas C, E e K. Tem um elevado teor de fibras. As suas propriedades tornam-no um ingrediente indispens\u00e1vel na sua cozinha. Tamb\u00e9m pode beneficiar das suas muitas propriedades curativas!  Pimenta preta org\u00e2nica em p\u00f3 Nortembio: rica em vitaminas A e C. Tem um elevado teor de ferro e c\u00e1lcio. O rem\u00e9dio das nossas av\u00f3s \u00e9 tamb\u00e9m o tempero ideal! D\u00ea um toque especial aos seus pratos e descubra todas as suas propriedades anti-inflamat\u00f3rias e antioxidantes.  Gengibre em p\u00f3 org\u00e2nico Nortembio: rico em vitaminas A e C. O consumo deste ingrediente n\u00e3o s\u00f3 purificar\u00e1 e cuidar\u00e1 do seu corpo, mas tamb\u00e9m dar\u00e1 \u00e0s suas receitas um grande sabor.  BioSalt sal marinho virgem org\u00e2nico: E a grande estrela! A alternativa mais saud\u00e1vel ao sal que nunca pode ficar sem na sua mesa. As nossas p\u00e9rolas BioSalt s\u00e3o \u00fanicas devido \u00e0 sua cristaliza\u00e7\u00e3o natural, \u00e0 sua esponjosidade e ao seu bouquet caracter\u00edstico. Acrescente mais sabor aos seus pratos! Este pacote inclui:  1x Tarrina 200 g. gr\u00e3o fino  1x Tarrina 200 g. Grosseiro  1x Saco 650 g. Extra Grosseiro  1x C\u00farcuma 200 g.  1x Pimenta Preta 100 g.  1x Gengibre 100 g.\" \/>\n<meta property=\"og:url\" content=\"https:\/\/biosaltpearls.com\/pt-pt\/producto\/pack-especial-condimentos\/\" \/>\n<meta property=\"og:site_name\" content=\"BioSalt Nortem Pearls\" \/>\n<meta property=\"og:image\" content=\"https:\/\/biosaltpearls.com\/wp-content\/uploads\/2022\/12\/pack-condimentos-curcuma-pimienta-negra-jengibre-especias-nortembio-sal-marina-virgen-biosalt.jpg\" \/>\n\t<meta property=\"og:image:width\" content=\"1000\" \/>\n\t<meta property=\"og:image:height\" content=\"1000\" \/>\n\t<meta property=\"og:image:type\" content=\"image\/jpeg\" \/>\n<meta name=\"twitter:card\" content=\"summary_large_image\" \/>\n<script type=\"application\/ld+json\" class=\"yoast-schema-graph\">{\"@context\":\"https:\\\/\\\/schema.org\",\"@graph\":[{\"@type\":\"WebPage\",\"@id\":\"https:\\\/\\\/biosaltpearls.com\\\/pt-pt\\\/producto\\\/pack-especial-condimentos\\\/\",\"url\":\"https:\\\/\\\/biosaltpearls.com\\\/pt-pt\\\/producto\\\/pack-especial-condimentos\\\/\",\"name\":\"Pacotes de poupan\u00e7a - P\u00e9rolas BioSalt - BioSalt Nortem Pearls\",\"isPartOf\":{\"@id\":\"https:\\\/\\\/biosaltpearls.com\\\/pt-pt\\\/#website\"},\"primaryImageOfPage\":{\"@id\":\"https:\\\/\\\/biosaltpearls.com\\\/pt-pt\\\/producto\\\/pack-especial-condimentos\\\/#primaryimage\"},\"image\":{\"@id\":\"https:\\\/\\\/biosaltpearls.com\\\/pt-pt\\\/producto\\\/pack-especial-condimentos\\\/#primaryimage\"},\"thumbnailUrl\":\"https:\\\/\\\/biosaltpearls.com\\\/wp-content\\\/uploads\\\/2022\\\/12\\\/pack-condimentos-curcuma-pimienta-negra-jengibre-especias-nortembio-sal-marina-virgen-biosalt.jpg\",\"datePublished\":\"2022-12-21T12:47:29+00:00\",\"breadcrumb\":{\"@id\":\"https:\\\/\\\/biosaltpearls.com\\\/pt-pt\\\/producto\\\/pack-especial-condimentos\\\/#breadcrumb\"},\"inLanguage\":\"pt-PT\",\"potentialAction\":[{\"@type\":\"ReadAction\",\"target\":[\"https:\\\/\\\/biosaltpearls.com\\\/pt-pt\\\/producto\\\/pack-especial-condimentos\\\/\"]}]},{\"@type\":\"ImageObject\",\"inLanguage\":\"pt-PT\",\"@id\":\"https:\\\/\\\/biosaltpearls.com\\\/pt-pt\\\/producto\\\/pack-especial-condimentos\\\/#primaryimage\",\"url\":\"https:\\\/\\\/biosaltpearls.com\\\/wp-content\\\/uploads\\\/2022\\\/12\\\/pack-condimentos-curcuma-pimienta-negra-jengibre-especias-nortembio-sal-marina-virgen-biosalt.jpg\",\"contentUrl\":\"https:\\\/\\\/biosaltpearls.com\\\/wp-content\\\/uploads\\\/2022\\\/12\\\/pack-condimentos-curcuma-pimienta-negra-jengibre-especias-nortembio-sal-marina-virgen-biosalt.jpg\",\"width\":1000,\"height\":1000},{\"@type\":\"BreadcrumbList\",\"@id\":\"https:\\\/\\\/biosaltpearls.com\\\/pt-pt\\\/producto\\\/pack-especial-condimentos\\\/#breadcrumb\",\"itemListElement\":[{\"@type\":\"ListItem\",\"position\":1,\"name\":\"Inicio\",\"item\":\"https:\\\/\\\/biosaltpearls.com\\\/pt-pt\\\/sal-marinho-virgem-organico-biosalt-pearls\\\/\"},{\"@type\":\"ListItem\",\"position\":2,\"name\":\"Loja\",\"item\":\"https:\\\/\\\/biosaltpearls.com\\\/pt-pt\\\/loja\\\/\"},{\"@type\":\"ListItem\",\"position\":3,\"name\":\"Pacotes de poupan\u00e7a &#8211; P\u00e9rolas BioSalt\"}]},{\"@type\":\"WebSite\",\"@id\":\"https:\\\/\\\/biosaltpearls.com\\\/pt-pt\\\/#website\",\"url\":\"https:\\\/\\\/biosaltpearls.com\\\/pt-pt\\\/\",\"name\":\"BioSalt Nortem Pearls\",\"description\":\"Perlas de Sal Marina Virgen Ecol\u00f3gica\",\"publisher\":{\"@id\":\"https:\\\/\\\/biosaltpearls.com\\\/pt-pt\\\/#organization\"},\"potentialAction\":[{\"@type\":\"SearchAction\",\"target\":{\"@type\":\"EntryPoint\",\"urlTemplate\":\"https:\\\/\\\/biosaltpearls.com\\\/pt-pt\\\/?s={search_term_string}\"},\"query-input\":{\"@type\":\"PropertyValueSpecification\",\"valueRequired\":true,\"valueName\":\"search_term_string\"}}],\"inLanguage\":\"pt-PT\"},{\"@type\":\"Organization\",\"@id\":\"https:\\\/\\\/biosaltpearls.com\\\/pt-pt\\\/#organization\",\"name\":\"BioSalt Pearls\",\"url\":\"https:\\\/\\\/biosaltpearls.com\\\/pt-pt\\\/\",\"logo\":{\"@type\":\"ImageObject\",\"inLanguage\":\"pt-PT\",\"@id\":\"https:\\\/\\\/biosaltpearls.com\\\/pt-pt\\\/#\\\/schema\\\/logo\\\/image\\\/\",\"url\":\"https:\\\/\\\/biosaltpearls.com\\\/wp-content\\\/uploads\\\/2022\\\/11\\\/biosalt-perlas-sal-marina-virgen-natural-ecologica.jpg\",\"contentUrl\":\"https:\\\/\\\/biosaltpearls.com\\\/wp-content\\\/uploads\\\/2022\\\/11\\\/biosalt-perlas-sal-marina-virgen-natural-ecologica.jpg\",\"width\":1000,\"height\":1000,\"caption\":\"BioSalt Pearls\"},\"image\":{\"@id\":\"https:\\\/\\\/biosaltpearls.com\\\/pt-pt\\\/#\\\/schema\\\/logo\\\/image\\\/\"},\"sameAs\":[\"https:\\\/\\\/instagram.com\\\/biosalt\"]}]}<\/script>\n<!-- \/ Yoast SEO plugin. -->","yoast_head_json":{"title":"Pacotes de poupan\u00e7a - P\u00e9rolas BioSalt - BioSalt Nortem Pearls","robots":{"index":"index","follow":"follow","max-snippet":"max-snippet:-1","max-image-preview":"max-image-preview:large","max-video-preview":"max-video-preview:-1"},"canonical":"https:\/\/biosaltpearls.com\/pt-pt\/producto\/pack-especial-condimentos\/","og_locale":"pt_PT","og_type":"article","og_title":"Pacotes de poupan\u00e7a - P\u00e9rolas BioSalt - BioSalt Nortem Pearls","og_description":"D\u00ea um toque \u00fanico a todas as suas receitas com temperos do Nortem Group! O pacote cont\u00e9m:  C\u00farcuma em p\u00f3 biol\u00f3gico Nortembio: rico em vitaminas C, E e K. Tem um elevado teor de fibras. As suas propriedades tornam-no um ingrediente indispens\u00e1vel na sua cozinha. Tamb\u00e9m pode beneficiar das suas muitas propriedades curativas!  Pimenta preta org\u00e2nica em p\u00f3 Nortembio: rica em vitaminas A e C. Tem um elevado teor de ferro e c\u00e1lcio. O rem\u00e9dio das nossas av\u00f3s \u00e9 tamb\u00e9m o tempero ideal! D\u00ea um toque especial aos seus pratos e descubra todas as suas propriedades anti-inflamat\u00f3rias e antioxidantes.  Gengibre em p\u00f3 org\u00e2nico Nortembio: rico em vitaminas A e C. O consumo deste ingrediente n\u00e3o s\u00f3 purificar\u00e1 e cuidar\u00e1 do seu corpo, mas tamb\u00e9m dar\u00e1 \u00e0s suas receitas um grande sabor.  BioSalt sal marinho virgem org\u00e2nico: E a grande estrela! A alternativa mais saud\u00e1vel ao sal que nunca pode ficar sem na sua mesa. As nossas p\u00e9rolas BioSalt s\u00e3o \u00fanicas devido \u00e0 sua cristaliza\u00e7\u00e3o natural, \u00e0 sua esponjosidade e ao seu bouquet caracter\u00edstico. Acrescente mais sabor aos seus pratos! Este pacote inclui:  1x Tarrina 200 g. gr\u00e3o fino  1x Tarrina 200 g. Grosseiro  1x Saco 650 g. Extra Grosseiro  1x C\u00farcuma 200 g.  1x Pimenta Preta 100 g.  1x Gengibre 100 g.","og_url":"https:\/\/biosaltpearls.com\/pt-pt\/producto\/pack-especial-condimentos\/","og_site_name":"BioSalt Nortem Pearls","og_image":[{"width":1000,"height":1000,"url":"https:\/\/biosaltpearls.com\/wp-content\/uploads\/2022\/12\/pack-condimentos-curcuma-pimienta-negra-jengibre-especias-nortembio-sal-marina-virgen-biosalt.jpg","type":"image\/jpeg"}],"twitter_card":"summary_large_image","schema":{"@context":"https:\/\/schema.org","@graph":[{"@type":"WebPage","@id":"https:\/\/biosaltpearls.com\/pt-pt\/producto\/pack-especial-condimentos\/","url":"https:\/\/biosaltpearls.com\/pt-pt\/producto\/pack-especial-condimentos\/","name":"Pacotes de poupan\u00e7a - P\u00e9rolas BioSalt - BioSalt Nortem Pearls","isPartOf":{"@id":"https:\/\/biosaltpearls.com\/pt-pt\/#website"},"primaryImageOfPage":{"@id":"https:\/\/biosaltpearls.com\/pt-pt\/producto\/pack-especial-condimentos\/#primaryimage"},"image":{"@id":"https:\/\/biosaltpearls.com\/pt-pt\/producto\/pack-especial-condimentos\/#primaryimage"},"thumbnailUrl":"https:\/\/biosaltpearls.com\/wp-content\/uploads\/2022\/12\/pack-condimentos-curcuma-pimienta-negra-jengibre-especias-nortembio-sal-marina-virgen-biosalt.jpg","datePublished":"2022-12-21T12:47:29+00:00","breadcrumb":{"@id":"https:\/\/biosaltpearls.com\/pt-pt\/producto\/pack-especial-condimentos\/#breadcrumb"},"inLanguage":"pt-PT","potentialAction":[{"@type":"ReadAction","target":["https:\/\/biosaltpearls.com\/pt-pt\/producto\/pack-especial-condimentos\/"]}]},{"@type":"ImageObject","inLanguage":"pt-PT","@id":"https:\/\/biosaltpearls.com\/pt-pt\/producto\/pack-especial-condimentos\/#primaryimage","url":"https:\/\/biosaltpearls.com\/wp-content\/uploads\/2022\/12\/pack-condimentos-curcuma-pimienta-negra-jengibre-especias-nortembio-sal-marina-virgen-biosalt.jpg","contentUrl":"https:\/\/biosaltpearls.com\/wp-content\/uploads\/2022\/12\/pack-condimentos-curcuma-pimienta-negra-jengibre-especias-nortembio-sal-marina-virgen-biosalt.jpg","width":1000,"height":1000},{"@type":"BreadcrumbList","@id":"https:\/\/biosaltpearls.com\/pt-pt\/producto\/pack-especial-condimentos\/#breadcrumb","itemListElement":[{"@type":"ListItem","position":1,"name":"Inicio","item":"https:\/\/biosaltpearls.com\/pt-pt\/sal-marinho-virgem-organico-biosalt-pearls\/"},{"@type":"ListItem","position":2,"name":"Loja","item":"https:\/\/biosaltpearls.com\/pt-pt\/loja\/"},{"@type":"ListItem","position":3,"name":"Pacotes de poupan\u00e7a &#8211; P\u00e9rolas BioSalt"}]},{"@type":"WebSite","@id":"https:\/\/biosaltpearls.com\/pt-pt\/#website","url":"https:\/\/biosaltpearls.com\/pt-pt\/","name":"BioSalt Nortem Pearls","description":"Perlas de Sal Marina Virgen Ecol\u00f3gica","publisher":{"@id":"https:\/\/biosaltpearls.com\/pt-pt\/#organization"},"potentialAction":[{"@type":"SearchAction","target":{"@type":"EntryPoint","urlTemplate":"https:\/\/biosaltpearls.com\/pt-pt\/?s={search_term_string}"},"query-input":{"@type":"PropertyValueSpecification","valueRequired":true,"valueName":"search_term_string"}}],"inLanguage":"pt-PT"},{"@type":"Organization","@id":"https:\/\/biosaltpearls.com\/pt-pt\/#organization","name":"BioSalt Pearls","url":"https:\/\/biosaltpearls.com\/pt-pt\/","logo":{"@type":"ImageObject","inLanguage":"pt-PT","@id":"https:\/\/biosaltpearls.com\/pt-pt\/#\/schema\/logo\/image\/","url":"https:\/\/biosaltpearls.com\/wp-content\/uploads\/2022\/11\/biosalt-perlas-sal-marina-virgen-natural-ecologica.jpg","contentUrl":"https:\/\/biosaltpearls.com\/wp-content\/uploads\/2022\/11\/biosalt-perlas-sal-marina-virgen-natural-ecologica.jpg","width":1000,"height":1000,"caption":"BioSalt Pearls"},"image":{"@id":"https:\/\/biosaltpearls.com\/pt-pt\/#\/schema\/logo\/image\/"},"sameAs":["https:\/\/instagram.com\/biosalt"]}]}},"_links":{"self":[{"href":"https:\/\/biosaltpearls.com\/pt-pt\/wp-json\/wp\/v2\/product\/14215","targetHints":{"allow":["GET"]}}],"collection":[{"href":"https:\/\/biosaltpearls.com\/pt-pt\/wp-json\/wp\/v2\/product"}],"about":[{"href":"https:\/\/biosaltpearls.com\/pt-pt\/wp-json\/wp\/v2\/types\/product"}],"replies":[{"embeddable":true,"href":"https:\/\/biosaltpearls.com\/pt-pt\/wp-json\/wp\/v2\/comments?post=14215"}],"version-history":[{"count":0,"href":"https:\/\/biosaltpearls.com\/pt-pt\/wp-json\/wp\/v2\/product\/14215\/revisions"}],"wp:featuredmedia":[{"embeddable":true,"href":"https:\/\/biosaltpearls.com\/pt-pt\/wp-json\/wp\/v2\/media\/14083"}],"wp:attachment":[{"href":"https:\/\/biosaltpearls.com\/pt-pt\/wp-json\/wp\/v2\/media?parent=14215"}],"wp:term":[{"taxonomy":"product_brand","embeddable":true,"href":"https:\/\/biosaltpearls.com\/pt-pt\/wp-json\/wp\/v2\/product_brand?post=14215"},{"taxonomy":"product_cat","embeddable":true,"href":"https:\/\/biosaltpearls.com\/pt-pt\/wp-json\/wp\/v2\/product_cat?post=14215"},{"taxonomy":"product_tag","embeddable":true,"href":"https:\/\/biosaltpearls.com\/pt-pt\/wp-json\/wp\/v2\/product_tag?post=14215"}],"curies":[{"name":"wp","href":"https:\/\/api.w.org\/{rel}","templated":true}]}}