{"id":14252,"date":"2022-10-10T14:16:12","date_gmt":"2022-10-10T13:16:12","guid":{"rendered":"https:\/\/biosaltpearls.com\/producto\/organiczna-sol-morska-dziewicza-worek-650g-100-naturalna-sol-organiczna-gourmet-niewyrafinowany-nie-zawiera-dodatkow\/"},"modified":"2022-10-10T14:16:12","modified_gmt":"2022-10-10T13:16:12","slug":"torba-morska-sol-wirginia-ekologiczna-650g-sol-gourmet-bio-100-naturalna-sol-gourmet-bio-100-naturalna-nierafinowana-niedodatki","status":"publish","type":"product","link":"https:\/\/biosaltpearls.com\/pl\/producto\/torba-morska-sol-wirginia-ekologiczna-650g-sol-gourmet-bio-100-naturalna-sol-gourmet-bio-100-naturalna-nierafinowana-niedodatki\/","title":{"rendered":"Organiczna s\u00f3l morska dziewicza &#8211; worek 650g. 100% Naturalna s\u00f3l organiczna Gourmet. Niewyrafinowany. Nie zawiera dodatk\u00f3w."},"content":{"rendered":"","protected":false},"excerpt":{"rendered":"<p><strong>worek 650g<\/strong>. <strong>Dost\u0119pne odmiany: Fine, Coarse i Extra Coarse.<\/strong><\/p>\n<p><strong>Najwy\u017cszej<\/strong> jako\u015bci <strong>organiczna s\u00f3l morska z pierwszego t\u0142oczenia<\/strong>.<\/p>\n<p>Sk\u0142ada si\u0119 z <b>+70 niezb\u0119dnych minera\u0142\u00f3w i pierwiastk\u00f3w \u015bladowych.<\/b><\/p>\n<p><b>Naturalna krystalizacja<\/b> i zwil\u017cenie mniej ni\u017c 2%.<\/p>\n<p><strong>Nierafinowane<\/strong>, nie zawieraj\u0105 dodatk\u00f3w i substancji przeciwzbrylaj\u0105cej.<\/p>\n<p><strong>Certyfikowany organiczny<\/strong><\/p>\n<p>Nie zawiera BPA i w 100% nadaje si\u0119 do recyklingu<\/p>\n<p>R\u0119cznie wykonany produkt z Parku Naturalnego Zatoki Kadyksu.<\/p>\n","protected":false},"featured_media":12965,"comment_status":"open","ping_status":"closed","template":"","meta":[],"product_brand":[],"product_cat":[128],"product_tag":[108],"class_list":{"0":"post-14252","1":"product","2":"type-product","3":"status-publish","4":"has-post-thumbnail","6":"product_cat-biosalt-nortem-pearls-pl","7":"product_tag-perly-biosol","9":"first","10":"instock","11":"taxable","12":"shipping-taxable","13":"purchasable","14":"product-type-variable"},"yoast_head":"<!-- This site is optimized with the Yoast SEO plugin v27.3 - https:\/\/yoast.com\/product\/yoast-seo-wordpress\/ -->\n<title>Naturalna S\u00f3l Dziewicza - Torba 650 g - BioSalt Nortem Pearls<\/title>\n<meta name=\"description\" content=\"Pere\u0142ki BioSalt, teraz w formacie saszetek. Odkryj pierwsz\u0105 na rynku naturaln\u0105 s\u00f3l morsk\u0105 z pierwszego t\u0142oczenia z podw\u00f3jnym certyfikatem ekologicznym.\" \/>\n<meta name=\"robots\" content=\"index, follow, max-snippet:-1, max-image-preview:large, max-video-preview:-1\" \/>\n<link rel=\"canonical\" href=\"https:\/\/biosaltpearls.com\/pl\/producto\/torba-morska-sol-wirginia-ekologiczna-650g-sol-gourmet-bio-100-naturalna-sol-gourmet-bio-100-naturalna-nierafinowana-niedodatki\/\" \/>\n<meta property=\"og:locale\" content=\"pl_PL\" \/>\n<meta property=\"og:type\" content=\"article\" \/>\n<meta property=\"og:title\" content=\"Naturalna S\u00f3l Dziewicza - Torba 650 g - BioSalt Nortem Pearls\" \/>\n<meta property=\"og:description\" content=\"Pere\u0142ki BioSalt, teraz w formacie saszetek. Odkryj pierwsz\u0105 na rynku naturaln\u0105 s\u00f3l morsk\u0105 z pierwszego t\u0142oczenia z podw\u00f3jnym certyfikatem ekologicznym.\" \/>\n<meta property=\"og:url\" content=\"https:\/\/biosaltpearls.com\/pl\/producto\/torba-morska-sol-wirginia-ekologiczna-650g-sol-gourmet-bio-100-naturalna-sol-gourmet-bio-100-naturalna-nierafinowana-niedodatki\/\" \/>\n<meta property=\"og:site_name\" content=\"BioSalt Nortem Pearls\" \/>\n<meta property=\"og:image\" content=\"https:\/\/biosaltpearls.com\/wp-content\/uploads\/2022\/09\/sal-marina-virgen-ecologica-bolsa-650-fina-natural.jpg\" \/>\n\t<meta property=\"og:image:width\" content=\"1000\" \/>\n\t<meta property=\"og:image:height\" content=\"1000\" \/>\n\t<meta property=\"og:image:type\" content=\"image\/jpeg\" \/>\n<meta name=\"twitter:card\" content=\"summary_large_image\" \/>\n<script type=\"application\/ld+json\" class=\"yoast-schema-graph\">{\"@context\":\"https:\\\/\\\/schema.org\",\"@graph\":[{\"@type\":\"WebPage\",\"@id\":\"https:\\\/\\\/biosaltpearls.com\\\/pl\\\/producto\\\/torba-morska-sol-wirginia-ekologiczna-650g-sol-gourmet-bio-100-naturalna-sol-gourmet-bio-100-naturalna-nierafinowana-niedodatki\\\/\",\"url\":\"https:\\\/\\\/biosaltpearls.com\\\/pl\\\/producto\\\/torba-morska-sol-wirginia-ekologiczna-650g-sol-gourmet-bio-100-naturalna-sol-gourmet-bio-100-naturalna-nierafinowana-niedodatki\\\/\",\"name\":\"Naturalna S\u00f3l Dziewicza - Torba 650 g - BioSalt Nortem Pearls\",\"isPartOf\":{\"@id\":\"https:\\\/\\\/biosaltpearls.com\\\/pl\\\/#website\"},\"primaryImageOfPage\":{\"@id\":\"https:\\\/\\\/biosaltpearls.com\\\/pl\\\/producto\\\/torba-morska-sol-wirginia-ekologiczna-650g-sol-gourmet-bio-100-naturalna-sol-gourmet-bio-100-naturalna-nierafinowana-niedodatki\\\/#primaryimage\"},\"image\":{\"@id\":\"https:\\\/\\\/biosaltpearls.com\\\/pl\\\/producto\\\/torba-morska-sol-wirginia-ekologiczna-650g-sol-gourmet-bio-100-naturalna-sol-gourmet-bio-100-naturalna-nierafinowana-niedodatki\\\/#primaryimage\"},\"thumbnailUrl\":\"https:\\\/\\\/biosaltpearls.com\\\/wp-content\\\/uploads\\\/2022\\\/09\\\/sal-marina-virgen-ecologica-bolsa-650-fina-natural.jpg\",\"datePublished\":\"2022-10-10T13:16:12+00:00\",\"description\":\"Pere\u0142ki BioSalt, teraz w formacie saszetek. Odkryj pierwsz\u0105 na rynku naturaln\u0105 s\u00f3l morsk\u0105 z pierwszego t\u0142oczenia z podw\u00f3jnym certyfikatem ekologicznym.\",\"breadcrumb\":{\"@id\":\"https:\\\/\\\/biosaltpearls.com\\\/pl\\\/producto\\\/torba-morska-sol-wirginia-ekologiczna-650g-sol-gourmet-bio-100-naturalna-sol-gourmet-bio-100-naturalna-nierafinowana-niedodatki\\\/#breadcrumb\"},\"inLanguage\":\"pl-PL\",\"potentialAction\":[{\"@type\":\"ReadAction\",\"target\":[\"https:\\\/\\\/biosaltpearls.com\\\/pl\\\/producto\\\/torba-morska-sol-wirginia-ekologiczna-650g-sol-gourmet-bio-100-naturalna-sol-gourmet-bio-100-naturalna-nierafinowana-niedodatki\\\/\"]}]},{\"@type\":\"ImageObject\",\"inLanguage\":\"pl-PL\",\"@id\":\"https:\\\/\\\/biosaltpearls.com\\\/pl\\\/producto\\\/torba-morska-sol-wirginia-ekologiczna-650g-sol-gourmet-bio-100-naturalna-sol-gourmet-bio-100-naturalna-nierafinowana-niedodatki\\\/#primaryimage\",\"url\":\"https:\\\/\\\/biosaltpearls.com\\\/wp-content\\\/uploads\\\/2022\\\/09\\\/sal-marina-virgen-ecologica-bolsa-650-fina-natural.jpg\",\"contentUrl\":\"https:\\\/\\\/biosaltpearls.com\\\/wp-content\\\/uploads\\\/2022\\\/09\\\/sal-marina-virgen-ecologica-bolsa-650-fina-natural.jpg\",\"width\":1000,\"height\":1000},{\"@type\":\"BreadcrumbList\",\"@id\":\"https:\\\/\\\/biosaltpearls.com\\\/pl\\\/producto\\\/torba-morska-sol-wirginia-ekologiczna-650g-sol-gourmet-bio-100-naturalna-sol-gourmet-bio-100-naturalna-nierafinowana-niedodatki\\\/#breadcrumb\",\"itemListElement\":[{\"@type\":\"ListItem\",\"position\":1,\"name\":\"Inicio\",\"item\":\"https:\\\/\\\/biosaltpearls.com\\\/pl\\\/organiczna-sol-morska-z-pierwszego-tloczenia-biosalt-pearls\\\/\"},{\"@type\":\"ListItem\",\"position\":2,\"name\":\"Sklep\",\"item\":\"https:\\\/\\\/biosaltpearls.com\\\/pl\\\/kupic-sol-morska-virgin\\\/\"},{\"@type\":\"ListItem\",\"position\":3,\"name\":\"Organiczna s\u00f3l morska dziewicza &#8211; worek 650g. 100% Naturalna s\u00f3l organiczna Gourmet. Niewyrafinowany. Nie zawiera dodatk\u00f3w.\"}]},{\"@type\":\"WebSite\",\"@id\":\"https:\\\/\\\/biosaltpearls.com\\\/pl\\\/#website\",\"url\":\"https:\\\/\\\/biosaltpearls.com\\\/pl\\\/\",\"name\":\"BioSalt Nortem Pearls\",\"description\":\"Perlas de Sal Marina Virgen Ecol\u00f3gica\",\"publisher\":{\"@id\":\"https:\\\/\\\/biosaltpearls.com\\\/pl\\\/#organization\"},\"potentialAction\":[{\"@type\":\"SearchAction\",\"target\":{\"@type\":\"EntryPoint\",\"urlTemplate\":\"https:\\\/\\\/biosaltpearls.com\\\/pl\\\/?s={search_term_string}\"},\"query-input\":{\"@type\":\"PropertyValueSpecification\",\"valueRequired\":true,\"valueName\":\"search_term_string\"}}],\"inLanguage\":\"pl-PL\"},{\"@type\":\"Organization\",\"@id\":\"https:\\\/\\\/biosaltpearls.com\\\/pl\\\/#organization\",\"name\":\"BioSalt Pearls\",\"url\":\"https:\\\/\\\/biosaltpearls.com\\\/pl\\\/\",\"logo\":{\"@type\":\"ImageObject\",\"inLanguage\":\"pl-PL\",\"@id\":\"https:\\\/\\\/biosaltpearls.com\\\/pl\\\/#\\\/schema\\\/logo\\\/image\\\/\",\"url\":\"https:\\\/\\\/biosaltpearls.com\\\/wp-content\\\/uploads\\\/2022\\\/11\\\/biosalt-perlas-sal-marina-virgen-natural-ecologica.jpg\",\"contentUrl\":\"https:\\\/\\\/biosaltpearls.com\\\/wp-content\\\/uploads\\\/2022\\\/11\\\/biosalt-perlas-sal-marina-virgen-natural-ecologica.jpg\",\"width\":1000,\"height\":1000,\"caption\":\"BioSalt Pearls\"},\"image\":{\"@id\":\"https:\\\/\\\/biosaltpearls.com\\\/pl\\\/#\\\/schema\\\/logo\\\/image\\\/\"},\"sameAs\":[\"https:\\\/\\\/instagram.com\\\/biosalt\"]}]}<\/script>\n<!-- \/ Yoast SEO plugin. -->","yoast_head_json":{"title":"Naturalna S\u00f3l Dziewicza - Torba 650 g - BioSalt Nortem Pearls","description":"Pere\u0142ki BioSalt, teraz w formacie saszetek. Odkryj pierwsz\u0105 na rynku naturaln\u0105 s\u00f3l morsk\u0105 z pierwszego t\u0142oczenia z podw\u00f3jnym certyfikatem ekologicznym.","robots":{"index":"index","follow":"follow","max-snippet":"max-snippet:-1","max-image-preview":"max-image-preview:large","max-video-preview":"max-video-preview:-1"},"canonical":"https:\/\/biosaltpearls.com\/pl\/producto\/torba-morska-sol-wirginia-ekologiczna-650g-sol-gourmet-bio-100-naturalna-sol-gourmet-bio-100-naturalna-nierafinowana-niedodatki\/","og_locale":"pl_PL","og_type":"article","og_title":"Naturalna S\u00f3l Dziewicza - Torba 650 g - BioSalt Nortem Pearls","og_description":"Pere\u0142ki BioSalt, teraz w formacie saszetek. Odkryj pierwsz\u0105 na rynku naturaln\u0105 s\u00f3l morsk\u0105 z pierwszego t\u0142oczenia z podw\u00f3jnym certyfikatem ekologicznym.","og_url":"https:\/\/biosaltpearls.com\/pl\/producto\/torba-morska-sol-wirginia-ekologiczna-650g-sol-gourmet-bio-100-naturalna-sol-gourmet-bio-100-naturalna-nierafinowana-niedodatki\/","og_site_name":"BioSalt Nortem Pearls","og_image":[{"width":1000,"height":1000,"url":"https:\/\/biosaltpearls.com\/wp-content\/uploads\/2022\/09\/sal-marina-virgen-ecologica-bolsa-650-fina-natural.jpg","type":"image\/jpeg"}],"twitter_card":"summary_large_image","schema":{"@context":"https:\/\/schema.org","@graph":[{"@type":"WebPage","@id":"https:\/\/biosaltpearls.com\/pl\/producto\/torba-morska-sol-wirginia-ekologiczna-650g-sol-gourmet-bio-100-naturalna-sol-gourmet-bio-100-naturalna-nierafinowana-niedodatki\/","url":"https:\/\/biosaltpearls.com\/pl\/producto\/torba-morska-sol-wirginia-ekologiczna-650g-sol-gourmet-bio-100-naturalna-sol-gourmet-bio-100-naturalna-nierafinowana-niedodatki\/","name":"Naturalna S\u00f3l Dziewicza - Torba 650 g - BioSalt Nortem Pearls","isPartOf":{"@id":"https:\/\/biosaltpearls.com\/pl\/#website"},"primaryImageOfPage":{"@id":"https:\/\/biosaltpearls.com\/pl\/producto\/torba-morska-sol-wirginia-ekologiczna-650g-sol-gourmet-bio-100-naturalna-sol-gourmet-bio-100-naturalna-nierafinowana-niedodatki\/#primaryimage"},"image":{"@id":"https:\/\/biosaltpearls.com\/pl\/producto\/torba-morska-sol-wirginia-ekologiczna-650g-sol-gourmet-bio-100-naturalna-sol-gourmet-bio-100-naturalna-nierafinowana-niedodatki\/#primaryimage"},"thumbnailUrl":"https:\/\/biosaltpearls.com\/wp-content\/uploads\/2022\/09\/sal-marina-virgen-ecologica-bolsa-650-fina-natural.jpg","datePublished":"2022-10-10T13:16:12+00:00","description":"Pere\u0142ki BioSalt, teraz w formacie saszetek. Odkryj pierwsz\u0105 na rynku naturaln\u0105 s\u00f3l morsk\u0105 z pierwszego t\u0142oczenia z podw\u00f3jnym certyfikatem ekologicznym.","breadcrumb":{"@id":"https:\/\/biosaltpearls.com\/pl\/producto\/torba-morska-sol-wirginia-ekologiczna-650g-sol-gourmet-bio-100-naturalna-sol-gourmet-bio-100-naturalna-nierafinowana-niedodatki\/#breadcrumb"},"inLanguage":"pl-PL","potentialAction":[{"@type":"ReadAction","target":["https:\/\/biosaltpearls.com\/pl\/producto\/torba-morska-sol-wirginia-ekologiczna-650g-sol-gourmet-bio-100-naturalna-sol-gourmet-bio-100-naturalna-nierafinowana-niedodatki\/"]}]},{"@type":"ImageObject","inLanguage":"pl-PL","@id":"https:\/\/biosaltpearls.com\/pl\/producto\/torba-morska-sol-wirginia-ekologiczna-650g-sol-gourmet-bio-100-naturalna-sol-gourmet-bio-100-naturalna-nierafinowana-niedodatki\/#primaryimage","url":"https:\/\/biosaltpearls.com\/wp-content\/uploads\/2022\/09\/sal-marina-virgen-ecologica-bolsa-650-fina-natural.jpg","contentUrl":"https:\/\/biosaltpearls.com\/wp-content\/uploads\/2022\/09\/sal-marina-virgen-ecologica-bolsa-650-fina-natural.jpg","width":1000,"height":1000},{"@type":"BreadcrumbList","@id":"https:\/\/biosaltpearls.com\/pl\/producto\/torba-morska-sol-wirginia-ekologiczna-650g-sol-gourmet-bio-100-naturalna-sol-gourmet-bio-100-naturalna-nierafinowana-niedodatki\/#breadcrumb","itemListElement":[{"@type":"ListItem","position":1,"name":"Inicio","item":"https:\/\/biosaltpearls.com\/pl\/organiczna-sol-morska-z-pierwszego-tloczenia-biosalt-pearls\/"},{"@type":"ListItem","position":2,"name":"Sklep","item":"https:\/\/biosaltpearls.com\/pl\/kupic-sol-morska-virgin\/"},{"@type":"ListItem","position":3,"name":"Organiczna s\u00f3l morska dziewicza &#8211; worek 650g. 100% Naturalna s\u00f3l organiczna Gourmet. Niewyrafinowany. Nie zawiera dodatk\u00f3w."}]},{"@type":"WebSite","@id":"https:\/\/biosaltpearls.com\/pl\/#website","url":"https:\/\/biosaltpearls.com\/pl\/","name":"BioSalt Nortem Pearls","description":"Perlas de Sal Marina Virgen Ecol\u00f3gica","publisher":{"@id":"https:\/\/biosaltpearls.com\/pl\/#organization"},"potentialAction":[{"@type":"SearchAction","target":{"@type":"EntryPoint","urlTemplate":"https:\/\/biosaltpearls.com\/pl\/?s={search_term_string}"},"query-input":{"@type":"PropertyValueSpecification","valueRequired":true,"valueName":"search_term_string"}}],"inLanguage":"pl-PL"},{"@type":"Organization","@id":"https:\/\/biosaltpearls.com\/pl\/#organization","name":"BioSalt Pearls","url":"https:\/\/biosaltpearls.com\/pl\/","logo":{"@type":"ImageObject","inLanguage":"pl-PL","@id":"https:\/\/biosaltpearls.com\/pl\/#\/schema\/logo\/image\/","url":"https:\/\/biosaltpearls.com\/wp-content\/uploads\/2022\/11\/biosalt-perlas-sal-marina-virgen-natural-ecologica.jpg","contentUrl":"https:\/\/biosaltpearls.com\/wp-content\/uploads\/2022\/11\/biosalt-perlas-sal-marina-virgen-natural-ecologica.jpg","width":1000,"height":1000,"caption":"BioSalt Pearls"},"image":{"@id":"https:\/\/biosaltpearls.com\/pl\/#\/schema\/logo\/image\/"},"sameAs":["https:\/\/instagram.com\/biosalt"]}]}},"_links":{"self":[{"href":"https:\/\/biosaltpearls.com\/pl\/wp-json\/wp\/v2\/product\/14252","targetHints":{"allow":["GET"]}}],"collection":[{"href":"https:\/\/biosaltpearls.com\/pl\/wp-json\/wp\/v2\/product"}],"about":[{"href":"https:\/\/biosaltpearls.com\/pl\/wp-json\/wp\/v2\/types\/product"}],"replies":[{"embeddable":true,"href":"https:\/\/biosaltpearls.com\/pl\/wp-json\/wp\/v2\/comments?post=14252"}],"version-history":[{"count":0,"href":"https:\/\/biosaltpearls.com\/pl\/wp-json\/wp\/v2\/product\/14252\/revisions"}],"wp:featuredmedia":[{"embeddable":true,"href":"https:\/\/biosaltpearls.com\/pl\/wp-json\/wp\/v2\/media\/12965"}],"wp:attachment":[{"href":"https:\/\/biosaltpearls.com\/pl\/wp-json\/wp\/v2\/media?parent=14252"}],"wp:term":[{"taxonomy":"product_brand","embeddable":true,"href":"https:\/\/biosaltpearls.com\/pl\/wp-json\/wp\/v2\/product_brand?post=14252"},{"taxonomy":"product_cat","embeddable":true,"href":"https:\/\/biosaltpearls.com\/pl\/wp-json\/wp\/v2\/product_cat?post=14252"},{"taxonomy":"product_tag","embeddable":true,"href":"https:\/\/biosaltpearls.com\/pl\/wp-json\/wp\/v2\/product_tag?post=14252"}],"curies":[{"name":"wp","href":"https:\/\/api.w.org\/{rel}","templated":true}]}}