{"id":14249,"date":"2022-10-17T07:29:46","date_gmt":"2022-10-17T06:29:46","guid":{"rendered":"https:\/\/biosaltpearls.com\/producto\/sol-ekologiczna-marina-virgen-fine-bag-650g-2-sztuki-100-naturalna-sol-organiczna-gourmet-niewyrafinowany-nie-zawiera-dodatkow\/"},"modified":"2024-11-11T05:24:27","modified_gmt":"2024-11-11T04:24:27","slug":"organic-virgin-marine-salt-fine-bag-650g-2-pcs-gourmet-salt-bio-100-naturalny-nierafinowany-sol-bez-dodatkow","status":"publish","type":"product","link":"https:\/\/biosaltpearls.com\/pl\/producto\/organic-virgin-marine-salt-fine-bag-650g-2-pcs-gourmet-salt-bio-100-naturalny-nierafinowany-sol-bez-dodatkow\/","title":{"rendered":"S\u00f3l ekologiczna Marina Virgen &#8211; Fine Bag 650g (2 sztuki). 100% Naturalna s\u00f3l organiczna Gourmet. Niewyrafinowany. Nie zawiera dodatk\u00f3w."},"content":{"rendered":"","protected":false},"excerpt":{"rendered":"<p><strong>Opakowanie 2 torebek 650g &#8211; Fina.<\/strong><\/p>\n<p><strong>Najwy\u017cszej<\/strong> jako\u015bci <strong>organiczna s\u00f3l morska z pierwszego t\u0142oczenia<\/strong>.<\/p>\n<p>Sk\u0142ada si\u0119 z <b>+70 niezb\u0119dnych minera\u0142\u00f3w i pierwiastk\u00f3w \u015bladowych.<\/b><\/p>\n<p><b>Naturalna krystalizacja<\/b> i zwil\u017cenie mniej ni\u017c 2%.<\/p>\n<p><strong>Nierafinowane<\/strong>, nie zawieraj\u0105 dodatk\u00f3w i substancji przeciwzbrylaj\u0105cej.<\/p>\n<p><strong>Certyfikowany organiczny<\/strong><\/p>\n<p>Nie zawiera BPA i w 100% nadaje si\u0119 do recyklingu<\/p>\n<p>R\u0119cznie wykonany produkt z Parku Naturalnego Zatoki Kadyksu.<\/p>\n","protected":false},"featured_media":14696,"comment_status":"open","ping_status":"closed","template":"","meta":[],"product_brand":[],"product_cat":[128],"product_tag":[218,108],"class_list":{"0":"post-14249","1":"product","2":"type-product","3":"status-publish","4":"has-post-thumbnail","6":"product_cat-biosalt-nortem-pearls-pl","7":"product_tag-pakiety-oszczednosciowe-biosalt-pearls","8":"product_tag-perly-biosol","10":"first","11":"instock","12":"taxable","13":"shipping-taxable","14":"purchasable","15":"product-type-simple"},"yoast_head":"<!-- This site is optimized with the Yoast SEO plugin v27.4 - https:\/\/yoast.com\/product\/yoast-seo-wordpress\/ -->\n<title>S\u00f3l ekologiczna Marina Virgen - Fine Bag 650g (2 sztuki). 100% Naturalna s\u00f3l organiczna Gourmet. Niewyrafinowany. Nie zawiera dodatk\u00f3w. - BioSalt Nortem Pearls<\/title>\n<meta name=\"robots\" content=\"index, follow, max-snippet:-1, max-image-preview:large, max-video-preview:-1\" \/>\n<link rel=\"canonical\" href=\"https:\/\/biosaltpearls.com\/pl\/producto\/organic-virgin-marine-salt-fine-bag-650g-2-pcs-gourmet-salt-bio-100-naturalny-nierafinowany-sol-bez-dodatkow\/\" \/>\n<meta property=\"og:locale\" content=\"pl_PL\" \/>\n<meta property=\"og:type\" content=\"article\" \/>\n<meta property=\"og:title\" content=\"S\u00f3l ekologiczna Marina Virgen - Fine Bag 650g (2 sztuki). 100% Naturalna s\u00f3l organiczna Gourmet. Niewyrafinowany. Nie zawiera dodatk\u00f3w. - BioSalt Nortem Pearls\" \/>\n<meta property=\"og:description\" content=\"Opakowanie 2 torebek 650g - Fina. Najwy\u017cszej jako\u015bci organiczna s\u00f3l morska z pierwszego t\u0142oczenia. Sk\u0142ada si\u0119 z +70 niezb\u0119dnych minera\u0142\u00f3w i pierwiastk\u00f3w \u015bladowych. Naturalna krystalizacja i zwil\u017cenie mniej ni\u017c 2%. Nierafinowane, nie zawieraj\u0105 dodatk\u00f3w i substancji przeciwzbrylaj\u0105cej. Certyfikowany organiczny Nie zawiera BPA i w 100% nadaje si\u0119 do recyklingu R\u0119cznie wykonany produkt z Parku Naturalnego Zatoki Kadyksu.\" \/>\n<meta property=\"og:url\" content=\"https:\/\/biosaltpearls.com\/pl\/producto\/organic-virgin-marine-salt-fine-bag-650g-2-pcs-gourmet-salt-bio-100-naturalny-nierafinowany-sol-bez-dodatkow\/\" \/>\n<meta property=\"og:site_name\" content=\"BioSalt Nortem Pearls\" \/>\n<meta property=\"article:modified_time\" content=\"2024-11-11T04:24:27+00:00\" \/>\n<meta property=\"og:image\" content=\"https:\/\/biosaltpearls.com\/wp-content\/uploads\/2022\/10\/Bolsas-Biosalt-Pack-X2-fina.jpg\" \/>\n\t<meta property=\"og:image:width\" content=\"1000\" \/>\n\t<meta property=\"og:image:height\" content=\"1000\" \/>\n\t<meta property=\"og:image:type\" content=\"image\/jpeg\" \/>\n<meta name=\"twitter:card\" content=\"summary_large_image\" \/>\n<script type=\"application\/ld+json\" class=\"yoast-schema-graph\">{\"@context\":\"https:\\\/\\\/schema.org\",\"@graph\":[{\"@type\":\"WebPage\",\"@id\":\"https:\\\/\\\/biosaltpearls.com\\\/pl\\\/producto\\\/organic-virgin-marine-salt-fine-bag-650g-2-pcs-gourmet-salt-bio-100-naturalny-nierafinowany-sol-bez-dodatkow\\\/\",\"url\":\"https:\\\/\\\/biosaltpearls.com\\\/pl\\\/producto\\\/organic-virgin-marine-salt-fine-bag-650g-2-pcs-gourmet-salt-bio-100-naturalny-nierafinowany-sol-bez-dodatkow\\\/\",\"name\":\"S\u00f3l ekologiczna Marina Virgen - Fine Bag 650g (2 sztuki). 100% Naturalna s\u00f3l organiczna Gourmet. Niewyrafinowany. Nie zawiera dodatk\u00f3w. - BioSalt Nortem Pearls\",\"isPartOf\":{\"@id\":\"https:\\\/\\\/biosaltpearls.com\\\/pl\\\/#website\"},\"primaryImageOfPage\":{\"@id\":\"https:\\\/\\\/biosaltpearls.com\\\/pl\\\/producto\\\/organic-virgin-marine-salt-fine-bag-650g-2-pcs-gourmet-salt-bio-100-naturalny-nierafinowany-sol-bez-dodatkow\\\/#primaryimage\"},\"image\":{\"@id\":\"https:\\\/\\\/biosaltpearls.com\\\/pl\\\/producto\\\/organic-virgin-marine-salt-fine-bag-650g-2-pcs-gourmet-salt-bio-100-naturalny-nierafinowany-sol-bez-dodatkow\\\/#primaryimage\"},\"thumbnailUrl\":\"https:\\\/\\\/biosaltpearls.com\\\/wp-content\\\/uploads\\\/2022\\\/09\\\/biosalt-sal-marina-virgen-ecologica-pack-2-700g.webp\",\"datePublished\":\"2022-10-17T06:29:46+00:00\",\"dateModified\":\"2024-11-11T04:24:27+00:00\",\"breadcrumb\":{\"@id\":\"https:\\\/\\\/biosaltpearls.com\\\/pl\\\/producto\\\/organic-virgin-marine-salt-fine-bag-650g-2-pcs-gourmet-salt-bio-100-naturalny-nierafinowany-sol-bez-dodatkow\\\/#breadcrumb\"},\"inLanguage\":\"pl-PL\",\"potentialAction\":[{\"@type\":\"ReadAction\",\"target\":[\"https:\\\/\\\/biosaltpearls.com\\\/pl\\\/producto\\\/organic-virgin-marine-salt-fine-bag-650g-2-pcs-gourmet-salt-bio-100-naturalny-nierafinowany-sol-bez-dodatkow\\\/\"]}]},{\"@type\":\"ImageObject\",\"inLanguage\":\"pl-PL\",\"@id\":\"https:\\\/\\\/biosaltpearls.com\\\/pl\\\/producto\\\/organic-virgin-marine-salt-fine-bag-650g-2-pcs-gourmet-salt-bio-100-naturalny-nierafinowany-sol-bez-dodatkow\\\/#primaryimage\",\"url\":\"https:\\\/\\\/biosaltpearls.com\\\/wp-content\\\/uploads\\\/2022\\\/09\\\/biosalt-sal-marina-virgen-ecologica-pack-2-700g.webp\",\"contentUrl\":\"https:\\\/\\\/biosaltpearls.com\\\/wp-content\\\/uploads\\\/2022\\\/09\\\/biosalt-sal-marina-virgen-ecologica-pack-2-700g.webp\",\"width\":1000,\"height\":1000},{\"@type\":\"BreadcrumbList\",\"@id\":\"https:\\\/\\\/biosaltpearls.com\\\/pl\\\/producto\\\/organic-virgin-marine-salt-fine-bag-650g-2-pcs-gourmet-salt-bio-100-naturalny-nierafinowany-sol-bez-dodatkow\\\/#breadcrumb\",\"itemListElement\":[{\"@type\":\"ListItem\",\"position\":1,\"name\":\"Inicio\",\"item\":\"https:\\\/\\\/biosaltpearls.com\\\/pl\\\/organiczna-sol-morska-z-pierwszego-tloczenia-biosalt-pearls\\\/\"},{\"@type\":\"ListItem\",\"position\":2,\"name\":\"Sklep\",\"item\":\"https:\\\/\\\/biosaltpearls.com\\\/pl\\\/kupic-sol-morska-virgin\\\/\"},{\"@type\":\"ListItem\",\"position\":3,\"name\":\"S\u00f3l ekologiczna Marina Virgen &#8211; Fine Bag 650g (2 sztuki). 100% Naturalna s\u00f3l organiczna Gourmet. Niewyrafinowany. Nie zawiera dodatk\u00f3w.\"}]},{\"@type\":\"WebSite\",\"@id\":\"https:\\\/\\\/biosaltpearls.com\\\/pl\\\/#website\",\"url\":\"https:\\\/\\\/biosaltpearls.com\\\/pl\\\/\",\"name\":\"BioSalt Nortem Pearls\",\"description\":\"Perlas de Sal Marina Virgen Ecol\u00f3gica\",\"publisher\":{\"@id\":\"https:\\\/\\\/biosaltpearls.com\\\/pl\\\/#organization\"},\"potentialAction\":[{\"@type\":\"SearchAction\",\"target\":{\"@type\":\"EntryPoint\",\"urlTemplate\":\"https:\\\/\\\/biosaltpearls.com\\\/pl\\\/?s={search_term_string}\"},\"query-input\":{\"@type\":\"PropertyValueSpecification\",\"valueRequired\":true,\"valueName\":\"search_term_string\"}}],\"inLanguage\":\"pl-PL\"},{\"@type\":\"Organization\",\"@id\":\"https:\\\/\\\/biosaltpearls.com\\\/pl\\\/#organization\",\"name\":\"BioSalt Pearls\",\"url\":\"https:\\\/\\\/biosaltpearls.com\\\/pl\\\/\",\"logo\":{\"@type\":\"ImageObject\",\"inLanguage\":\"pl-PL\",\"@id\":\"https:\\\/\\\/biosaltpearls.com\\\/pl\\\/#\\\/schema\\\/logo\\\/image\\\/\",\"url\":\"https:\\\/\\\/biosaltpearls.com\\\/wp-content\\\/uploads\\\/2022\\\/11\\\/biosalt-perlas-sal-marina-virgen-natural-ecologica.jpg\",\"contentUrl\":\"https:\\\/\\\/biosaltpearls.com\\\/wp-content\\\/uploads\\\/2022\\\/11\\\/biosalt-perlas-sal-marina-virgen-natural-ecologica.jpg\",\"width\":1000,\"height\":1000,\"caption\":\"BioSalt Pearls\"},\"image\":{\"@id\":\"https:\\\/\\\/biosaltpearls.com\\\/pl\\\/#\\\/schema\\\/logo\\\/image\\\/\"},\"sameAs\":[\"https:\\\/\\\/instagram.com\\\/biosalt\"]}]}<\/script>\n<!-- \/ Yoast SEO plugin. -->","yoast_head_json":{"title":"S\u00f3l ekologiczna Marina Virgen - Fine Bag 650g (2 sztuki). 100% Naturalna s\u00f3l organiczna Gourmet. Niewyrafinowany. Nie zawiera dodatk\u00f3w. - BioSalt Nortem Pearls","robots":{"index":"index","follow":"follow","max-snippet":"max-snippet:-1","max-image-preview":"max-image-preview:large","max-video-preview":"max-video-preview:-1"},"canonical":"https:\/\/biosaltpearls.com\/pl\/producto\/organic-virgin-marine-salt-fine-bag-650g-2-pcs-gourmet-salt-bio-100-naturalny-nierafinowany-sol-bez-dodatkow\/","og_locale":"pl_PL","og_type":"article","og_title":"S\u00f3l ekologiczna Marina Virgen - Fine Bag 650g (2 sztuki). 100% Naturalna s\u00f3l organiczna Gourmet. Niewyrafinowany. Nie zawiera dodatk\u00f3w. - BioSalt Nortem Pearls","og_description":"Opakowanie 2 torebek 650g - Fina. Najwy\u017cszej jako\u015bci organiczna s\u00f3l morska z pierwszego t\u0142oczenia. Sk\u0142ada si\u0119 z +70 niezb\u0119dnych minera\u0142\u00f3w i pierwiastk\u00f3w \u015bladowych. Naturalna krystalizacja i zwil\u017cenie mniej ni\u017c 2%. Nierafinowane, nie zawieraj\u0105 dodatk\u00f3w i substancji przeciwzbrylaj\u0105cej. Certyfikowany organiczny Nie zawiera BPA i w 100% nadaje si\u0119 do recyklingu R\u0119cznie wykonany produkt z Parku Naturalnego Zatoki Kadyksu.","og_url":"https:\/\/biosaltpearls.com\/pl\/producto\/organic-virgin-marine-salt-fine-bag-650g-2-pcs-gourmet-salt-bio-100-naturalny-nierafinowany-sol-bez-dodatkow\/","og_site_name":"BioSalt Nortem Pearls","article_modified_time":"2024-11-11T04:24:27+00:00","og_image":[{"width":1000,"height":1000,"url":"https:\/\/biosaltpearls.com\/wp-content\/uploads\/2022\/10\/Bolsas-Biosalt-Pack-X2-fina.jpg","type":"image\/jpeg"}],"twitter_card":"summary_large_image","schema":{"@context":"https:\/\/schema.org","@graph":[{"@type":"WebPage","@id":"https:\/\/biosaltpearls.com\/pl\/producto\/organic-virgin-marine-salt-fine-bag-650g-2-pcs-gourmet-salt-bio-100-naturalny-nierafinowany-sol-bez-dodatkow\/","url":"https:\/\/biosaltpearls.com\/pl\/producto\/organic-virgin-marine-salt-fine-bag-650g-2-pcs-gourmet-salt-bio-100-naturalny-nierafinowany-sol-bez-dodatkow\/","name":"S\u00f3l ekologiczna Marina Virgen - Fine Bag 650g (2 sztuki). 100% Naturalna s\u00f3l organiczna Gourmet. Niewyrafinowany. Nie zawiera dodatk\u00f3w. - BioSalt Nortem Pearls","isPartOf":{"@id":"https:\/\/biosaltpearls.com\/pl\/#website"},"primaryImageOfPage":{"@id":"https:\/\/biosaltpearls.com\/pl\/producto\/organic-virgin-marine-salt-fine-bag-650g-2-pcs-gourmet-salt-bio-100-naturalny-nierafinowany-sol-bez-dodatkow\/#primaryimage"},"image":{"@id":"https:\/\/biosaltpearls.com\/pl\/producto\/organic-virgin-marine-salt-fine-bag-650g-2-pcs-gourmet-salt-bio-100-naturalny-nierafinowany-sol-bez-dodatkow\/#primaryimage"},"thumbnailUrl":"https:\/\/biosaltpearls.com\/wp-content\/uploads\/2022\/09\/biosalt-sal-marina-virgen-ecologica-pack-2-700g.webp","datePublished":"2022-10-17T06:29:46+00:00","dateModified":"2024-11-11T04:24:27+00:00","breadcrumb":{"@id":"https:\/\/biosaltpearls.com\/pl\/producto\/organic-virgin-marine-salt-fine-bag-650g-2-pcs-gourmet-salt-bio-100-naturalny-nierafinowany-sol-bez-dodatkow\/#breadcrumb"},"inLanguage":"pl-PL","potentialAction":[{"@type":"ReadAction","target":["https:\/\/biosaltpearls.com\/pl\/producto\/organic-virgin-marine-salt-fine-bag-650g-2-pcs-gourmet-salt-bio-100-naturalny-nierafinowany-sol-bez-dodatkow\/"]}]},{"@type":"ImageObject","inLanguage":"pl-PL","@id":"https:\/\/biosaltpearls.com\/pl\/producto\/organic-virgin-marine-salt-fine-bag-650g-2-pcs-gourmet-salt-bio-100-naturalny-nierafinowany-sol-bez-dodatkow\/#primaryimage","url":"https:\/\/biosaltpearls.com\/wp-content\/uploads\/2022\/09\/biosalt-sal-marina-virgen-ecologica-pack-2-700g.webp","contentUrl":"https:\/\/biosaltpearls.com\/wp-content\/uploads\/2022\/09\/biosalt-sal-marina-virgen-ecologica-pack-2-700g.webp","width":1000,"height":1000},{"@type":"BreadcrumbList","@id":"https:\/\/biosaltpearls.com\/pl\/producto\/organic-virgin-marine-salt-fine-bag-650g-2-pcs-gourmet-salt-bio-100-naturalny-nierafinowany-sol-bez-dodatkow\/#breadcrumb","itemListElement":[{"@type":"ListItem","position":1,"name":"Inicio","item":"https:\/\/biosaltpearls.com\/pl\/organiczna-sol-morska-z-pierwszego-tloczenia-biosalt-pearls\/"},{"@type":"ListItem","position":2,"name":"Sklep","item":"https:\/\/biosaltpearls.com\/pl\/kupic-sol-morska-virgin\/"},{"@type":"ListItem","position":3,"name":"S\u00f3l ekologiczna Marina Virgen &#8211; Fine Bag 650g (2 sztuki). 100% Naturalna s\u00f3l organiczna Gourmet. Niewyrafinowany. Nie zawiera dodatk\u00f3w."}]},{"@type":"WebSite","@id":"https:\/\/biosaltpearls.com\/pl\/#website","url":"https:\/\/biosaltpearls.com\/pl\/","name":"BioSalt Nortem Pearls","description":"Perlas de Sal Marina Virgen Ecol\u00f3gica","publisher":{"@id":"https:\/\/biosaltpearls.com\/pl\/#organization"},"potentialAction":[{"@type":"SearchAction","target":{"@type":"EntryPoint","urlTemplate":"https:\/\/biosaltpearls.com\/pl\/?s={search_term_string}"},"query-input":{"@type":"PropertyValueSpecification","valueRequired":true,"valueName":"search_term_string"}}],"inLanguage":"pl-PL"},{"@type":"Organization","@id":"https:\/\/biosaltpearls.com\/pl\/#organization","name":"BioSalt Pearls","url":"https:\/\/biosaltpearls.com\/pl\/","logo":{"@type":"ImageObject","inLanguage":"pl-PL","@id":"https:\/\/biosaltpearls.com\/pl\/#\/schema\/logo\/image\/","url":"https:\/\/biosaltpearls.com\/wp-content\/uploads\/2022\/11\/biosalt-perlas-sal-marina-virgen-natural-ecologica.jpg","contentUrl":"https:\/\/biosaltpearls.com\/wp-content\/uploads\/2022\/11\/biosalt-perlas-sal-marina-virgen-natural-ecologica.jpg","width":1000,"height":1000,"caption":"BioSalt Pearls"},"image":{"@id":"https:\/\/biosaltpearls.com\/pl\/#\/schema\/logo\/image\/"},"sameAs":["https:\/\/instagram.com\/biosalt"]}]}},"_links":{"self":[{"href":"https:\/\/biosaltpearls.com\/pl\/wp-json\/wp\/v2\/product\/14249","targetHints":{"allow":["GET"]}}],"collection":[{"href":"https:\/\/biosaltpearls.com\/pl\/wp-json\/wp\/v2\/product"}],"about":[{"href":"https:\/\/biosaltpearls.com\/pl\/wp-json\/wp\/v2\/types\/product"}],"replies":[{"embeddable":true,"href":"https:\/\/biosaltpearls.com\/pl\/wp-json\/wp\/v2\/comments?post=14249"}],"version-history":[{"count":0,"href":"https:\/\/biosaltpearls.com\/pl\/wp-json\/wp\/v2\/product\/14249\/revisions"}],"wp:featuredmedia":[{"embeddable":true,"href":"https:\/\/biosaltpearls.com\/pl\/wp-json\/wp\/v2\/media\/14696"}],"wp:attachment":[{"href":"https:\/\/biosaltpearls.com\/pl\/wp-json\/wp\/v2\/media?parent=14249"}],"wp:term":[{"taxonomy":"product_brand","embeddable":true,"href":"https:\/\/biosaltpearls.com\/pl\/wp-json\/wp\/v2\/product_brand?post=14249"},{"taxonomy":"product_cat","embeddable":true,"href":"https:\/\/biosaltpearls.com\/pl\/wp-json\/wp\/v2\/product_cat?post=14249"},{"taxonomy":"product_tag","embeddable":true,"href":"https:\/\/biosaltpearls.com\/pl\/wp-json\/wp\/v2\/product_tag?post=14249"}],"curies":[{"name":"wp","href":"https:\/\/api.w.org\/{rel}","templated":true}]}}