{"id":14237,"date":"2022-12-21T13:47:29","date_gmt":"2022-12-21T12:47:29","guid":{"rendered":"https:\/\/biosaltpearls.com\/producto\/specjalny-pakiet-przypraw\/"},"modified":"2022-12-21T13:47:29","modified_gmt":"2022-12-21T12:47:29","slug":"opakowanie-specjalnych-przypraw","status":"publish","type":"product","link":"https:\/\/biosaltpearls.com\/pl\/producto\/opakowanie-specjalnych-przypraw\/","title":{"rendered":"SPECJALNY PAKIET PRZYPRAW"},"content":{"rendered":"","protected":false},"excerpt":{"rendered":"<p>Nadaj wyj\u0105tkowy charakter wszystkim swoim przepisom z przyprawami Grupy Nortem!<br \/>\nPakiet zawiera:<\/p>\n<ul>\n<li><strong>Ekologiczna kurkuma w proszku Nortembio<\/strong>: bogata w witaminy C, E i K. Posiada wysok\u0105 zawarto\u015b\u0107 b\u0142onnika. Jego w\u0142a\u015bciwo\u015bci sprawiaj\u0105, \u017ce jest niezast\u0105pionym sk\u0142adnikiem w Twojej kuchni. Mo\u017cesz te\u017c skorzysta\u0107 z jego licznych w\u0142a\u015bciwo\u015bci leczniczych!<\/li>\n<li>Organiczny <strong>pieprz czarny<\/strong> w proszku firmy <strong>Nortembio<\/strong>: bogaty w witaminy A i C. Posiada wysok\u0105 zawarto\u015b\u0107 \u017celaza i wapnia. Lekarstwo naszych bab\u0107 to tak\u017ce idealna przyprawa! Dodaj specjalny akcent do swoich potraw i odkryj wszystkie jego w\u0142a\u015bciwo\u015bci przeciwzapalne i antyoksydacyjne.<\/li>\n<li><strong>Organiczny imbir w proszku Nortembio<\/strong>: bogaty w witaminy A i C. Spo\u017cywanie tego sk\u0142adnika nie tylko oczy\u015bci i zadba o Tw\u00f3j organizm, ale tak\u017ce nada Twoim przepisom wspania\u0142y smak.<\/li>\n<li><strong>BioSalt organiczna s\u00f3l morska z pierwszego t\u0142oczenia:<\/strong> i wielka gwiazda! Zdrowsza alternatywa dla soli, kt\u00f3rej nigdy nie mo\u017ce zabrakn\u0105\u0107 na Twoim stole. Nasze per\u0142y BioSalt s\u0105 wyj\u0105tkowe ze wzgl\u0119du na ich naturaln\u0105 krystalizacj\u0119, g\u0105bczasto\u015b\u0107 i charakterystyczny bukiet. Dodaj wi\u0119cej smaku do swoich potraw!<\/li>\n<\/ul>\n<p>Pakiet ten zawiera:<\/p>\n<ul>\n<li>1x S\u0142oik 200 g. Drobn\u0105<\/li>\n<li>1x S\u0142oik 200 g. Grub\u0105<\/li>\n<li>1x Torba 650 g. Bardzo gruby<\/li>\n<li>1x Kurkuma 200 g.<\/li>\n<li>1x Czarny pieprz 100 g.<\/li>\n<li>1x Ginger 100 g.<\/li>\n<li style=\"list-style-type: none;\">\n<\/li>\n<\/ul>\n","protected":false},"featured_media":14082,"comment_status":"open","ping_status":"closed","template":"","meta":[],"product_brand":[],"product_cat":[128],"product_tag":[218,108],"class_list":{"0":"post-14237","1":"product","2":"type-product","3":"status-publish","4":"has-post-thumbnail","6":"product_cat-biosalt-nortem-pearls-pl","7":"product_tag-pakiety-oszczednosciowe-biosalt-pearls","8":"product_tag-perly-biosol","10":"first","11":"outofstock","12":"taxable","13":"shipping-taxable","14":"purchasable","15":"product-type-simple"},"yoast_head":"<!-- This site is optimized with the Yoast SEO plugin v27.3 - https:\/\/yoast.com\/product\/yoast-seo-wordpress\/ -->\n<title>SPECJALNY PAKIET PRZYPRAW - BioSalt Nortem Pearls<\/title>\n<meta name=\"robots\" content=\"index, follow, max-snippet:-1, max-image-preview:large, max-video-preview:-1\" \/>\n<link rel=\"canonical\" href=\"https:\/\/biosaltpearls.com\/pl\/producto\/opakowanie-specjalnych-przypraw\/\" \/>\n<meta property=\"og:locale\" content=\"pl_PL\" \/>\n<meta property=\"og:type\" content=\"article\" \/>\n<meta property=\"og:title\" content=\"SPECJALNY PAKIET PRZYPRAW - BioSalt Nortem Pearls\" \/>\n<meta property=\"og:description\" content=\"Nadaj wyj\u0105tkowy charakter wszystkim swoim przepisom z przyprawami Grupy Nortem! Pakiet zawiera:  Ekologiczna kurkuma w proszku Nortembio: bogata w witaminy C, E i K. Posiada wysok\u0105 zawarto\u015b\u0107 b\u0142onnika. Jego w\u0142a\u015bciwo\u015bci sprawiaj\u0105, \u017ce jest niezast\u0105pionym sk\u0142adnikiem w Twojej kuchni. Mo\u017cesz te\u017c skorzysta\u0107 z jego licznych w\u0142a\u015bciwo\u015bci leczniczych!  Organiczny pieprz czarny w proszku firmy Nortembio: bogaty w witaminy A i C. Posiada wysok\u0105 zawarto\u015b\u0107 \u017celaza i wapnia. Lekarstwo naszych bab\u0107 to tak\u017ce idealna przyprawa! Dodaj specjalny akcent do swoich potraw i odkryj wszystkie jego w\u0142a\u015bciwo\u015bci przeciwzapalne i antyoksydacyjne.  Organiczny imbir w proszku Nortembio: bogaty w witaminy A i C. Spo\u017cywanie tego sk\u0142adnika nie tylko oczy\u015bci i zadba o Tw\u00f3j organizm, ale tak\u017ce nada Twoim przepisom wspania\u0142y smak.  BioSalt organiczna s\u00f3l morska z pierwszego t\u0142oczenia: i wielka gwiazda! Zdrowsza alternatywa dla soli, kt\u00f3rej nigdy nie mo\u017ce zabrakn\u0105\u0107 na Twoim stole. Nasze per\u0142y BioSalt s\u0105 wyj\u0105tkowe ze wzgl\u0119du na ich naturaln\u0105 krystalizacj\u0119, g\u0105bczasto\u015b\u0107 i charakterystyczny bukiet. Dodaj wi\u0119cej smaku do swoich potraw! Pakiet ten zawiera:  1x S\u0142oik 200 g. Drobn\u0105  1x S\u0142oik 200 g. Grub\u0105  1x Torba 650 g. Bardzo gruby  1x Kurkuma 200 g.  1x Czarny pieprz 100 g.  1x Ginger 100 g.\" \/>\n<meta property=\"og:url\" content=\"https:\/\/biosaltpearls.com\/pl\/producto\/opakowanie-specjalnych-przypraw\/\" \/>\n<meta property=\"og:site_name\" content=\"BioSalt Nortem Pearls\" \/>\n<meta property=\"og:image\" content=\"https:\/\/biosaltpearls.com\/wp-content\/uploads\/2022\/12\/pack-condimentos-curcuma-pimienta-negra-jengibre-especias-nortembio-sal-marina-virgen-biosalt.jpg\" \/>\n\t<meta property=\"og:image:width\" content=\"1000\" \/>\n\t<meta property=\"og:image:height\" content=\"1000\" \/>\n\t<meta property=\"og:image:type\" content=\"image\/jpeg\" \/>\n<meta name=\"twitter:card\" content=\"summary_large_image\" \/>\n<script type=\"application\/ld+json\" class=\"yoast-schema-graph\">{\"@context\":\"https:\\\/\\\/schema.org\",\"@graph\":[{\"@type\":\"WebPage\",\"@id\":\"https:\\\/\\\/biosaltpearls.com\\\/pl\\\/producto\\\/opakowanie-specjalnych-przypraw\\\/\",\"url\":\"https:\\\/\\\/biosaltpearls.com\\\/pl\\\/producto\\\/opakowanie-specjalnych-przypraw\\\/\",\"name\":\"SPECJALNY PAKIET PRZYPRAW - BioSalt Nortem Pearls\",\"isPartOf\":{\"@id\":\"https:\\\/\\\/biosaltpearls.com\\\/pl\\\/#website\"},\"primaryImageOfPage\":{\"@id\":\"https:\\\/\\\/biosaltpearls.com\\\/pl\\\/producto\\\/opakowanie-specjalnych-przypraw\\\/#primaryimage\"},\"image\":{\"@id\":\"https:\\\/\\\/biosaltpearls.com\\\/pl\\\/producto\\\/opakowanie-specjalnych-przypraw\\\/#primaryimage\"},\"thumbnailUrl\":\"https:\\\/\\\/biosaltpearls.com\\\/wp-content\\\/uploads\\\/2022\\\/12\\\/pack-condimentos-curcuma-pimienta-negra-jengibre-especias-nortembio-sal-marina-virgen-biosalt.jpg\",\"datePublished\":\"2022-12-21T12:47:29+00:00\",\"breadcrumb\":{\"@id\":\"https:\\\/\\\/biosaltpearls.com\\\/pl\\\/producto\\\/opakowanie-specjalnych-przypraw\\\/#breadcrumb\"},\"inLanguage\":\"pl-PL\",\"potentialAction\":[{\"@type\":\"ReadAction\",\"target\":[\"https:\\\/\\\/biosaltpearls.com\\\/pl\\\/producto\\\/opakowanie-specjalnych-przypraw\\\/\"]}]},{\"@type\":\"ImageObject\",\"inLanguage\":\"pl-PL\",\"@id\":\"https:\\\/\\\/biosaltpearls.com\\\/pl\\\/producto\\\/opakowanie-specjalnych-przypraw\\\/#primaryimage\",\"url\":\"https:\\\/\\\/biosaltpearls.com\\\/wp-content\\\/uploads\\\/2022\\\/12\\\/pack-condimentos-curcuma-pimienta-negra-jengibre-especias-nortembio-sal-marina-virgen-biosalt.jpg\",\"contentUrl\":\"https:\\\/\\\/biosaltpearls.com\\\/wp-content\\\/uploads\\\/2022\\\/12\\\/pack-condimentos-curcuma-pimienta-negra-jengibre-especias-nortembio-sal-marina-virgen-biosalt.jpg\",\"width\":1000,\"height\":1000},{\"@type\":\"BreadcrumbList\",\"@id\":\"https:\\\/\\\/biosaltpearls.com\\\/pl\\\/producto\\\/opakowanie-specjalnych-przypraw\\\/#breadcrumb\",\"itemListElement\":[{\"@type\":\"ListItem\",\"position\":1,\"name\":\"Inicio\",\"item\":\"https:\\\/\\\/biosaltpearls.com\\\/pl\\\/organiczna-sol-morska-z-pierwszego-tloczenia-biosalt-pearls\\\/\"},{\"@type\":\"ListItem\",\"position\":2,\"name\":\"Sklep\",\"item\":\"https:\\\/\\\/biosaltpearls.com\\\/pl\\\/kupic-sol-morska-virgin\\\/\"},{\"@type\":\"ListItem\",\"position\":3,\"name\":\"SPECJALNY PAKIET PRZYPRAW\"}]},{\"@type\":\"WebSite\",\"@id\":\"https:\\\/\\\/biosaltpearls.com\\\/pl\\\/#website\",\"url\":\"https:\\\/\\\/biosaltpearls.com\\\/pl\\\/\",\"name\":\"BioSalt Nortem Pearls\",\"description\":\"Perlas de Sal Marina Virgen Ecol\u00f3gica\",\"publisher\":{\"@id\":\"https:\\\/\\\/biosaltpearls.com\\\/pl\\\/#organization\"},\"potentialAction\":[{\"@type\":\"SearchAction\",\"target\":{\"@type\":\"EntryPoint\",\"urlTemplate\":\"https:\\\/\\\/biosaltpearls.com\\\/pl\\\/?s={search_term_string}\"},\"query-input\":{\"@type\":\"PropertyValueSpecification\",\"valueRequired\":true,\"valueName\":\"search_term_string\"}}],\"inLanguage\":\"pl-PL\"},{\"@type\":\"Organization\",\"@id\":\"https:\\\/\\\/biosaltpearls.com\\\/pl\\\/#organization\",\"name\":\"BioSalt Pearls\",\"url\":\"https:\\\/\\\/biosaltpearls.com\\\/pl\\\/\",\"logo\":{\"@type\":\"ImageObject\",\"inLanguage\":\"pl-PL\",\"@id\":\"https:\\\/\\\/biosaltpearls.com\\\/pl\\\/#\\\/schema\\\/logo\\\/image\\\/\",\"url\":\"https:\\\/\\\/biosaltpearls.com\\\/wp-content\\\/uploads\\\/2022\\\/11\\\/biosalt-perlas-sal-marina-virgen-natural-ecologica.jpg\",\"contentUrl\":\"https:\\\/\\\/biosaltpearls.com\\\/wp-content\\\/uploads\\\/2022\\\/11\\\/biosalt-perlas-sal-marina-virgen-natural-ecologica.jpg\",\"width\":1000,\"height\":1000,\"caption\":\"BioSalt Pearls\"},\"image\":{\"@id\":\"https:\\\/\\\/biosaltpearls.com\\\/pl\\\/#\\\/schema\\\/logo\\\/image\\\/\"},\"sameAs\":[\"https:\\\/\\\/instagram.com\\\/biosalt\"]}]}<\/script>\n<!-- \/ Yoast SEO plugin. -->","yoast_head_json":{"title":"SPECJALNY PAKIET PRZYPRAW - BioSalt Nortem Pearls","robots":{"index":"index","follow":"follow","max-snippet":"max-snippet:-1","max-image-preview":"max-image-preview:large","max-video-preview":"max-video-preview:-1"},"canonical":"https:\/\/biosaltpearls.com\/pl\/producto\/opakowanie-specjalnych-przypraw\/","og_locale":"pl_PL","og_type":"article","og_title":"SPECJALNY PAKIET PRZYPRAW - BioSalt Nortem Pearls","og_description":"Nadaj wyj\u0105tkowy charakter wszystkim swoim przepisom z przyprawami Grupy Nortem! Pakiet zawiera:  Ekologiczna kurkuma w proszku Nortembio: bogata w witaminy C, E i K. Posiada wysok\u0105 zawarto\u015b\u0107 b\u0142onnika. Jego w\u0142a\u015bciwo\u015bci sprawiaj\u0105, \u017ce jest niezast\u0105pionym sk\u0142adnikiem w Twojej kuchni. Mo\u017cesz te\u017c skorzysta\u0107 z jego licznych w\u0142a\u015bciwo\u015bci leczniczych!  Organiczny pieprz czarny w proszku firmy Nortembio: bogaty w witaminy A i C. Posiada wysok\u0105 zawarto\u015b\u0107 \u017celaza i wapnia. Lekarstwo naszych bab\u0107 to tak\u017ce idealna przyprawa! Dodaj specjalny akcent do swoich potraw i odkryj wszystkie jego w\u0142a\u015bciwo\u015bci przeciwzapalne i antyoksydacyjne.  Organiczny imbir w proszku Nortembio: bogaty w witaminy A i C. Spo\u017cywanie tego sk\u0142adnika nie tylko oczy\u015bci i zadba o Tw\u00f3j organizm, ale tak\u017ce nada Twoim przepisom wspania\u0142y smak.  BioSalt organiczna s\u00f3l morska z pierwszego t\u0142oczenia: i wielka gwiazda! Zdrowsza alternatywa dla soli, kt\u00f3rej nigdy nie mo\u017ce zabrakn\u0105\u0107 na Twoim stole. Nasze per\u0142y BioSalt s\u0105 wyj\u0105tkowe ze wzgl\u0119du na ich naturaln\u0105 krystalizacj\u0119, g\u0105bczasto\u015b\u0107 i charakterystyczny bukiet. Dodaj wi\u0119cej smaku do swoich potraw! Pakiet ten zawiera:  1x S\u0142oik 200 g. Drobn\u0105  1x S\u0142oik 200 g. Grub\u0105  1x Torba 650 g. Bardzo gruby  1x Kurkuma 200 g.  1x Czarny pieprz 100 g.  1x Ginger 100 g.","og_url":"https:\/\/biosaltpearls.com\/pl\/producto\/opakowanie-specjalnych-przypraw\/","og_site_name":"BioSalt Nortem Pearls","og_image":[{"width":1000,"height":1000,"url":"https:\/\/biosaltpearls.com\/wp-content\/uploads\/2022\/12\/pack-condimentos-curcuma-pimienta-negra-jengibre-especias-nortembio-sal-marina-virgen-biosalt.jpg","type":"image\/jpeg"}],"twitter_card":"summary_large_image","schema":{"@context":"https:\/\/schema.org","@graph":[{"@type":"WebPage","@id":"https:\/\/biosaltpearls.com\/pl\/producto\/opakowanie-specjalnych-przypraw\/","url":"https:\/\/biosaltpearls.com\/pl\/producto\/opakowanie-specjalnych-przypraw\/","name":"SPECJALNY PAKIET PRZYPRAW - BioSalt Nortem Pearls","isPartOf":{"@id":"https:\/\/biosaltpearls.com\/pl\/#website"},"primaryImageOfPage":{"@id":"https:\/\/biosaltpearls.com\/pl\/producto\/opakowanie-specjalnych-przypraw\/#primaryimage"},"image":{"@id":"https:\/\/biosaltpearls.com\/pl\/producto\/opakowanie-specjalnych-przypraw\/#primaryimage"},"thumbnailUrl":"https:\/\/biosaltpearls.com\/wp-content\/uploads\/2022\/12\/pack-condimentos-curcuma-pimienta-negra-jengibre-especias-nortembio-sal-marina-virgen-biosalt.jpg","datePublished":"2022-12-21T12:47:29+00:00","breadcrumb":{"@id":"https:\/\/biosaltpearls.com\/pl\/producto\/opakowanie-specjalnych-przypraw\/#breadcrumb"},"inLanguage":"pl-PL","potentialAction":[{"@type":"ReadAction","target":["https:\/\/biosaltpearls.com\/pl\/producto\/opakowanie-specjalnych-przypraw\/"]}]},{"@type":"ImageObject","inLanguage":"pl-PL","@id":"https:\/\/biosaltpearls.com\/pl\/producto\/opakowanie-specjalnych-przypraw\/#primaryimage","url":"https:\/\/biosaltpearls.com\/wp-content\/uploads\/2022\/12\/pack-condimentos-curcuma-pimienta-negra-jengibre-especias-nortembio-sal-marina-virgen-biosalt.jpg","contentUrl":"https:\/\/biosaltpearls.com\/wp-content\/uploads\/2022\/12\/pack-condimentos-curcuma-pimienta-negra-jengibre-especias-nortembio-sal-marina-virgen-biosalt.jpg","width":1000,"height":1000},{"@type":"BreadcrumbList","@id":"https:\/\/biosaltpearls.com\/pl\/producto\/opakowanie-specjalnych-przypraw\/#breadcrumb","itemListElement":[{"@type":"ListItem","position":1,"name":"Inicio","item":"https:\/\/biosaltpearls.com\/pl\/organiczna-sol-morska-z-pierwszego-tloczenia-biosalt-pearls\/"},{"@type":"ListItem","position":2,"name":"Sklep","item":"https:\/\/biosaltpearls.com\/pl\/kupic-sol-morska-virgin\/"},{"@type":"ListItem","position":3,"name":"SPECJALNY PAKIET PRZYPRAW"}]},{"@type":"WebSite","@id":"https:\/\/biosaltpearls.com\/pl\/#website","url":"https:\/\/biosaltpearls.com\/pl\/","name":"BioSalt Nortem Pearls","description":"Perlas de Sal Marina Virgen Ecol\u00f3gica","publisher":{"@id":"https:\/\/biosaltpearls.com\/pl\/#organization"},"potentialAction":[{"@type":"SearchAction","target":{"@type":"EntryPoint","urlTemplate":"https:\/\/biosaltpearls.com\/pl\/?s={search_term_string}"},"query-input":{"@type":"PropertyValueSpecification","valueRequired":true,"valueName":"search_term_string"}}],"inLanguage":"pl-PL"},{"@type":"Organization","@id":"https:\/\/biosaltpearls.com\/pl\/#organization","name":"BioSalt Pearls","url":"https:\/\/biosaltpearls.com\/pl\/","logo":{"@type":"ImageObject","inLanguage":"pl-PL","@id":"https:\/\/biosaltpearls.com\/pl\/#\/schema\/logo\/image\/","url":"https:\/\/biosaltpearls.com\/wp-content\/uploads\/2022\/11\/biosalt-perlas-sal-marina-virgen-natural-ecologica.jpg","contentUrl":"https:\/\/biosaltpearls.com\/wp-content\/uploads\/2022\/11\/biosalt-perlas-sal-marina-virgen-natural-ecologica.jpg","width":1000,"height":1000,"caption":"BioSalt Pearls"},"image":{"@id":"https:\/\/biosaltpearls.com\/pl\/#\/schema\/logo\/image\/"},"sameAs":["https:\/\/instagram.com\/biosalt"]}]}},"_links":{"self":[{"href":"https:\/\/biosaltpearls.com\/pl\/wp-json\/wp\/v2\/product\/14237","targetHints":{"allow":["GET"]}}],"collection":[{"href":"https:\/\/biosaltpearls.com\/pl\/wp-json\/wp\/v2\/product"}],"about":[{"href":"https:\/\/biosaltpearls.com\/pl\/wp-json\/wp\/v2\/types\/product"}],"replies":[{"embeddable":true,"href":"https:\/\/biosaltpearls.com\/pl\/wp-json\/wp\/v2\/comments?post=14237"}],"version-history":[{"count":0,"href":"https:\/\/biosaltpearls.com\/pl\/wp-json\/wp\/v2\/product\/14237\/revisions"}],"wp:featuredmedia":[{"embeddable":true,"href":"https:\/\/biosaltpearls.com\/pl\/wp-json\/wp\/v2\/media\/14082"}],"wp:attachment":[{"href":"https:\/\/biosaltpearls.com\/pl\/wp-json\/wp\/v2\/media?parent=14237"}],"wp:term":[{"taxonomy":"product_brand","embeddable":true,"href":"https:\/\/biosaltpearls.com\/pl\/wp-json\/wp\/v2\/product_brand?post=14237"},{"taxonomy":"product_cat","embeddable":true,"href":"https:\/\/biosaltpearls.com\/pl\/wp-json\/wp\/v2\/product_cat?post=14237"},{"taxonomy":"product_tag","embeddable":true,"href":"https:\/\/biosaltpearls.com\/pl\/wp-json\/wp\/v2\/product_tag?post=14237"}],"curies":[{"name":"wp","href":"https:\/\/api.w.org\/{rel}","templated":true}]}}