{"id":14189,"date":"2022-12-21T13:47:29","date_gmt":"2022-12-21T12:47:29","guid":{"rendered":"https:\/\/biosaltpearls.com\/producto\/confezione-speciale-di-condimento\/"},"modified":"2022-12-21T13:47:29","modified_gmt":"2022-12-21T12:47:29","slug":"confezione-condimenti-speciali","status":"publish","type":"product","link":"https:\/\/biosaltpearls.com\/it\/producto\/confezione-condimenti-speciali\/","title":{"rendered":"CONFEZIONE SPECIALE DI CONDIMENTO"},"content":{"rendered":"","protected":false},"excerpt":{"rendered":"<p>Date un tocco unico a tutte le vostre ricette con i condimenti di Nortem Group!<br \/>\nLa confezione contiene:<\/p>\n<ul>\n<li><strong>Curcuma biologica in polvere Nortembio: <\/strong>Ricco di vitamine C, E e K. Ha un elevato contenuto di fibre. Le sue propriet\u00e0 lo rendono un ingrediente indispensabile in cucina. otete anche beneficiare delle sue numerose propriet\u00e0 curative!<\/li>\n<li><strong>Pepe nero<\/strong> <strong>in polvere biologico di Nortembio<\/strong>: ricco di vitamine A e C. Ha un elevato contenuto di ferro e calcio. Il rimedio delle nostre nonne \u00e8 anche il condimento ideale! Aggiungete un tocco speciale ai vostri piatti e scoprite tutte le sue propriet\u00e0 antinfiammatorie e antiossidanti.<\/li>\n<li><strong>Zenzero biologico in polvere di Nortembio<\/strong>: ricco di vitamine A e C. Il consumo di questo ingrediente non solo vi far\u00e0 depurare e curare il vostro corpo, ma dar\u00e0 anche un ottimo sapore alle vostre ricette.<\/li>\n<li><strong>Sal marina virgen ecol\u00f3gica BioSalt<\/strong>: E la grande stella! L&#8217;alternativa pi\u00f9 sana al sale che non pu\u00f2 mai mancare sulla vostra tavola. Le nostre perle BioSalt sono uniche per la loro cristallizzazione naturale, la loro spugnosit\u00e0 e il loro caratteristico bouquet. Aggiungete pi\u00f9 sapore ai vostri piatti!<\/li>\n<\/ul>\n<p>Questa confezione comprende:<\/p>\n<ul>\n<li>1x Barattolo 200 g. Fine<\/li>\n<li>1x Barattolo 200 g. Grosso<\/li>\n<li>1x Sacchetto 650 g. Extra grosso<\/li>\n<li>1x Curcuma 200 g.<\/li>\n<li>1x Pepe nero 100 g.<\/li>\n<li>1x Zenzero 100 g.<\/li>\n<li style=\"list-style-type: none;\">\n<\/li>\n<\/ul>\n","protected":false},"featured_media":14081,"comment_status":"open","ping_status":"closed","template":"","meta":[],"product_brand":[],"product_cat":[127],"product_tag":[213,107],"class_list":{"0":"post-14189","1":"product","2":"type-product","3":"status-publish","4":"has-post-thumbnail","6":"product_cat-biosalt-nortem-pearls-it","7":"product_tag-confezioni-risparmio-perle-di-biosalt","8":"product_tag-perle-di-sale-biologico","10":"first","11":"outofstock","12":"taxable","13":"shipping-taxable","14":"purchasable","15":"product-type-simple"},"yoast_head":"<!-- This site is optimized with the Yoast SEO plugin v27.3 - https:\/\/yoast.com\/product\/yoast-seo-wordpress\/ -->\n<title>CONFEZIONE SPECIALE DI CONDIMENTO - BioSalt Nortem Pearls<\/title>\n<meta name=\"robots\" content=\"index, follow, max-snippet:-1, max-image-preview:large, max-video-preview:-1\" \/>\n<link rel=\"canonical\" href=\"https:\/\/biosaltpearls.com\/it\/producto\/confezione-condimenti-speciali\/\" \/>\n<meta property=\"og:locale\" content=\"it_IT\" \/>\n<meta property=\"og:type\" content=\"article\" \/>\n<meta property=\"og:title\" content=\"CONFEZIONE SPECIALE DI CONDIMENTO - BioSalt Nortem Pearls\" \/>\n<meta property=\"og:description\" content=\"Date un tocco unico a tutte le vostre ricette con i condimenti di Nortem Group! La confezione contiene:  Curcuma biologica in polvere Nortembio: Ricco di vitamine C, E e K. Ha un elevato contenuto di fibre. Le sue propriet\u00e0 lo rendono un ingrediente indispensabile in cucina. otete anche beneficiare delle sue numerose propriet\u00e0 curative!  Pepe nero in polvere biologico di Nortembio: ricco di vitamine A e C. Ha un elevato contenuto di ferro e calcio. Il rimedio delle nostre nonne \u00e8 anche il condimento ideale! Aggiungete un tocco speciale ai vostri piatti e scoprite tutte le sue propriet\u00e0 antinfiammatorie e antiossidanti.  Zenzero biologico in polvere di Nortembio: ricco di vitamine A e C. Il consumo di questo ingrediente non solo vi far\u00e0 depurare e curare il vostro corpo, ma dar\u00e0 anche un ottimo sapore alle vostre ricette.  Sal marina virgen ecol\u00f3gica BioSalt: E la grande stella! L&#039;alternativa pi\u00f9 sana al sale che non pu\u00f2 mai mancare sulla vostra tavola. Le nostre perle BioSalt sono uniche per la loro cristallizzazione naturale, la loro spugnosit\u00e0 e il loro caratteristico bouquet. Aggiungete pi\u00f9 sapore ai vostri piatti! Questa confezione comprende:  1x Barattolo 200 g. Fine  1x Barattolo 200 g. Grosso  1x Sacchetto 650 g. Extra grosso  1x Curcuma 200 g.  1x Pepe nero 100 g.  1x Zenzero 100 g.\" \/>\n<meta property=\"og:url\" content=\"https:\/\/biosaltpearls.com\/it\/producto\/confezione-condimenti-speciali\/\" \/>\n<meta property=\"og:site_name\" content=\"BioSalt Nortem Pearls\" \/>\n<meta property=\"og:image\" content=\"https:\/\/biosaltpearls.com\/wp-content\/uploads\/2022\/12\/pack-condimentos-curcuma-pimienta-negra-jengibre-especias-nortembio-sal-marina-virgen-biosalt.jpg\" \/>\n\t<meta property=\"og:image:width\" content=\"1000\" \/>\n\t<meta property=\"og:image:height\" content=\"1000\" \/>\n\t<meta property=\"og:image:type\" content=\"image\/jpeg\" \/>\n<meta name=\"twitter:card\" content=\"summary_large_image\" \/>\n<script type=\"application\/ld+json\" class=\"yoast-schema-graph\">{\"@context\":\"https:\\\/\\\/schema.org\",\"@graph\":[{\"@type\":\"WebPage\",\"@id\":\"https:\\\/\\\/biosaltpearls.com\\\/it\\\/producto\\\/confezione-condimenti-speciali\\\/\",\"url\":\"https:\\\/\\\/biosaltpearls.com\\\/it\\\/producto\\\/confezione-condimenti-speciali\\\/\",\"name\":\"CONFEZIONE SPECIALE DI CONDIMENTO - BioSalt Nortem Pearls\",\"isPartOf\":{\"@id\":\"https:\\\/\\\/biosaltpearls.com\\\/it\\\/#website\"},\"primaryImageOfPage\":{\"@id\":\"https:\\\/\\\/biosaltpearls.com\\\/it\\\/producto\\\/confezione-condimenti-speciali\\\/#primaryimage\"},\"image\":{\"@id\":\"https:\\\/\\\/biosaltpearls.com\\\/it\\\/producto\\\/confezione-condimenti-speciali\\\/#primaryimage\"},\"thumbnailUrl\":\"https:\\\/\\\/biosaltpearls.com\\\/wp-content\\\/uploads\\\/2022\\\/12\\\/pack-condimentos-curcuma-pimienta-negra-jengibre-especias-nortembio-sal-marina-virgen-biosalt.jpg\",\"datePublished\":\"2022-12-21T12:47:29+00:00\",\"breadcrumb\":{\"@id\":\"https:\\\/\\\/biosaltpearls.com\\\/it\\\/producto\\\/confezione-condimenti-speciali\\\/#breadcrumb\"},\"inLanguage\":\"it-IT\",\"potentialAction\":[{\"@type\":\"ReadAction\",\"target\":[\"https:\\\/\\\/biosaltpearls.com\\\/it\\\/producto\\\/confezione-condimenti-speciali\\\/\"]}]},{\"@type\":\"ImageObject\",\"inLanguage\":\"it-IT\",\"@id\":\"https:\\\/\\\/biosaltpearls.com\\\/it\\\/producto\\\/confezione-condimenti-speciali\\\/#primaryimage\",\"url\":\"https:\\\/\\\/biosaltpearls.com\\\/wp-content\\\/uploads\\\/2022\\\/12\\\/pack-condimentos-curcuma-pimienta-negra-jengibre-especias-nortembio-sal-marina-virgen-biosalt.jpg\",\"contentUrl\":\"https:\\\/\\\/biosaltpearls.com\\\/wp-content\\\/uploads\\\/2022\\\/12\\\/pack-condimentos-curcuma-pimienta-negra-jengibre-especias-nortembio-sal-marina-virgen-biosalt.jpg\",\"width\":1000,\"height\":1000},{\"@type\":\"BreadcrumbList\",\"@id\":\"https:\\\/\\\/biosaltpearls.com\\\/it\\\/producto\\\/confezione-condimenti-speciali\\\/#breadcrumb\",\"itemListElement\":[{\"@type\":\"ListItem\",\"position\":1,\"name\":\"Inicio\",\"item\":\"https:\\\/\\\/biosaltpearls.com\\\/it\\\/sale-marino-integrale-biologico-biosalt-pearls\\\/\"},{\"@type\":\"ListItem\",\"position\":2,\"name\":\"Negozio\",\"item\":\"https:\\\/\\\/biosaltpearls.com\\\/it\\\/acquistare-sale-marino-vergine\\\/\"},{\"@type\":\"ListItem\",\"position\":3,\"name\":\"CONFEZIONE SPECIALE DI CONDIMENTO\"}]},{\"@type\":\"WebSite\",\"@id\":\"https:\\\/\\\/biosaltpearls.com\\\/it\\\/#website\",\"url\":\"https:\\\/\\\/biosaltpearls.com\\\/it\\\/\",\"name\":\"BioSalt Nortem Pearls\",\"description\":\"Perlas de Sal Marina Virgen Ecol\u00f3gica\",\"publisher\":{\"@id\":\"https:\\\/\\\/biosaltpearls.com\\\/it\\\/#organization\"},\"potentialAction\":[{\"@type\":\"SearchAction\",\"target\":{\"@type\":\"EntryPoint\",\"urlTemplate\":\"https:\\\/\\\/biosaltpearls.com\\\/it\\\/?s={search_term_string}\"},\"query-input\":{\"@type\":\"PropertyValueSpecification\",\"valueRequired\":true,\"valueName\":\"search_term_string\"}}],\"inLanguage\":\"it-IT\"},{\"@type\":\"Organization\",\"@id\":\"https:\\\/\\\/biosaltpearls.com\\\/it\\\/#organization\",\"name\":\"BioSalt Pearls\",\"url\":\"https:\\\/\\\/biosaltpearls.com\\\/it\\\/\",\"logo\":{\"@type\":\"ImageObject\",\"inLanguage\":\"it-IT\",\"@id\":\"https:\\\/\\\/biosaltpearls.com\\\/it\\\/#\\\/schema\\\/logo\\\/image\\\/\",\"url\":\"https:\\\/\\\/biosaltpearls.com\\\/wp-content\\\/uploads\\\/2022\\\/11\\\/biosalt-perlas-sal-marina-virgen-natural-ecologica.jpg\",\"contentUrl\":\"https:\\\/\\\/biosaltpearls.com\\\/wp-content\\\/uploads\\\/2022\\\/11\\\/biosalt-perlas-sal-marina-virgen-natural-ecologica.jpg\",\"width\":1000,\"height\":1000,\"caption\":\"BioSalt Pearls\"},\"image\":{\"@id\":\"https:\\\/\\\/biosaltpearls.com\\\/it\\\/#\\\/schema\\\/logo\\\/image\\\/\"},\"sameAs\":[\"https:\\\/\\\/instagram.com\\\/biosalt\"]}]}<\/script>\n<!-- \/ Yoast SEO plugin. -->","yoast_head_json":{"title":"CONFEZIONE SPECIALE DI CONDIMENTO - BioSalt Nortem Pearls","robots":{"index":"index","follow":"follow","max-snippet":"max-snippet:-1","max-image-preview":"max-image-preview:large","max-video-preview":"max-video-preview:-1"},"canonical":"https:\/\/biosaltpearls.com\/it\/producto\/confezione-condimenti-speciali\/","og_locale":"it_IT","og_type":"article","og_title":"CONFEZIONE SPECIALE DI CONDIMENTO - BioSalt Nortem Pearls","og_description":"Date un tocco unico a tutte le vostre ricette con i condimenti di Nortem Group! La confezione contiene:  Curcuma biologica in polvere Nortembio: Ricco di vitamine C, E e K. Ha un elevato contenuto di fibre. Le sue propriet\u00e0 lo rendono un ingrediente indispensabile in cucina. otete anche beneficiare delle sue numerose propriet\u00e0 curative!  Pepe nero in polvere biologico di Nortembio: ricco di vitamine A e C. Ha un elevato contenuto di ferro e calcio. Il rimedio delle nostre nonne \u00e8 anche il condimento ideale! Aggiungete un tocco speciale ai vostri piatti e scoprite tutte le sue propriet\u00e0 antinfiammatorie e antiossidanti.  Zenzero biologico in polvere di Nortembio: ricco di vitamine A e C. Il consumo di questo ingrediente non solo vi far\u00e0 depurare e curare il vostro corpo, ma dar\u00e0 anche un ottimo sapore alle vostre ricette.  Sal marina virgen ecol\u00f3gica BioSalt: E la grande stella! L'alternativa pi\u00f9 sana al sale che non pu\u00f2 mai mancare sulla vostra tavola. Le nostre perle BioSalt sono uniche per la loro cristallizzazione naturale, la loro spugnosit\u00e0 e il loro caratteristico bouquet. Aggiungete pi\u00f9 sapore ai vostri piatti! Questa confezione comprende:  1x Barattolo 200 g. Fine  1x Barattolo 200 g. Grosso  1x Sacchetto 650 g. Extra grosso  1x Curcuma 200 g.  1x Pepe nero 100 g.  1x Zenzero 100 g.","og_url":"https:\/\/biosaltpearls.com\/it\/producto\/confezione-condimenti-speciali\/","og_site_name":"BioSalt Nortem Pearls","og_image":[{"width":1000,"height":1000,"url":"https:\/\/biosaltpearls.com\/wp-content\/uploads\/2022\/12\/pack-condimentos-curcuma-pimienta-negra-jengibre-especias-nortembio-sal-marina-virgen-biosalt.jpg","type":"image\/jpeg"}],"twitter_card":"summary_large_image","schema":{"@context":"https:\/\/schema.org","@graph":[{"@type":"WebPage","@id":"https:\/\/biosaltpearls.com\/it\/producto\/confezione-condimenti-speciali\/","url":"https:\/\/biosaltpearls.com\/it\/producto\/confezione-condimenti-speciali\/","name":"CONFEZIONE SPECIALE DI CONDIMENTO - BioSalt Nortem Pearls","isPartOf":{"@id":"https:\/\/biosaltpearls.com\/it\/#website"},"primaryImageOfPage":{"@id":"https:\/\/biosaltpearls.com\/it\/producto\/confezione-condimenti-speciali\/#primaryimage"},"image":{"@id":"https:\/\/biosaltpearls.com\/it\/producto\/confezione-condimenti-speciali\/#primaryimage"},"thumbnailUrl":"https:\/\/biosaltpearls.com\/wp-content\/uploads\/2022\/12\/pack-condimentos-curcuma-pimienta-negra-jengibre-especias-nortembio-sal-marina-virgen-biosalt.jpg","datePublished":"2022-12-21T12:47:29+00:00","breadcrumb":{"@id":"https:\/\/biosaltpearls.com\/it\/producto\/confezione-condimenti-speciali\/#breadcrumb"},"inLanguage":"it-IT","potentialAction":[{"@type":"ReadAction","target":["https:\/\/biosaltpearls.com\/it\/producto\/confezione-condimenti-speciali\/"]}]},{"@type":"ImageObject","inLanguage":"it-IT","@id":"https:\/\/biosaltpearls.com\/it\/producto\/confezione-condimenti-speciali\/#primaryimage","url":"https:\/\/biosaltpearls.com\/wp-content\/uploads\/2022\/12\/pack-condimentos-curcuma-pimienta-negra-jengibre-especias-nortembio-sal-marina-virgen-biosalt.jpg","contentUrl":"https:\/\/biosaltpearls.com\/wp-content\/uploads\/2022\/12\/pack-condimentos-curcuma-pimienta-negra-jengibre-especias-nortembio-sal-marina-virgen-biosalt.jpg","width":1000,"height":1000},{"@type":"BreadcrumbList","@id":"https:\/\/biosaltpearls.com\/it\/producto\/confezione-condimenti-speciali\/#breadcrumb","itemListElement":[{"@type":"ListItem","position":1,"name":"Inicio","item":"https:\/\/biosaltpearls.com\/it\/sale-marino-integrale-biologico-biosalt-pearls\/"},{"@type":"ListItem","position":2,"name":"Negozio","item":"https:\/\/biosaltpearls.com\/it\/acquistare-sale-marino-vergine\/"},{"@type":"ListItem","position":3,"name":"CONFEZIONE SPECIALE DI CONDIMENTO"}]},{"@type":"WebSite","@id":"https:\/\/biosaltpearls.com\/it\/#website","url":"https:\/\/biosaltpearls.com\/it\/","name":"BioSalt Nortem Pearls","description":"Perlas de Sal Marina Virgen Ecol\u00f3gica","publisher":{"@id":"https:\/\/biosaltpearls.com\/it\/#organization"},"potentialAction":[{"@type":"SearchAction","target":{"@type":"EntryPoint","urlTemplate":"https:\/\/biosaltpearls.com\/it\/?s={search_term_string}"},"query-input":{"@type":"PropertyValueSpecification","valueRequired":true,"valueName":"search_term_string"}}],"inLanguage":"it-IT"},{"@type":"Organization","@id":"https:\/\/biosaltpearls.com\/it\/#organization","name":"BioSalt Pearls","url":"https:\/\/biosaltpearls.com\/it\/","logo":{"@type":"ImageObject","inLanguage":"it-IT","@id":"https:\/\/biosaltpearls.com\/it\/#\/schema\/logo\/image\/","url":"https:\/\/biosaltpearls.com\/wp-content\/uploads\/2022\/11\/biosalt-perlas-sal-marina-virgen-natural-ecologica.jpg","contentUrl":"https:\/\/biosaltpearls.com\/wp-content\/uploads\/2022\/11\/biosalt-perlas-sal-marina-virgen-natural-ecologica.jpg","width":1000,"height":1000,"caption":"BioSalt Pearls"},"image":{"@id":"https:\/\/biosaltpearls.com\/it\/#\/schema\/logo\/image\/"},"sameAs":["https:\/\/instagram.com\/biosalt"]}]}},"_links":{"self":[{"href":"https:\/\/biosaltpearls.com\/it\/wp-json\/wp\/v2\/product\/14189","targetHints":{"allow":["GET"]}}],"collection":[{"href":"https:\/\/biosaltpearls.com\/it\/wp-json\/wp\/v2\/product"}],"about":[{"href":"https:\/\/biosaltpearls.com\/it\/wp-json\/wp\/v2\/types\/product"}],"replies":[{"embeddable":true,"href":"https:\/\/biosaltpearls.com\/it\/wp-json\/wp\/v2\/comments?post=14189"}],"version-history":[{"count":0,"href":"https:\/\/biosaltpearls.com\/it\/wp-json\/wp\/v2\/product\/14189\/revisions"}],"wp:featuredmedia":[{"embeddable":true,"href":"https:\/\/biosaltpearls.com\/it\/wp-json\/wp\/v2\/media\/14081"}],"wp:attachment":[{"href":"https:\/\/biosaltpearls.com\/it\/wp-json\/wp\/v2\/media?parent=14189"}],"wp:term":[{"taxonomy":"product_brand","embeddable":true,"href":"https:\/\/biosaltpearls.com\/it\/wp-json\/wp\/v2\/product_brand?post=14189"},{"taxonomy":"product_cat","embeddable":true,"href":"https:\/\/biosaltpearls.com\/it\/wp-json\/wp\/v2\/product_cat?post=14189"},{"taxonomy":"product_tag","embeddable":true,"href":"https:\/\/biosaltpearls.com\/it\/wp-json\/wp\/v2\/product_tag?post=14189"}],"curies":[{"name":"wp","href":"https:\/\/api.w.org\/{rel}","templated":true}]}}