{"id":14261,"date":"2022-10-17T07:37:07","date_gmt":"2022-10-17T06:37:07","guid":{"rendered":"https:\/\/biosaltpearls.com\/producto\/sel-de-mer-biologique-pur-sac-extra-grossier-650g-2-pcs-sel-gourmet-biologique-100-naturel-non-raffine-sans-additifs\/"},"modified":"2024-07-08T15:10:51","modified_gmt":"2024-07-08T14:10:51","slug":"sel-de-marine-ecologique-extra-epais-sac-650g-2-pcs-sel-de-gourmet-bio-100-naturel-sel-non-raffine-sans-additifs","status":"publish","type":"product","link":"https:\/\/biosaltpearls.com\/fr\/producto\/sel-de-marine-ecologique-extra-epais-sac-650g-2-pcs-sel-de-gourmet-bio-100-naturel-sel-non-raffine-sans-additifs\/","title":{"rendered":"Sel de mer biologique pur &#8211; Sac extra grossier 650g (2 pcs.). Sel gourmet biologique 100% naturel. Non raffin\u00e9. Sans additifs."},"content":{"rendered":"","protected":false},"excerpt":{"rendered":"<p><strong>Pack de 2 sacs 650g &#8211; Extra \u00e9pais.<\/strong><\/p>\n<p><strong>Sel marin vierge bio<\/strong> de <strong>premi\u00e8re<\/strong> qualit\u00e9.<\/p>\n<p>Compos\u00e9 de <b>+70 min\u00e9raux et oligo-\u00e9l\u00e9ments essentiels.<\/b><\/p>\n<p><b>Cristallisation naturelle<\/b> et mouillage inf\u00e9rieur \u00e0 2%.<\/p>\n<p><strong>Non raffin\u00e9<\/strong>, sans additifs et sans agent anti-agglom\u00e9rant.<\/p>\n<p><strong>Certifi\u00e9 organique<\/strong><\/p>\n<p>Sans BPA et 100% recyclable Produit artisanal du parc naturel de la baie de Cadix.<\/p>\n","protected":false},"featured_media":13301,"comment_status":"open","ping_status":"closed","template":"","meta":[],"product_brand":[],"product_cat":[125],"product_tag":[220,105],"class_list":{"0":"post-14261","1":"product","2":"type-product","3":"status-publish","4":"has-post-thumbnail","6":"product_cat-biosalt-nortem-pearls-fr","7":"product_tag-packs-deconomies-biosalt-pearls","8":"product_tag-perles-de-sel-ecologique","10":"first","11":"instock","12":"taxable","13":"shipping-taxable","14":"purchasable","15":"product-type-simple"},"yoast_head":"<!-- This site is optimized with the Yoast SEO plugin v27.4 - https:\/\/yoast.com\/product\/yoast-seo-wordpress\/ -->\n<title>Sel de mer biologique pur - Sac extra grossier 650g (2 pcs.). Sel gourmet biologique 100% naturel. Non raffin\u00e9. Sans additifs. - BioSalt Nortem Pearls<\/title>\n<meta name=\"robots\" content=\"index, follow, max-snippet:-1, max-image-preview:large, max-video-preview:-1\" \/>\n<link rel=\"canonical\" href=\"https:\/\/biosaltpearls.com\/fr\/producto\/sel-de-marine-ecologique-extra-epais-sac-650g-2-pcs-sel-de-gourmet-bio-100-naturel-sel-non-raffine-sans-additifs\/\" \/>\n<meta property=\"og:locale\" content=\"fr_FR\" \/>\n<meta property=\"og:type\" content=\"article\" \/>\n<meta property=\"og:title\" content=\"Sel de mer biologique pur - Sac extra grossier 650g (2 pcs.). Sel gourmet biologique 100% naturel. Non raffin\u00e9. Sans additifs. - BioSalt Nortem Pearls\" \/>\n<meta property=\"og:description\" content=\"Pack de 2 sacs 650g - Extra \u00e9pais. Sel marin vierge bio de premi\u00e8re qualit\u00e9. Compos\u00e9 de +70 min\u00e9raux et oligo-\u00e9l\u00e9ments essentiels. Cristallisation naturelle et mouillage inf\u00e9rieur \u00e0 2%. Non raffin\u00e9, sans additifs et sans agent anti-agglom\u00e9rant. Certifi\u00e9 organique Sans BPA et 100% recyclable Produit artisanal du parc naturel de la baie de Cadix.\" \/>\n<meta property=\"og:url\" content=\"https:\/\/biosaltpearls.com\/fr\/producto\/sel-de-marine-ecologique-extra-epais-sac-650g-2-pcs-sel-de-gourmet-bio-100-naturel-sel-non-raffine-sans-additifs\/\" \/>\n<meta property=\"og:site_name\" content=\"BioSalt Nortem Pearls\" \/>\n<meta property=\"article:modified_time\" content=\"2024-07-08T14:10:51+00:00\" \/>\n<meta property=\"og:image\" content=\"https:\/\/biosaltpearls.com\/wp-content\/uploads\/2022\/10\/Bolsas-Biosalt-Pack-X2-extra-gruesa.jpg\" \/>\n\t<meta property=\"og:image:width\" content=\"1000\" \/>\n\t<meta property=\"og:image:height\" content=\"1000\" \/>\n\t<meta property=\"og:image:type\" content=\"image\/jpeg\" \/>\n<meta name=\"twitter:card\" content=\"summary_large_image\" \/>\n<script type=\"application\/ld+json\" class=\"yoast-schema-graph\">{\"@context\":\"https:\\\/\\\/schema.org\",\"@graph\":[{\"@type\":\"WebPage\",\"@id\":\"https:\\\/\\\/biosaltpearls.com\\\/fr\\\/producto\\\/sel-de-marine-ecologique-extra-epais-sac-650g-2-pcs-sel-de-gourmet-bio-100-naturel-sel-non-raffine-sans-additifs\\\/\",\"url\":\"https:\\\/\\\/biosaltpearls.com\\\/fr\\\/producto\\\/sel-de-marine-ecologique-extra-epais-sac-650g-2-pcs-sel-de-gourmet-bio-100-naturel-sel-non-raffine-sans-additifs\\\/\",\"name\":\"Sel de mer biologique pur - Sac extra grossier 650g (2 pcs.). Sel gourmet biologique 100% naturel. Non raffin\u00e9. Sans additifs. - BioSalt Nortem Pearls\",\"isPartOf\":{\"@id\":\"https:\\\/\\\/biosaltpearls.com\\\/fr\\\/#website\"},\"primaryImageOfPage\":{\"@id\":\"https:\\\/\\\/biosaltpearls.com\\\/fr\\\/producto\\\/sel-de-marine-ecologique-extra-epais-sac-650g-2-pcs-sel-de-gourmet-bio-100-naturel-sel-non-raffine-sans-additifs\\\/#primaryimage\"},\"image\":{\"@id\":\"https:\\\/\\\/biosaltpearls.com\\\/fr\\\/producto\\\/sel-de-marine-ecologique-extra-epais-sac-650g-2-pcs-sel-de-gourmet-bio-100-naturel-sel-non-raffine-sans-additifs\\\/#primaryimage\"},\"thumbnailUrl\":\"https:\\\/\\\/biosaltpearls.com\\\/wp-content\\\/uploads\\\/2022\\\/10\\\/Bolsas-Biosalt-Pack-X2-extra-gruesa.jpg\",\"datePublished\":\"2022-10-17T06:37:07+00:00\",\"dateModified\":\"2024-07-08T14:10:51+00:00\",\"breadcrumb\":{\"@id\":\"https:\\\/\\\/biosaltpearls.com\\\/fr\\\/producto\\\/sel-de-marine-ecologique-extra-epais-sac-650g-2-pcs-sel-de-gourmet-bio-100-naturel-sel-non-raffine-sans-additifs\\\/#breadcrumb\"},\"inLanguage\":\"fr-FR\",\"potentialAction\":[{\"@type\":\"ReadAction\",\"target\":[\"https:\\\/\\\/biosaltpearls.com\\\/fr\\\/producto\\\/sel-de-marine-ecologique-extra-epais-sac-650g-2-pcs-sel-de-gourmet-bio-100-naturel-sel-non-raffine-sans-additifs\\\/\"]}]},{\"@type\":\"ImageObject\",\"inLanguage\":\"fr-FR\",\"@id\":\"https:\\\/\\\/biosaltpearls.com\\\/fr\\\/producto\\\/sel-de-marine-ecologique-extra-epais-sac-650g-2-pcs-sel-de-gourmet-bio-100-naturel-sel-non-raffine-sans-additifs\\\/#primaryimage\",\"url\":\"https:\\\/\\\/biosaltpearls.com\\\/wp-content\\\/uploads\\\/2022\\\/10\\\/Bolsas-Biosalt-Pack-X2-extra-gruesa.jpg\",\"contentUrl\":\"https:\\\/\\\/biosaltpearls.com\\\/wp-content\\\/uploads\\\/2022\\\/10\\\/Bolsas-Biosalt-Pack-X2-extra-gruesa.jpg\",\"width\":1000,\"height\":1000},{\"@type\":\"BreadcrumbList\",\"@id\":\"https:\\\/\\\/biosaltpearls.com\\\/fr\\\/producto\\\/sel-de-marine-ecologique-extra-epais-sac-650g-2-pcs-sel-de-gourmet-bio-100-naturel-sel-non-raffine-sans-additifs\\\/#breadcrumb\",\"itemListElement\":[{\"@type\":\"ListItem\",\"position\":1,\"name\":\"Inicio\",\"item\":\"https:\\\/\\\/biosaltpearls.com\\\/fr\\\/sel-de-mer-vierge-bio-perles-de-sel-bio\\\/\"},{\"@type\":\"ListItem\",\"position\":2,\"name\":\"Boutique\",\"item\":\"https:\\\/\\\/biosaltpearls.com\\\/fr\\\/acheter-sel-marin-vierge\\\/\"},{\"@type\":\"ListItem\",\"position\":3,\"name\":\"Sel de mer biologique pur &#8211; Sac extra grossier 650g (2 pcs.). Sel gourmet biologique 100% naturel. Non raffin\u00e9. Sans additifs.\"}]},{\"@type\":\"WebSite\",\"@id\":\"https:\\\/\\\/biosaltpearls.com\\\/fr\\\/#website\",\"url\":\"https:\\\/\\\/biosaltpearls.com\\\/fr\\\/\",\"name\":\"BioSalt Nortem Pearls\",\"description\":\"Perlas de Sal Marina Virgen Ecol\u00f3gica\",\"publisher\":{\"@id\":\"https:\\\/\\\/biosaltpearls.com\\\/fr\\\/#organization\"},\"potentialAction\":[{\"@type\":\"SearchAction\",\"target\":{\"@type\":\"EntryPoint\",\"urlTemplate\":\"https:\\\/\\\/biosaltpearls.com\\\/fr\\\/?s={search_term_string}\"},\"query-input\":{\"@type\":\"PropertyValueSpecification\",\"valueRequired\":true,\"valueName\":\"search_term_string\"}}],\"inLanguage\":\"fr-FR\"},{\"@type\":\"Organization\",\"@id\":\"https:\\\/\\\/biosaltpearls.com\\\/fr\\\/#organization\",\"name\":\"BioSalt Pearls\",\"url\":\"https:\\\/\\\/biosaltpearls.com\\\/fr\\\/\",\"logo\":{\"@type\":\"ImageObject\",\"inLanguage\":\"fr-FR\",\"@id\":\"https:\\\/\\\/biosaltpearls.com\\\/fr\\\/#\\\/schema\\\/logo\\\/image\\\/\",\"url\":\"https:\\\/\\\/biosaltpearls.com\\\/wp-content\\\/uploads\\\/2022\\\/11\\\/biosalt-perlas-sal-marina-virgen-natural-ecologica.jpg\",\"contentUrl\":\"https:\\\/\\\/biosaltpearls.com\\\/wp-content\\\/uploads\\\/2022\\\/11\\\/biosalt-perlas-sal-marina-virgen-natural-ecologica.jpg\",\"width\":1000,\"height\":1000,\"caption\":\"BioSalt Pearls\"},\"image\":{\"@id\":\"https:\\\/\\\/biosaltpearls.com\\\/fr\\\/#\\\/schema\\\/logo\\\/image\\\/\"},\"sameAs\":[\"https:\\\/\\\/instagram.com\\\/biosalt\"]}]}<\/script>\n<!-- \/ Yoast SEO plugin. -->","yoast_head_json":{"title":"Sel de mer biologique pur - Sac extra grossier 650g (2 pcs.). Sel gourmet biologique 100% naturel. Non raffin\u00e9. Sans additifs. - BioSalt Nortem Pearls","robots":{"index":"index","follow":"follow","max-snippet":"max-snippet:-1","max-image-preview":"max-image-preview:large","max-video-preview":"max-video-preview:-1"},"canonical":"https:\/\/biosaltpearls.com\/fr\/producto\/sel-de-marine-ecologique-extra-epais-sac-650g-2-pcs-sel-de-gourmet-bio-100-naturel-sel-non-raffine-sans-additifs\/","og_locale":"fr_FR","og_type":"article","og_title":"Sel de mer biologique pur - Sac extra grossier 650g (2 pcs.). Sel gourmet biologique 100% naturel. Non raffin\u00e9. Sans additifs. - BioSalt Nortem Pearls","og_description":"Pack de 2 sacs 650g - Extra \u00e9pais. Sel marin vierge bio de premi\u00e8re qualit\u00e9. Compos\u00e9 de +70 min\u00e9raux et oligo-\u00e9l\u00e9ments essentiels. Cristallisation naturelle et mouillage inf\u00e9rieur \u00e0 2%. Non raffin\u00e9, sans additifs et sans agent anti-agglom\u00e9rant. Certifi\u00e9 organique Sans BPA et 100% recyclable Produit artisanal du parc naturel de la baie de Cadix.","og_url":"https:\/\/biosaltpearls.com\/fr\/producto\/sel-de-marine-ecologique-extra-epais-sac-650g-2-pcs-sel-de-gourmet-bio-100-naturel-sel-non-raffine-sans-additifs\/","og_site_name":"BioSalt Nortem Pearls","article_modified_time":"2024-07-08T14:10:51+00:00","og_image":[{"width":1000,"height":1000,"url":"https:\/\/biosaltpearls.com\/wp-content\/uploads\/2022\/10\/Bolsas-Biosalt-Pack-X2-extra-gruesa.jpg","type":"image\/jpeg"}],"twitter_card":"summary_large_image","schema":{"@context":"https:\/\/schema.org","@graph":[{"@type":"WebPage","@id":"https:\/\/biosaltpearls.com\/fr\/producto\/sel-de-marine-ecologique-extra-epais-sac-650g-2-pcs-sel-de-gourmet-bio-100-naturel-sel-non-raffine-sans-additifs\/","url":"https:\/\/biosaltpearls.com\/fr\/producto\/sel-de-marine-ecologique-extra-epais-sac-650g-2-pcs-sel-de-gourmet-bio-100-naturel-sel-non-raffine-sans-additifs\/","name":"Sel de mer biologique pur - Sac extra grossier 650g (2 pcs.). Sel gourmet biologique 100% naturel. Non raffin\u00e9. Sans additifs. - BioSalt Nortem Pearls","isPartOf":{"@id":"https:\/\/biosaltpearls.com\/fr\/#website"},"primaryImageOfPage":{"@id":"https:\/\/biosaltpearls.com\/fr\/producto\/sel-de-marine-ecologique-extra-epais-sac-650g-2-pcs-sel-de-gourmet-bio-100-naturel-sel-non-raffine-sans-additifs\/#primaryimage"},"image":{"@id":"https:\/\/biosaltpearls.com\/fr\/producto\/sel-de-marine-ecologique-extra-epais-sac-650g-2-pcs-sel-de-gourmet-bio-100-naturel-sel-non-raffine-sans-additifs\/#primaryimage"},"thumbnailUrl":"https:\/\/biosaltpearls.com\/wp-content\/uploads\/2022\/10\/Bolsas-Biosalt-Pack-X2-extra-gruesa.jpg","datePublished":"2022-10-17T06:37:07+00:00","dateModified":"2024-07-08T14:10:51+00:00","breadcrumb":{"@id":"https:\/\/biosaltpearls.com\/fr\/producto\/sel-de-marine-ecologique-extra-epais-sac-650g-2-pcs-sel-de-gourmet-bio-100-naturel-sel-non-raffine-sans-additifs\/#breadcrumb"},"inLanguage":"fr-FR","potentialAction":[{"@type":"ReadAction","target":["https:\/\/biosaltpearls.com\/fr\/producto\/sel-de-marine-ecologique-extra-epais-sac-650g-2-pcs-sel-de-gourmet-bio-100-naturel-sel-non-raffine-sans-additifs\/"]}]},{"@type":"ImageObject","inLanguage":"fr-FR","@id":"https:\/\/biosaltpearls.com\/fr\/producto\/sel-de-marine-ecologique-extra-epais-sac-650g-2-pcs-sel-de-gourmet-bio-100-naturel-sel-non-raffine-sans-additifs\/#primaryimage","url":"https:\/\/biosaltpearls.com\/wp-content\/uploads\/2022\/10\/Bolsas-Biosalt-Pack-X2-extra-gruesa.jpg","contentUrl":"https:\/\/biosaltpearls.com\/wp-content\/uploads\/2022\/10\/Bolsas-Biosalt-Pack-X2-extra-gruesa.jpg","width":1000,"height":1000},{"@type":"BreadcrumbList","@id":"https:\/\/biosaltpearls.com\/fr\/producto\/sel-de-marine-ecologique-extra-epais-sac-650g-2-pcs-sel-de-gourmet-bio-100-naturel-sel-non-raffine-sans-additifs\/#breadcrumb","itemListElement":[{"@type":"ListItem","position":1,"name":"Inicio","item":"https:\/\/biosaltpearls.com\/fr\/sel-de-mer-vierge-bio-perles-de-sel-bio\/"},{"@type":"ListItem","position":2,"name":"Boutique","item":"https:\/\/biosaltpearls.com\/fr\/acheter-sel-marin-vierge\/"},{"@type":"ListItem","position":3,"name":"Sel de mer biologique pur &#8211; Sac extra grossier 650g (2 pcs.). Sel gourmet biologique 100% naturel. Non raffin\u00e9. Sans additifs."}]},{"@type":"WebSite","@id":"https:\/\/biosaltpearls.com\/fr\/#website","url":"https:\/\/biosaltpearls.com\/fr\/","name":"BioSalt Nortem Pearls","description":"Perlas de Sal Marina Virgen Ecol\u00f3gica","publisher":{"@id":"https:\/\/biosaltpearls.com\/fr\/#organization"},"potentialAction":[{"@type":"SearchAction","target":{"@type":"EntryPoint","urlTemplate":"https:\/\/biosaltpearls.com\/fr\/?s={search_term_string}"},"query-input":{"@type":"PropertyValueSpecification","valueRequired":true,"valueName":"search_term_string"}}],"inLanguage":"fr-FR"},{"@type":"Organization","@id":"https:\/\/biosaltpearls.com\/fr\/#organization","name":"BioSalt Pearls","url":"https:\/\/biosaltpearls.com\/fr\/","logo":{"@type":"ImageObject","inLanguage":"fr-FR","@id":"https:\/\/biosaltpearls.com\/fr\/#\/schema\/logo\/image\/","url":"https:\/\/biosaltpearls.com\/wp-content\/uploads\/2022\/11\/biosalt-perlas-sal-marina-virgen-natural-ecologica.jpg","contentUrl":"https:\/\/biosaltpearls.com\/wp-content\/uploads\/2022\/11\/biosalt-perlas-sal-marina-virgen-natural-ecologica.jpg","width":1000,"height":1000,"caption":"BioSalt Pearls"},"image":{"@id":"https:\/\/biosaltpearls.com\/fr\/#\/schema\/logo\/image\/"},"sameAs":["https:\/\/instagram.com\/biosalt"]}]}},"_links":{"self":[{"href":"https:\/\/biosaltpearls.com\/fr\/wp-json\/wp\/v2\/product\/14261","targetHints":{"allow":["GET"]}}],"collection":[{"href":"https:\/\/biosaltpearls.com\/fr\/wp-json\/wp\/v2\/product"}],"about":[{"href":"https:\/\/biosaltpearls.com\/fr\/wp-json\/wp\/v2\/types\/product"}],"replies":[{"embeddable":true,"href":"https:\/\/biosaltpearls.com\/fr\/wp-json\/wp\/v2\/comments?post=14261"}],"version-history":[{"count":1,"href":"https:\/\/biosaltpearls.com\/fr\/wp-json\/wp\/v2\/product\/14261\/revisions"}],"predecessor-version":[{"id":14262,"href":"https:\/\/biosaltpearls.com\/fr\/wp-json\/wp\/v2\/product\/14261\/revisions\/14262"}],"wp:featuredmedia":[{"embeddable":true,"href":"https:\/\/biosaltpearls.com\/fr\/wp-json\/wp\/v2\/media\/13301"}],"wp:attachment":[{"href":"https:\/\/biosaltpearls.com\/fr\/wp-json\/wp\/v2\/media?parent=14261"}],"wp:term":[{"taxonomy":"product_brand","embeddable":true,"href":"https:\/\/biosaltpearls.com\/fr\/wp-json\/wp\/v2\/product_brand?post=14261"},{"taxonomy":"product_cat","embeddable":true,"href":"https:\/\/biosaltpearls.com\/fr\/wp-json\/wp\/v2\/product_cat?post=14261"},{"taxonomy":"product_tag","embeddable":true,"href":"https:\/\/biosaltpearls.com\/fr\/wp-json\/wp\/v2\/product_tag?post=14261"}],"curies":[{"name":"wp","href":"https:\/\/api.w.org\/{rel}","templated":true}]}}