{"id":13318,"date":"2022-09-30T11:47:59","date_gmt":"2022-09-30T10:47:59","guid":{"rendered":"https:\/\/biosaltpearls.com\/producto\/natives-bio-meersalz-packung-2x200g-terrinen-fein-und-grobes-salz-beutel-650g-fein-100-natuerliches-bio-gourmetsalz-nicht-raffiniert-ohne-zusatzstoffe\/"},"modified":"2022-11-08T14:23:47","modified_gmt":"2022-11-08T13:23:47","slug":"bio-marin-salz-okosalz-packung-2x200g-tarrinen-fein-und-grobes-salz-beutel-650g-feines-gourmet-salz-bio-100-naturlich-unraffiniert-ohne-zusatzstoffe-biosalt","status":"publish","type":"product","link":"https:\/\/biosaltpearls.com\/de\/producto\/bio-marin-salz-okosalz-packung-2x200g-tarrinen-fein-und-grobes-salz-beutel-650g-feines-gourmet-salz-bio-100-naturlich-unraffiniert-ohne-zusatzstoffe-biosalt\/","title":{"rendered":"Natives Bio-Meersalz &#8211; Packung 2x200g Terrinen (fein und grobes Salz) + Beutel 650g fein. 100% nat\u00fcrliches Bio-Gourmetsalz. Nicht raffiniert. Ohne Zusatzstoffe."},"content":{"rendered":"","protected":false},"excerpt":{"rendered":"<p>Pack <strong>2 Terrinen (fein und grobes Salz)<\/strong> + <strong>Beutel 650g fein.<\/strong><\/p>\n<p><strong>Natursalz Bio Meersalz<\/strong> der <strong>Premiumqualit\u00e4t<\/strong>.<\/p>\n<p>Enth\u00e4lt \u00fcber <b>70 wichtige Mineralien und Spurenelemente<\/b>.<\/p>\n<p><b>Nat\u00fcrliche Kristallisation<\/b> und Benetzung weniger als 2%<\/p>\n<p><strong>Nicht raffiniert<\/strong>, ohne Zusatzstoffe und ohne Trennmittel.<\/p>\n<p><strong>Bio-Produkt zertifiziert<\/strong><\/p>\n<p>BPA-frei und 100% recycelbar<\/p>\n<p>Handarbeitsprodukt aus dem Naturpark der Bucht von C\u00e1diz.<\/p>\n","protected":false},"featured_media":14700,"comment_status":"open","ping_status":"closed","template":"","meta":[],"product_brand":[],"product_cat":[126],"product_tag":[106,204],"class_list":{"0":"post-13318","1":"product","2":"type-product","3":"status-publish","4":"has-post-thumbnail","6":"product_cat-biosalz-nortem-pearls","7":"product_tag-biosalz-perlen","8":"product_tag-sparpackungen-biosalz-perlen","10":"first","11":"instock","12":"taxable","13":"shipping-taxable","14":"purchasable","15":"product-type-simple"},"yoast_head":"<!-- This site is optimized with the Yoast SEO plugin v27.3 - https:\/\/yoast.com\/product\/yoast-seo-wordpress\/ -->\n<title>Natives Bio-Meersalz - Packung 2x200g Terrinen (fein und grobes Salz) + Beutel 650g fein. 100% nat\u00fcrliches Bio-Gourmetsalz. Nicht raffiniert. Ohne Zusatzstoffe.<\/title>\n<meta name=\"robots\" content=\"index, follow, max-snippet:-1, max-image-preview:large, max-video-preview:-1\" \/>\n<link rel=\"canonical\" href=\"https:\/\/biosaltpearls.com\/de\/producto\/bio-marin-salz-okosalz-packung-2x200g-tarrinen-fein-und-grobes-salz-beutel-650g-feines-gourmet-salz-bio-100-naturlich-unraffiniert-ohne-zusatzstoffe-biosalt\/\" \/>\n<meta property=\"og:locale\" content=\"de_DE\" \/>\n<meta property=\"og:type\" content=\"article\" \/>\n<meta property=\"og:title\" content=\"Natives Bio-Meersalz - Packung 2x200g Terrinen (fein und grobes Salz) + Beutel 650g fein. 100% nat\u00fcrliches Bio-Gourmetsalz. Nicht raffiniert. Ohne Zusatzstoffe.\" \/>\n<meta property=\"og:description\" content=\"Pack 2 Terrinen (fein und grobes Salz) + Beutel 650g fein. Natursalz Bio Meersalz der Premiumqualit\u00e4t. Enth\u00e4lt \u00fcber 70 wichtige Mineralien und Spurenelemente. Nat\u00fcrliche Kristallisation und Benetzung weniger als 2% Nicht raffiniert, ohne Zusatzstoffe und ohne Trennmittel. Bio-Produkt zertifiziert BPA-frei und 100% recycelbar Handarbeitsprodukt aus dem Naturpark der Bucht von C\u00e1diz.\" \/>\n<meta property=\"og:url\" content=\"https:\/\/biosaltpearls.com\/de\/producto\/bio-marin-salz-okosalz-packung-2x200g-tarrinen-fein-und-grobes-salz-beutel-650g-feines-gourmet-salz-bio-100-naturlich-unraffiniert-ohne-zusatzstoffe-biosalt\/\" \/>\n<meta property=\"og:site_name\" content=\"BioSalt Nortem Pearls\" \/>\n<meta property=\"article:modified_time\" content=\"2022-11-08T13:23:47+00:00\" \/>\n<meta property=\"og:image\" content=\"https:\/\/biosaltpearls.com\/wp-content\/uploads\/2022\/09\/x2_tarrinas_biosalt_finagruesa_200gr__bolsa_fina_amazon.jpg\" \/>\n\t<meta property=\"og:image:width\" content=\"1000\" \/>\n\t<meta property=\"og:image:height\" content=\"1000\" \/>\n\t<meta property=\"og:image:type\" content=\"image\/jpeg\" \/>\n<meta name=\"twitter:card\" content=\"summary_large_image\" \/>\n<script type=\"application\/ld+json\" class=\"yoast-schema-graph\">{\"@context\":\"https:\\\/\\\/schema.org\",\"@graph\":[{\"@type\":\"WebPage\",\"@id\":\"https:\\\/\\\/biosaltpearls.com\\\/de\\\/producto\\\/bio-marin-salz-okosalz-packung-2x200g-tarrinen-fein-und-grobes-salz-beutel-650g-feines-gourmet-salz-bio-100-naturlich-unraffiniert-ohne-zusatzstoffe-biosalt\\\/\",\"url\":\"https:\\\/\\\/biosaltpearls.com\\\/de\\\/producto\\\/bio-marin-salz-okosalz-packung-2x200g-tarrinen-fein-und-grobes-salz-beutel-650g-feines-gourmet-salz-bio-100-naturlich-unraffiniert-ohne-zusatzstoffe-biosalt\\\/\",\"name\":\"Natives Bio-Meersalz - Packung 2x200g Terrinen (fein und grobes Salz) + Beutel 650g fein. 100% nat\u00fcrliches Bio-Gourmetsalz. Nicht raffiniert. Ohne Zusatzstoffe.\",\"isPartOf\":{\"@id\":\"https:\\\/\\\/biosaltpearls.com\\\/de\\\/#website\"},\"primaryImageOfPage\":{\"@id\":\"https:\\\/\\\/biosaltpearls.com\\\/de\\\/producto\\\/bio-marin-salz-okosalz-packung-2x200g-tarrinen-fein-und-grobes-salz-beutel-650g-feines-gourmet-salz-bio-100-naturlich-unraffiniert-ohne-zusatzstoffe-biosalt\\\/#primaryimage\"},\"image\":{\"@id\":\"https:\\\/\\\/biosaltpearls.com\\\/de\\\/producto\\\/bio-marin-salz-okosalz-packung-2x200g-tarrinen-fein-und-grobes-salz-beutel-650g-feines-gourmet-salz-bio-100-naturlich-unraffiniert-ohne-zusatzstoffe-biosalt\\\/#primaryimage\"},\"thumbnailUrl\":\"https:\\\/\\\/biosaltpearls.com\\\/wp-content\\\/uploads\\\/2022\\\/09\\\/sal-marina-virgen-saludable.webp\",\"datePublished\":\"2022-09-30T10:47:59+00:00\",\"dateModified\":\"2022-11-08T13:23:47+00:00\",\"breadcrumb\":{\"@id\":\"https:\\\/\\\/biosaltpearls.com\\\/de\\\/producto\\\/bio-marin-salz-okosalz-packung-2x200g-tarrinen-fein-und-grobes-salz-beutel-650g-feines-gourmet-salz-bio-100-naturlich-unraffiniert-ohne-zusatzstoffe-biosalt\\\/#breadcrumb\"},\"inLanguage\":\"de\",\"potentialAction\":[{\"@type\":\"ReadAction\",\"target\":[\"https:\\\/\\\/biosaltpearls.com\\\/de\\\/producto\\\/bio-marin-salz-okosalz-packung-2x200g-tarrinen-fein-und-grobes-salz-beutel-650g-feines-gourmet-salz-bio-100-naturlich-unraffiniert-ohne-zusatzstoffe-biosalt\\\/\"]}]},{\"@type\":\"ImageObject\",\"inLanguage\":\"de\",\"@id\":\"https:\\\/\\\/biosaltpearls.com\\\/de\\\/producto\\\/bio-marin-salz-okosalz-packung-2x200g-tarrinen-fein-und-grobes-salz-beutel-650g-feines-gourmet-salz-bio-100-naturlich-unraffiniert-ohne-zusatzstoffe-biosalt\\\/#primaryimage\",\"url\":\"https:\\\/\\\/biosaltpearls.com\\\/wp-content\\\/uploads\\\/2022\\\/09\\\/sal-marina-virgen-saludable.webp\",\"contentUrl\":\"https:\\\/\\\/biosaltpearls.com\\\/wp-content\\\/uploads\\\/2022\\\/09\\\/sal-marina-virgen-saludable.webp\",\"width\":1000,\"height\":1000},{\"@type\":\"BreadcrumbList\",\"@id\":\"https:\\\/\\\/biosaltpearls.com\\\/de\\\/producto\\\/bio-marin-salz-okosalz-packung-2x200g-tarrinen-fein-und-grobes-salz-beutel-650g-feines-gourmet-salz-bio-100-naturlich-unraffiniert-ohne-zusatzstoffe-biosalt\\\/#breadcrumb\",\"itemListElement\":[{\"@type\":\"ListItem\",\"position\":1,\"name\":\"Inicio\",\"item\":\"https:\\\/\\\/biosaltpearls.com\\\/de\\\/natives-bio-meersalz-biosalz-perlen\\\/\"},{\"@type\":\"ListItem\",\"position\":2,\"name\":\"Shop\",\"item\":\"https:\\\/\\\/biosaltpearls.com\\\/de\\\/natives-meersalz-kaufen\\\/\"},{\"@type\":\"ListItem\",\"position\":3,\"name\":\"Natives Bio-Meersalz &#8211; Packung 2x200g Terrinen (fein und grobes Salz) + Beutel 650g fein. 100% nat\u00fcrliches Bio-Gourmetsalz. Nicht raffiniert. Ohne Zusatzstoffe.\"}]},{\"@type\":\"WebSite\",\"@id\":\"https:\\\/\\\/biosaltpearls.com\\\/de\\\/#website\",\"url\":\"https:\\\/\\\/biosaltpearls.com\\\/de\\\/\",\"name\":\"BioSalt Nortem Pearls\",\"description\":\"Perlas de Sal Marina Virgen Ecol\u00f3gica\",\"publisher\":{\"@id\":\"https:\\\/\\\/biosaltpearls.com\\\/de\\\/#organization\"},\"potentialAction\":[{\"@type\":\"SearchAction\",\"target\":{\"@type\":\"EntryPoint\",\"urlTemplate\":\"https:\\\/\\\/biosaltpearls.com\\\/de\\\/?s={search_term_string}\"},\"query-input\":{\"@type\":\"PropertyValueSpecification\",\"valueRequired\":true,\"valueName\":\"search_term_string\"}}],\"inLanguage\":\"de\"},{\"@type\":\"Organization\",\"@id\":\"https:\\\/\\\/biosaltpearls.com\\\/de\\\/#organization\",\"name\":\"BioSalt Pearls\",\"url\":\"https:\\\/\\\/biosaltpearls.com\\\/de\\\/\",\"logo\":{\"@type\":\"ImageObject\",\"inLanguage\":\"de\",\"@id\":\"https:\\\/\\\/biosaltpearls.com\\\/de\\\/#\\\/schema\\\/logo\\\/image\\\/\",\"url\":\"https:\\\/\\\/biosaltpearls.com\\\/wp-content\\\/uploads\\\/2022\\\/11\\\/biosalt-perlas-sal-marina-virgen-natural-ecologica.jpg\",\"contentUrl\":\"https:\\\/\\\/biosaltpearls.com\\\/wp-content\\\/uploads\\\/2022\\\/11\\\/biosalt-perlas-sal-marina-virgen-natural-ecologica.jpg\",\"width\":1000,\"height\":1000,\"caption\":\"BioSalt Pearls\"},\"image\":{\"@id\":\"https:\\\/\\\/biosaltpearls.com\\\/de\\\/#\\\/schema\\\/logo\\\/image\\\/\"},\"sameAs\":[\"https:\\\/\\\/instagram.com\\\/biosalt\"]}]}<\/script>\n<!-- \/ Yoast SEO plugin. -->","yoast_head_json":{"title":"Natives Bio-Meersalz - Packung 2x200g Terrinen (fein und grobes Salz) + Beutel 650g fein. 100% nat\u00fcrliches Bio-Gourmetsalz. Nicht raffiniert. Ohne Zusatzstoffe.","robots":{"index":"index","follow":"follow","max-snippet":"max-snippet:-1","max-image-preview":"max-image-preview:large","max-video-preview":"max-video-preview:-1"},"canonical":"https:\/\/biosaltpearls.com\/de\/producto\/bio-marin-salz-okosalz-packung-2x200g-tarrinen-fein-und-grobes-salz-beutel-650g-feines-gourmet-salz-bio-100-naturlich-unraffiniert-ohne-zusatzstoffe-biosalt\/","og_locale":"de_DE","og_type":"article","og_title":"Natives Bio-Meersalz - Packung 2x200g Terrinen (fein und grobes Salz) + Beutel 650g fein. 100% nat\u00fcrliches Bio-Gourmetsalz. Nicht raffiniert. Ohne Zusatzstoffe.","og_description":"Pack 2 Terrinen (fein und grobes Salz) + Beutel 650g fein. Natursalz Bio Meersalz der Premiumqualit\u00e4t. Enth\u00e4lt \u00fcber 70 wichtige Mineralien und Spurenelemente. Nat\u00fcrliche Kristallisation und Benetzung weniger als 2% Nicht raffiniert, ohne Zusatzstoffe und ohne Trennmittel. Bio-Produkt zertifiziert BPA-frei und 100% recycelbar Handarbeitsprodukt aus dem Naturpark der Bucht von C\u00e1diz.","og_url":"https:\/\/biosaltpearls.com\/de\/producto\/bio-marin-salz-okosalz-packung-2x200g-tarrinen-fein-und-grobes-salz-beutel-650g-feines-gourmet-salz-bio-100-naturlich-unraffiniert-ohne-zusatzstoffe-biosalt\/","og_site_name":"BioSalt Nortem Pearls","article_modified_time":"2022-11-08T13:23:47+00:00","og_image":[{"width":1000,"height":1000,"url":"https:\/\/biosaltpearls.com\/wp-content\/uploads\/2022\/09\/x2_tarrinas_biosalt_finagruesa_200gr__bolsa_fina_amazon.jpg","type":"image\/jpeg"}],"twitter_card":"summary_large_image","schema":{"@context":"https:\/\/schema.org","@graph":[{"@type":"WebPage","@id":"https:\/\/biosaltpearls.com\/de\/producto\/bio-marin-salz-okosalz-packung-2x200g-tarrinen-fein-und-grobes-salz-beutel-650g-feines-gourmet-salz-bio-100-naturlich-unraffiniert-ohne-zusatzstoffe-biosalt\/","url":"https:\/\/biosaltpearls.com\/de\/producto\/bio-marin-salz-okosalz-packung-2x200g-tarrinen-fein-und-grobes-salz-beutel-650g-feines-gourmet-salz-bio-100-naturlich-unraffiniert-ohne-zusatzstoffe-biosalt\/","name":"Natives Bio-Meersalz - Packung 2x200g Terrinen (fein und grobes Salz) + Beutel 650g fein. 100% nat\u00fcrliches Bio-Gourmetsalz. Nicht raffiniert. Ohne Zusatzstoffe.","isPartOf":{"@id":"https:\/\/biosaltpearls.com\/de\/#website"},"primaryImageOfPage":{"@id":"https:\/\/biosaltpearls.com\/de\/producto\/bio-marin-salz-okosalz-packung-2x200g-tarrinen-fein-und-grobes-salz-beutel-650g-feines-gourmet-salz-bio-100-naturlich-unraffiniert-ohne-zusatzstoffe-biosalt\/#primaryimage"},"image":{"@id":"https:\/\/biosaltpearls.com\/de\/producto\/bio-marin-salz-okosalz-packung-2x200g-tarrinen-fein-und-grobes-salz-beutel-650g-feines-gourmet-salz-bio-100-naturlich-unraffiniert-ohne-zusatzstoffe-biosalt\/#primaryimage"},"thumbnailUrl":"https:\/\/biosaltpearls.com\/wp-content\/uploads\/2022\/09\/sal-marina-virgen-saludable.webp","datePublished":"2022-09-30T10:47:59+00:00","dateModified":"2022-11-08T13:23:47+00:00","breadcrumb":{"@id":"https:\/\/biosaltpearls.com\/de\/producto\/bio-marin-salz-okosalz-packung-2x200g-tarrinen-fein-und-grobes-salz-beutel-650g-feines-gourmet-salz-bio-100-naturlich-unraffiniert-ohne-zusatzstoffe-biosalt\/#breadcrumb"},"inLanguage":"de","potentialAction":[{"@type":"ReadAction","target":["https:\/\/biosaltpearls.com\/de\/producto\/bio-marin-salz-okosalz-packung-2x200g-tarrinen-fein-und-grobes-salz-beutel-650g-feines-gourmet-salz-bio-100-naturlich-unraffiniert-ohne-zusatzstoffe-biosalt\/"]}]},{"@type":"ImageObject","inLanguage":"de","@id":"https:\/\/biosaltpearls.com\/de\/producto\/bio-marin-salz-okosalz-packung-2x200g-tarrinen-fein-und-grobes-salz-beutel-650g-feines-gourmet-salz-bio-100-naturlich-unraffiniert-ohne-zusatzstoffe-biosalt\/#primaryimage","url":"https:\/\/biosaltpearls.com\/wp-content\/uploads\/2022\/09\/sal-marina-virgen-saludable.webp","contentUrl":"https:\/\/biosaltpearls.com\/wp-content\/uploads\/2022\/09\/sal-marina-virgen-saludable.webp","width":1000,"height":1000},{"@type":"BreadcrumbList","@id":"https:\/\/biosaltpearls.com\/de\/producto\/bio-marin-salz-okosalz-packung-2x200g-tarrinen-fein-und-grobes-salz-beutel-650g-feines-gourmet-salz-bio-100-naturlich-unraffiniert-ohne-zusatzstoffe-biosalt\/#breadcrumb","itemListElement":[{"@type":"ListItem","position":1,"name":"Inicio","item":"https:\/\/biosaltpearls.com\/de\/natives-bio-meersalz-biosalz-perlen\/"},{"@type":"ListItem","position":2,"name":"Shop","item":"https:\/\/biosaltpearls.com\/de\/natives-meersalz-kaufen\/"},{"@type":"ListItem","position":3,"name":"Natives Bio-Meersalz &#8211; Packung 2x200g Terrinen (fein und grobes Salz) + Beutel 650g fein. 100% nat\u00fcrliches Bio-Gourmetsalz. Nicht raffiniert. Ohne Zusatzstoffe."}]},{"@type":"WebSite","@id":"https:\/\/biosaltpearls.com\/de\/#website","url":"https:\/\/biosaltpearls.com\/de\/","name":"BioSalt Nortem Pearls","description":"Perlas de Sal Marina Virgen Ecol\u00f3gica","publisher":{"@id":"https:\/\/biosaltpearls.com\/de\/#organization"},"potentialAction":[{"@type":"SearchAction","target":{"@type":"EntryPoint","urlTemplate":"https:\/\/biosaltpearls.com\/de\/?s={search_term_string}"},"query-input":{"@type":"PropertyValueSpecification","valueRequired":true,"valueName":"search_term_string"}}],"inLanguage":"de"},{"@type":"Organization","@id":"https:\/\/biosaltpearls.com\/de\/#organization","name":"BioSalt Pearls","url":"https:\/\/biosaltpearls.com\/de\/","logo":{"@type":"ImageObject","inLanguage":"de","@id":"https:\/\/biosaltpearls.com\/de\/#\/schema\/logo\/image\/","url":"https:\/\/biosaltpearls.com\/wp-content\/uploads\/2022\/11\/biosalt-perlas-sal-marina-virgen-natural-ecologica.jpg","contentUrl":"https:\/\/biosaltpearls.com\/wp-content\/uploads\/2022\/11\/biosalt-perlas-sal-marina-virgen-natural-ecologica.jpg","width":1000,"height":1000,"caption":"BioSalt Pearls"},"image":{"@id":"https:\/\/biosaltpearls.com\/de\/#\/schema\/logo\/image\/"},"sameAs":["https:\/\/instagram.com\/biosalt"]}]}},"_links":{"self":[{"href":"https:\/\/biosaltpearls.com\/de\/wp-json\/wp\/v2\/product\/13318","targetHints":{"allow":["GET"]}}],"collection":[{"href":"https:\/\/biosaltpearls.com\/de\/wp-json\/wp\/v2\/product"}],"about":[{"href":"https:\/\/biosaltpearls.com\/de\/wp-json\/wp\/v2\/types\/product"}],"replies":[{"embeddable":true,"href":"https:\/\/biosaltpearls.com\/de\/wp-json\/wp\/v2\/comments?post=13318"}],"version-history":[{"count":1,"href":"https:\/\/biosaltpearls.com\/de\/wp-json\/wp\/v2\/product\/13318\/revisions"}],"predecessor-version":[{"id":13325,"href":"https:\/\/biosaltpearls.com\/de\/wp-json\/wp\/v2\/product\/13318\/revisions\/13325"}],"wp:featuredmedia":[{"embeddable":true,"href":"https:\/\/biosaltpearls.com\/de\/wp-json\/wp\/v2\/media\/14700"}],"wp:attachment":[{"href":"https:\/\/biosaltpearls.com\/de\/wp-json\/wp\/v2\/media?parent=13318"}],"wp:term":[{"taxonomy":"product_brand","embeddable":true,"href":"https:\/\/biosaltpearls.com\/de\/wp-json\/wp\/v2\/product_brand?post=13318"},{"taxonomy":"product_cat","embeddable":true,"href":"https:\/\/biosaltpearls.com\/de\/wp-json\/wp\/v2\/product_cat?post=13318"},{"taxonomy":"product_tag","embeddable":true,"href":"https:\/\/biosaltpearls.com\/de\/wp-json\/wp\/v2\/product_tag?post=13318"}],"curies":[{"name":"wp","href":"https:\/\/api.w.org\/{rel}","templated":true}]}}