{"id":13355,"date":"2022-09-08T12:56:06","date_gmt":"2022-09-08T10:56:06","guid":{"rendered":"https:\/\/biosaltpearls.com\/werden-sie-ein-partner\/"},"modified":"2022-09-08T12:56:06","modified_gmt":"2022-09-08T10:56:06","slug":"werden-sie-ein-partner","status":"publish","type":"page","link":"https:\/\/biosaltpearls.com\/de\/werden-sie-ein-partner\/","title":{"rendered":"Werden Sie ein Partner"},"content":{"rendered":"<p>Nehmen Sie an unserem Partnerprogramm teil und verdienen Sie eine Provision f\u00fcr jeden Verkauf \u00fcber Ihren pers\u00f6nlichen Partnerlink. Melden Sie sich noch heute f\u00fcr unser Programm an und beginnen Sie zu verdienen!<\/p>\n\r\n<div class=\"uap-register-form  uap-register-8\">\r\r\n\r\r\n\t\r\n\r\r\n\t<form action=\"\" method=\"post\" name=\"uap_createuser\" id=\"uap_createuser\" class=\"uap-form-create-edit\" enctype=\"multipart\/form-data\"  >\r\r\n\r\r\n\t\t\r\n\r\r\n\t\t\r\n\t\t\t\r\n\t\t\t\t\r\n\t\t\t\t\t<div class=\"uap-form-line-register uap-form-text\" id=\"uap_reg_text_273\"><input type=\"text\" name=\"user_login\" id=\"uap_user_login_field\" class=\"uap-form-element uap-form-element-text \" value=\"\" placeholder=\"Username*\"   \/><\/div>\r\n\t\t\t\r\n\t\t\t\t\r\n\t\t\t\t\t<div class=\"uap-form-line-register uap-form-text\" id=\"uap_reg_text_8309\"><input type=\"text\" name=\"user_email\" id=\"uap_user_email_field\" class=\"uap-form-element uap-form-element-text \" value=\"\" placeholder=\"Email*\"   \/><\/div>\r\n\t\t\t\r\n\t\t\t\t\r\n\t\t\t\t\t<div class=\"uap-form-line-register uap-form-text\" id=\"uap_reg_text_646\"><input type=\"text\" name=\"confirm_email\" id=\"uap_confirm_email_field\" class=\"uap-form-element uap-form-element-text \" value=\"\" placeholder=\"Confirmar Correo Electr\u00f3nico*\"   \/><\/div>\r\n\t\t\t\r\n\t\t\t\t\r\n\t\t\t\t\t<div class=\"uap-form-line-register uap-form-text\" id=\"uap_reg_text_9845\"><input type=\"text\" name=\"first_name\" id=\"uap_first_name_field\" class=\"uap-form-element uap-form-element-text \" value=\"\" placeholder=\"First Name*\"   \/><\/div>\r\n\t\t\t\r\n\t\t\t\t\r\n\t\t\t\t\t<div class=\"uap-form-line-register uap-form-text\" id=\"uap_reg_text_4307\"><input type=\"text\" name=\"last_name\" id=\"uap_last_name_field\" class=\"uap-form-element uap-form-element-text \" value=\"\" placeholder=\"Last Name*\"   \/><\/div>\r\n\t\t\t\r\n\t\t\t\t\r\n\t\t\t\t\r\n\t\t\t\t\t<div class=\"uap-form-line-register uap-form-password\" id=\"uap_reg_password_9052\"><input type=\"password\" name=\"pass1\" id=\"uap_pass1_field\" class=\"uap-form-element uap-form-element-password \" value=\"\" placeholder=\"Password*\"  data-rules=\"6,3\"  autocomplete=\"new-password\" \/><div class=\"uap-strength-wrapper\"><ul class=\"uap-strength\"><li class=\"point\"><\/li><li class=\"point\"><\/li><li class=\"point\"><\/li><li class=\"point\"><\/li><li class=\"point\"><\/li><\/ul><div class=\"uap-strength-label\"><\/div><\/div><\/div>\r\n\t\t\t\r\n\t\t\t\t\r\n\t\t\t\t\r\n\t\t\t\t\r\n\t\t\t\t\r\n\t\t\t\t\r\n\t\t\t\t\r\n\t\t\t\t\r\n\t\t\t\t\r\n\t\t\t\t\r\n\t\t\t\t\r\n\t\t\t\t\r\n\t\t\t\t\t<div class=\"uap-form-line-register uap-form-uap_country\" id=\"uap_reg_uap_country_5820\"><label class=\"uap-labels-register\">Pa\u00eds<\/label><select name=\"uap_country\" id=\"uap_uap_country_field\" class=\"uap-form-element uap-form-element-select\"><option value=\"af\" >Afghanistan<\/option><option value=\"ax\" >&#197;land Islands<\/option><option value=\"al\" >Albania<\/option><option value=\"dz\" >Algeria<\/option><option value=\"as\" >American Samoa<\/option><option value=\"ad\" >Andorra<\/option><option value=\"ao\" >Angola<\/option><option value=\"ai\" >Anguilla<\/option><option value=\"aq\" >Antarctica<\/option><option value=\"ag\" >Antigua and Barbuda<\/option><option value=\"ar\" >Argentina<\/option><option value=\"am\" >Armenia<\/option><option value=\"aw\" >Aruba<\/option><option value=\"au\" >Australia<\/option><option value=\"at\" >Austria<\/option><option value=\"az\" >Azerbaijan<\/option><option value=\"bs\" >Bahamas<\/option><option value=\"bh\" >Bahrain<\/option><option value=\"bd\" >Bangladesh<\/option><option value=\"bb\" >Barbados<\/option><option value=\"by\" >Belarus<\/option><option value=\"be\" >Belgium<\/option><option value=\"pw\" >Belau<\/option><option value=\"bz\" >Belize<\/option><option value=\"bj\" >Benin<\/option><option value=\"bm\" >Bermuda<\/option><option value=\"bt\" >Bhutan<\/option><option value=\"bo\" >Bolivia<\/option><option value=\"bq\" >Bonaire, Saint Eustatius and Saba<\/option><option value=\"ba\" >Bosnia and Herzegovina<\/option><option value=\"bw\" >Botswana<\/option><option value=\"bv\" >Bouvet Island<\/option><option value=\"br\" >Brazil<\/option><option value=\"io\" >British Indian Ocean Territory<\/option><option value=\"vg\" >British Virgin Islands<\/option><option value=\"bn\" >Brunei<\/option><option value=\"bg\" >Bulgaria<\/option><option value=\"bf\" >Burkina Faso<\/option><option value=\"bi\" >Burundi<\/option><option value=\"kh\" >Cambodia<\/option><option value=\"cm\" >Cameroon<\/option><option value=\"ca\" >Canada<\/option><option value=\"cv\" >Cape Verde<\/option><option value=\"ky\" >Cayman Islands<\/option><option value=\"cf\" >Central African Republic<\/option><option value=\"td\" >Chad<\/option><option value=\"cl\" >Chile<\/option><option value=\"cn\" >China<\/option><option value=\"cx\" >Christmas Island<\/option><option value=\"cc\" >Cocos (Keeling) Islands<\/option><option value=\"co\" >Colombia<\/option><option value=\"km\" >Comoros<\/option><option value=\"cg\" >Congo (Brazzaville)<\/option><option value=\"cd\" >Congo (Kinshasa)<\/option><option value=\"ck\" >Cook Islands<\/option><option value=\"cr\" >Costa Rica<\/option><option value=\"hr\" >Croatia<\/option><option value=\"cu\" >Cuba<\/option><option value=\"cw\" >Cura&ccedil;ao<\/option><option value=\"cy\" >Cyprus<\/option><option value=\"cz\" >Czech Republic<\/option><option value=\"dk\" >Denmark<\/option><option value=\"dj\" >Djibouti<\/option><option value=\"dm\" >Dominica<\/option><option value=\"do\" >Dominican Republic<\/option><option value=\"ec\" >Ecuador<\/option><option value=\"eg\" >Egypt<\/option><option value=\"sv\" >El Salvador<\/option><option value=\"gq\" >Equatorial Guinea<\/option><option value=\"er\" >Eritrea<\/option><option value=\"ee\" >Estonia<\/option><option value=\"et\" >Ethiopia<\/option><option value=\"fk\" >Falkland Islands<\/option><option value=\"fo\" >Faroe Islands<\/option><option value=\"fj\" >Fiji<\/option><option value=\"fi\" >Finland<\/option><option value=\"fr\" >France<\/option><option value=\"gf\" >French Guiana<\/option><option value=\"pf\" >French Polynesia<\/option><option value=\"tf\" >French Southern Territories<\/option><option value=\"ga\" >Gabon<\/option><option value=\"gm\" >Gambia<\/option><option value=\"ge\" >Georgia<\/option><option value=\"de\" selected>Germany<\/option><option value=\"gh\" >Ghana<\/option><option value=\"gi\" >Gibraltar<\/option><option value=\"gr\" >Greece<\/option><option value=\"gl\" >Greenland<\/option><option value=\"gd\" >Grenada<\/option><option value=\"gp\" >Guadeloupe<\/option><option value=\"gu\" >Guam<\/option><option value=\"gt\" >Guatemala<\/option><option value=\"gg\" >Guernsey<\/option><option value=\"gn\" >Guinea<\/option><option value=\"gw\" >Guinea-Bissau<\/option><option value=\"gy\" >Guyana<\/option><option value=\"ht\" >Haiti<\/option><option value=\"hm\" >Heard Island and McDonald Islands<\/option><option value=\"hn\" >Honduras<\/option><option value=\"hk\" >Hong Kong<\/option><option value=\"hu\" >Hungary<\/option><option value=\"is\" >Iceland<\/option><option value=\"in\" >India<\/option><option value=\"id\" >Indonesia<\/option><option value=\"ir\" >Iran<\/option><option value=\"iq\" >Iraq<\/option><option value=\"ie\" >Republic of Ireland<\/option><option value=\"im\" >Isle of Man<\/option><option value=\"il\" >Israel<\/option><option value=\"it\" >Italy<\/option><option value=\"ci\" >Ivory Coast<\/option><option value=\"jm\" >Jamaica<\/option><option value=\"jp\" >Japan<\/option><option value=\"je\" >Jersey<\/option><option value=\"jo\" >Jordan<\/option><option value=\"kz\" >Kazakhstan<\/option><option value=\"ke\" >Kenya<\/option><option value=\"ki\" >Kiribati<\/option><option value=\"kw\" >Kuwait<\/option><option value=\"kg\" >Kyrgyzstan<\/option><option value=\"la\" >Laos<\/option><option value=\"lv\" >Latvia<\/option><option value=\"lb\" >Lebanon<\/option><option value=\"ls\" >Lesotho<\/option><option value=\"lr\" >Liberia<\/option><option value=\"ly\" >Libya<\/option><option value=\"li\" >Liechtenstein<\/option><option value=\"lt\" >Lithuania<\/option><option value=\"lu\" >Luxembourg<\/option><option value=\"mo\" >Macao S.A.R., China<\/option><option value=\"mk\" >Macedonia<\/option><option value=\"mg\" >Madagascar<\/option><option value=\"mw\" >Malawi<\/option><option value=\"my\" >Malaysia<\/option><option value=\"mv\" >Maldives<\/option><option value=\"ml\" >Mali<\/option><option value=\"mt\" >Malta<\/option><option value=\"mh\" >Marshall Islands<\/option><option value=\"mq\" >Martinique<\/option><option value=\"mr\" >Mauritania<\/option><option value=\"mu\" >Mauritius<\/option><option value=\"yt\" >Mayotte<\/option><option value=\"mx\" >Mexico<\/option><option value=\"fm\" >Micronesia<\/option><option value=\"md\" >Moldova<\/option><option value=\"mc\" >Monaco<\/option><option value=\"mn\" >Mongolia<\/option><option value=\"me\" >Montenegro<\/option><option value=\"ms\" >Montserrat<\/option><option value=\"ma\" >Morocco<\/option><option value=\"mz\" >Mozambique<\/option><option value=\"mm\" >Myanmar<\/option><option value=\"na\" >Namibia<\/option><option value=\"nr\" >Nauru<\/option><option value=\"np\" >Nepal<\/option><option value=\"nl\" >Netherlands<\/option><option value=\"an\" >Netherlands Antilles<\/option><option value=\"nc\" >New Caledonia<\/option><option value=\"nz\" >New Zealand<\/option><option value=\"ni\" >Nicaragua<\/option><option value=\"ne\" >Niger<\/option><option value=\"ng\" >Nigeria<\/option><option value=\"nu\" >Niue<\/option><option value=\"nf\" >Norfolk Island<\/option><option value=\"mp\" >Northern Mariana Islands<\/option><option value=\"kp\" >North Korea<\/option><option value=\"no\" >Norway<\/option><option value=\"om\" >Oman<\/option><option value=\"pk\" >Pakistan<\/option><option value=\"ps\" >Palestinian Territory<\/option><option value=\"pa\" >Panama<\/option><option value=\"pg\" >Papua New Guinea<\/option><option value=\"py\" >Paraguay<\/option><option value=\"pe\" >Peru<\/option><option value=\"ph\" >Philippines<\/option><option value=\"pn\" >Pitcairn<\/option><option value=\"pl\" >Poland<\/option><option value=\"pt\" >Portugal<\/option><option value=\"pr\" >Puerto Rico<\/option><option value=\"qa\" >Qatar<\/option><option value=\"re\" >Reunion<\/option><option value=\"ro\" >Romania<\/option><option value=\"ru\" >Russia<\/option><option value=\"rw\" >Rwanda<\/option><option value=\"bl\" >Saint Barth&eacute;lemy<\/option><option value=\"sh\" >Saint Helena<\/option><option value=\"kn\" >Saint Kitts and Nevis<\/option><option value=\"lc\" >Saint Lucia<\/option><option value=\"mf\" >Saint Martin (French part)<\/option><option value=\"sx\" >Saint Martin (Dutch part)<\/option><option value=\"pm\" >Saint Pierre and Miquelon<\/option><option value=\"vc\" >Saint Vincent and the Grenadines<\/option><option value=\"sm\" >San Marino<\/option><option value=\"st\" >S&atilde;o Tom&eacute; and Pr&iacute;ncipe<\/option><option value=\"sa\" >Saudi Arabia<\/option><option value=\"sn\" >Senegal<\/option><option value=\"rs\" >Serbia<\/option><option value=\"sc\" >Seychelles<\/option><option value=\"sl\" >Sierra Leone<\/option><option value=\"sg\" >Singapore<\/option><option value=\"sk\" >Slovakia<\/option><option value=\"si\" >Slovenia<\/option><option value=\"sb\" >Solomon Islands<\/option><option value=\"so\" >Somalia<\/option><option value=\"za\" >South Africa<\/option><option value=\"gs\" >South Georgia\/Sandwich Islands<\/option><option value=\"kr\" >South Korea<\/option><option value=\"ss\" >South Sudan<\/option><option value=\"es\" >Spain<\/option><option value=\"lk\" >Sri Lanka<\/option><option value=\"sd\" >Sudan<\/option><option value=\"sr\" >Suriname<\/option><option value=\"sj\" >Svalbard and Jan Mayen<\/option><option value=\"sz\" >Swaziland<\/option><option value=\"se\" >Sweden<\/option><option value=\"ch\" >Switzerland<\/option><option value=\"sy\" >Syria<\/option><option value=\"tw\" >Taiwan<\/option><option value=\"tj\" >Tajikistan<\/option><option value=\"tz\" >Tanzania<\/option><option value=\"th\" >Thailand<\/option><option value=\"tl\" >Timor-Leste<\/option><option value=\"tg\" >Togo<\/option><option value=\"tk\" >Tokelau<\/option><option value=\"to\" >Tonga<\/option><option value=\"tt\" >Trinidad and Tobago<\/option><option value=\"tn\" >Tunisia<\/option><option value=\"tr\" >Turkey<\/option><option value=\"tm\" >Turkmenistan<\/option><option value=\"tc\" >Turks and Caicos Islands<\/option><option value=\"tv\" >Tuvalu<\/option><option value=\"ug\" >Uganda<\/option><option value=\"ua\" >Ukraine<\/option><option value=\"ae\" >United Arab Emirates<\/option><option value=\"gb\" >United Kingdom (UK)<\/option><option value=\"us\" >United States (US)<\/option><option value=\"um\" >United States (US) Minor Outlying Islands<\/option><option value=\"vi\" >United States (US) Virgin Islands<\/option><option value=\"uy\" >Uruguay<\/option><option value=\"uz\" >Uzbekistan<\/option><option value=\"vu\" >Vanuatu<\/option><option value=\"va\" >Vatican<\/option><option value=\"ve\" >Venezuela<\/option><option value=\"vn\" >Vietnam<\/option><option value=\"wf\" >Wallis and Futuna<\/option><option value=\"eh\" >Western Sahara<\/option><option value=\"ws\" >Samoa<\/option><option value=\"ye\" >Yemen<\/option><option value=\"zm\" >Zambia<\/option><option value=\"zw\" >Zimbabwe<\/option><\/select><ul id=\"uap_countries_list_ul\" class=\"uap-display-none\"><\/ul><span class=\"uap-js-select2-data\" data-label=\"Select Your Country\" data-selector=\"#uap_uap_country_field\" ><\/span><\/div>\r\n\t\t\t\r\n\t\t\t\t\r\n\t\t\t\t\t<div class=\"uap-form-line-register uap-form-upload_image\" id=\"uap_reg_upload_image_2534\"><label class=\"uap-labels-register\">Avatar<\/label>\r\r\n\r\n\r\n\r\n\r\n\r\n\r\n<span class=\"uap-js-public-upload-image-data\"\r\r\ndata-trigger_id=\"js_uap_trigger_avatar4791\"\r\r\ndata-name=\"uap_avatar\"\r\r\ndata-button_label=\"Upload\"\r\r\ndata-save_image_target=\"https:\/\/biosaltpearls.com\/wp-admin\/admin-ajax.php?action=uap_ajax_public_upload&#038;publicn=3718f15c2d\"\r\r\ndata-crop_image_target=\"https:\/\/biosaltpearls.com\/wp-admin\/admin-ajax.php?action=uap_ajax_public_upload&#038;publicn=3718f15c2d\"\r\r\ndata-remove_selector=\"#uap_upload_image_remove_bttn_4791\"\r\r\n><\/span>\r\r\n\r\r\n\r\r\n<div class=\"uap-upload-image-wrapper\">\r\r\n\r\r\n    <div class=\"uap-upload-image-wrapp\" >\r\r\n        \r\n            \r\n                <div class=\"uap-no-avatar uap-member-photo\"><\/div>\r\r\n            \r\n        \r\n        <div class=\"uap-clear\"><\/div>\r\r\n    <\/div>\r\r\n    <div class=\"uap-content-left\">\r\r\n    \t<div class=\"uap-avatar-trigger\" id=\"js_uap_trigger_avatar4791\" >\r\r\n        \t<div id=\"uap-avatar-button\" class=\"uap-upload-avatar\">Upload<\/div>\r\r\n        <\/div>\r\r\n        <span  class=\"uap-upload-image-remove-bttn uap-visibility-hidden\" id=\"uap_upload_image_remove_bttn_4791\">Remove<\/span>\r\r\n    <\/div>\r\r\n    <input type=\"hidden\" value=\"\" name=\"uap_avatar\" id=\"uap_upload_hidden_4791\" data-new_user=\"1\" \/>\r\r\n\r\r\n    \r\n<\/div>\r\r\n<\/div>\r\n\t\t\t\r\n\t\t\t\t\r\n\t\t\t\t\t<div class=\"uap-tos-wrap\" id=\"uap_tos_field_parent_279\"><input type=\"checkbox\" value=\"1\" name=\"tos\" class=\"\" \/><a href=\"https:\/\/biosaltpearls.com\/affiliate-tos-page\/\" target=\"_blank\">Estoy de acuerdo con la informaci\u00f3n b\u00e1sica de protecci\u00f3n de datos puesta a mi disposici\u00f3n, con los T\u00e9rminos y Condiciones del Programa de Afiliados y con las Condiciones Generales de Contrataci\u00f3n, aceptando todas sin reservas<\/a><\/div>\r\n\t\t\t\r\n\t\t\t\t\r\n\t\t\t\t\r\n\t\t\t\t\r\n\t\t\r\n\t\t\r\n\t\t\r\n\t\t\r\n\t\t\t\r\n\t\t\t\t<input type='hidden' name='uap_user_add_edit_nonce' value='da88b75490' \/>\r\n\t\t\t\r\n\t\t\t\t<input type=\"hidden\" name=\"uapaction\" id=\"uap_uapaction_field\" class=\"uap-form-element uap-form-element-hidden \" value=\"register\"  \/>\r\n\t\t\t\r\n\t\t\r\n\r\r\n\t\t\r\n\r\r\n\t\t\r\n\r\r\n\t\t<div class=\"uap-submit-form\">\r\r\n\t\t\t<input type=\"submit\" value=\"Register\" name=\"Submit\" id=\"uap_submit_bttn\" class=\"uap-form-element uap-form-element-submit \"   \/>\r\n\t\t<\/div>\r\r\n\r\r\n        \r\n\r\r\n\t\t\r\n\r\r\n\t\t\r\n\r\r\n\t<\/form>\r\r\n<\/div>\r\r\n\r\r\n\r\n\t\r\n\r\n<div class=\"uap-public-trial-version\">\r\r\n\tThis is a Trial Version of  <strong><a href=\"https:\/\/ultimateaffiliate.pro\/\" target=\"_blank\">Ultimate Affiliate Pro<\/a><\/strong> plugin. Please add your Code into Licensing section to enable the Full Ultimate Affiliate Pro Version.\r\n<\/div>\r\r\n\n","protected":false},"excerpt":{"rendered":"<p>Nehmen Sie an unserem Partnerprogramm teil und verdienen Sie eine Provision f\u00fcr jeden Verkauf \u00fcber Ihren pers\u00f6nlichen Partnerlink. Melden Sie<\/p>\n","protected":false},"author":1,"featured_media":0,"parent":0,"menu_order":0,"comment_status":"closed","ping_status":"closed","template":"","meta":{"footnotes":""},"class_list":["post-13355","page","type-page","status-publish","hentry"],"yoast_head":"<!-- This site is optimized with the Yoast SEO plugin v27.4 - https:\/\/yoast.com\/product\/yoast-seo-wordpress\/ -->\n<title>Werden Sie ein Partner - BioSalt Nortem Pearls<\/title>\n<meta name=\"robots\" content=\"index, follow, max-snippet:-1, max-image-preview:large, max-video-preview:-1\" \/>\n<link rel=\"canonical\" href=\"https:\/\/biosaltpearls.com\/de\/werden-sie-ein-partner\/\" \/>\n<meta property=\"og:locale\" content=\"de_DE\" \/>\n<meta property=\"og:type\" content=\"article\" \/>\n<meta property=\"og:title\" content=\"Werden Sie ein Partner - BioSalt Nortem Pearls\" \/>\n<meta property=\"og:description\" content=\"Nehmen Sie an unserem Partnerprogramm teil und verdienen Sie eine Provision f\u00fcr jeden Verkauf \u00fcber Ihren pers\u00f6nlichen Partnerlink. Melden Sie\" \/>\n<meta property=\"og:url\" content=\"https:\/\/biosaltpearls.com\/de\/werden-sie-ein-partner\/\" \/>\n<meta property=\"og:site_name\" content=\"BioSalt Nortem Pearls\" \/>\n<meta name=\"twitter:card\" content=\"summary_large_image\" \/>\n<script type=\"application\/ld+json\" class=\"yoast-schema-graph\">{\"@context\":\"https:\\\/\\\/schema.org\",\"@graph\":[{\"@type\":\"WebPage\",\"@id\":\"https:\\\/\\\/biosaltpearls.com\\\/de\\\/werden-sie-ein-partner\\\/\",\"url\":\"https:\\\/\\\/biosaltpearls.com\\\/de\\\/werden-sie-ein-partner\\\/\",\"name\":\"Werden Sie ein Partner - BioSalt Nortem Pearls\",\"isPartOf\":{\"@id\":\"https:\\\/\\\/biosaltpearls.com\\\/de\\\/#website\"},\"datePublished\":\"2022-09-08T10:56:06+00:00\",\"breadcrumb\":{\"@id\":\"https:\\\/\\\/biosaltpearls.com\\\/de\\\/werden-sie-ein-partner\\\/#breadcrumb\"},\"inLanguage\":\"de\",\"potentialAction\":[{\"@type\":\"ReadAction\",\"target\":[\"https:\\\/\\\/biosaltpearls.com\\\/de\\\/werden-sie-ein-partner\\\/\"]}]},{\"@type\":\"BreadcrumbList\",\"@id\":\"https:\\\/\\\/biosaltpearls.com\\\/de\\\/werden-sie-ein-partner\\\/#breadcrumb\",\"itemListElement\":[{\"@type\":\"ListItem\",\"position\":1,\"name\":\"Inicio\",\"item\":\"https:\\\/\\\/biosaltpearls.com\\\/de\\\/natives-bio-meersalz-biosalz-perlen\\\/\"},{\"@type\":\"ListItem\",\"position\":2,\"name\":\"Werden Sie ein Partner\"}]},{\"@type\":\"WebSite\",\"@id\":\"https:\\\/\\\/biosaltpearls.com\\\/de\\\/#website\",\"url\":\"https:\\\/\\\/biosaltpearls.com\\\/de\\\/\",\"name\":\"BioSalt Nortem Pearls\",\"description\":\"Perlas de Sal Marina Virgen Ecol\u00f3gica\",\"publisher\":{\"@id\":\"https:\\\/\\\/biosaltpearls.com\\\/de\\\/#organization\"},\"potentialAction\":[{\"@type\":\"SearchAction\",\"target\":{\"@type\":\"EntryPoint\",\"urlTemplate\":\"https:\\\/\\\/biosaltpearls.com\\\/de\\\/?s={search_term_string}\"},\"query-input\":{\"@type\":\"PropertyValueSpecification\",\"valueRequired\":true,\"valueName\":\"search_term_string\"}}],\"inLanguage\":\"de\"},{\"@type\":\"Organization\",\"@id\":\"https:\\\/\\\/biosaltpearls.com\\\/de\\\/#organization\",\"name\":\"BioSalt Pearls\",\"url\":\"https:\\\/\\\/biosaltpearls.com\\\/de\\\/\",\"logo\":{\"@type\":\"ImageObject\",\"inLanguage\":\"de\",\"@id\":\"https:\\\/\\\/biosaltpearls.com\\\/de\\\/#\\\/schema\\\/logo\\\/image\\\/\",\"url\":\"https:\\\/\\\/biosaltpearls.com\\\/wp-content\\\/uploads\\\/2022\\\/11\\\/biosalt-perlas-sal-marina-virgen-natural-ecologica.jpg\",\"contentUrl\":\"https:\\\/\\\/biosaltpearls.com\\\/wp-content\\\/uploads\\\/2022\\\/11\\\/biosalt-perlas-sal-marina-virgen-natural-ecologica.jpg\",\"width\":1000,\"height\":1000,\"caption\":\"BioSalt Pearls\"},\"image\":{\"@id\":\"https:\\\/\\\/biosaltpearls.com\\\/de\\\/#\\\/schema\\\/logo\\\/image\\\/\"},\"sameAs\":[\"https:\\\/\\\/instagram.com\\\/biosalt\"]}]}<\/script>\n<!-- \/ Yoast SEO plugin. -->","yoast_head_json":{"title":"Werden Sie ein Partner - BioSalt Nortem Pearls","robots":{"index":"index","follow":"follow","max-snippet":"max-snippet:-1","max-image-preview":"max-image-preview:large","max-video-preview":"max-video-preview:-1"},"canonical":"https:\/\/biosaltpearls.com\/de\/werden-sie-ein-partner\/","og_locale":"de_DE","og_type":"article","og_title":"Werden Sie ein Partner - BioSalt Nortem Pearls","og_description":"Nehmen Sie an unserem Partnerprogramm teil und verdienen Sie eine Provision f\u00fcr jeden Verkauf \u00fcber Ihren pers\u00f6nlichen Partnerlink. Melden Sie","og_url":"https:\/\/biosaltpearls.com\/de\/werden-sie-ein-partner\/","og_site_name":"BioSalt Nortem Pearls","twitter_card":"summary_large_image","schema":{"@context":"https:\/\/schema.org","@graph":[{"@type":"WebPage","@id":"https:\/\/biosaltpearls.com\/de\/werden-sie-ein-partner\/","url":"https:\/\/biosaltpearls.com\/de\/werden-sie-ein-partner\/","name":"Werden Sie ein Partner - BioSalt Nortem Pearls","isPartOf":{"@id":"https:\/\/biosaltpearls.com\/de\/#website"},"datePublished":"2022-09-08T10:56:06+00:00","breadcrumb":{"@id":"https:\/\/biosaltpearls.com\/de\/werden-sie-ein-partner\/#breadcrumb"},"inLanguage":"de","potentialAction":[{"@type":"ReadAction","target":["https:\/\/biosaltpearls.com\/de\/werden-sie-ein-partner\/"]}]},{"@type":"BreadcrumbList","@id":"https:\/\/biosaltpearls.com\/de\/werden-sie-ein-partner\/#breadcrumb","itemListElement":[{"@type":"ListItem","position":1,"name":"Inicio","item":"https:\/\/biosaltpearls.com\/de\/natives-bio-meersalz-biosalz-perlen\/"},{"@type":"ListItem","position":2,"name":"Werden Sie ein Partner"}]},{"@type":"WebSite","@id":"https:\/\/biosaltpearls.com\/de\/#website","url":"https:\/\/biosaltpearls.com\/de\/","name":"BioSalt Nortem Pearls","description":"Perlas de Sal Marina Virgen Ecol\u00f3gica","publisher":{"@id":"https:\/\/biosaltpearls.com\/de\/#organization"},"potentialAction":[{"@type":"SearchAction","target":{"@type":"EntryPoint","urlTemplate":"https:\/\/biosaltpearls.com\/de\/?s={search_term_string}"},"query-input":{"@type":"PropertyValueSpecification","valueRequired":true,"valueName":"search_term_string"}}],"inLanguage":"de"},{"@type":"Organization","@id":"https:\/\/biosaltpearls.com\/de\/#organization","name":"BioSalt Pearls","url":"https:\/\/biosaltpearls.com\/de\/","logo":{"@type":"ImageObject","inLanguage":"de","@id":"https:\/\/biosaltpearls.com\/de\/#\/schema\/logo\/image\/","url":"https:\/\/biosaltpearls.com\/wp-content\/uploads\/2022\/11\/biosalt-perlas-sal-marina-virgen-natural-ecologica.jpg","contentUrl":"https:\/\/biosaltpearls.com\/wp-content\/uploads\/2022\/11\/biosalt-perlas-sal-marina-virgen-natural-ecologica.jpg","width":1000,"height":1000,"caption":"BioSalt Pearls"},"image":{"@id":"https:\/\/biosaltpearls.com\/de\/#\/schema\/logo\/image\/"},"sameAs":["https:\/\/instagram.com\/biosalt"]}]}},"_links":{"self":[{"href":"https:\/\/biosaltpearls.com\/de\/wp-json\/wp\/v2\/pages\/13355","targetHints":{"allow":["GET"]}}],"collection":[{"href":"https:\/\/biosaltpearls.com\/de\/wp-json\/wp\/v2\/pages"}],"about":[{"href":"https:\/\/biosaltpearls.com\/de\/wp-json\/wp\/v2\/types\/page"}],"author":[{"embeddable":true,"href":"https:\/\/biosaltpearls.com\/de\/wp-json\/wp\/v2\/users\/1"}],"replies":[{"embeddable":true,"href":"https:\/\/biosaltpearls.com\/de\/wp-json\/wp\/v2\/comments?post=13355"}],"version-history":[{"count":0,"href":"https:\/\/biosaltpearls.com\/de\/wp-json\/wp\/v2\/pages\/13355\/revisions"}],"wp:attachment":[{"href":"https:\/\/biosaltpearls.com\/de\/wp-json\/wp\/v2\/media?parent=13355"}],"curies":[{"name":"wp","href":"https:\/\/api.w.org\/{rel}","templated":true}]}}